{"id":736,"date":"2022-05-12T09:24:29","date_gmt":"2022-05-12T07:24:29","guid":{"rendered":"https:\/\/ateliersdefred.fr\/?page_id=736"},"modified":"2022-05-12T09:24:31","modified_gmt":"2022-05-12T07:24:31","slug":"le-chemin-de-vie","status":"publish","type":"page","link":"https:\/\/ateliersdefred.fr\/?page_id=736","title":{"rendered":"Le chemin de vie"},"content":{"rendered":"\n<p>Un bracelet chemin de vie n\u2019a pas qu\u2019une signification, mais plusieurs. En effet, c\u2019est un bracelet UNIQUE , port\u00e9 par une seule personne .<\/p>\n\n\n\n<p>il ne peut etre pr\u00eat\u00e9 ou donn\u00e9 car les effets seront annul\u00e9s si cette personne n\u2019est pas celle a qui correspond le calcul &nbsp;!<\/p>\n\n\n\n<p>Le&nbsp;<strong>bracelet chemin de vie<\/strong>&nbsp;est cr\u00e9\u00e9 sur mesure pour la femme ou l\u2019homme qui voudra &nbsp;le porter, gr\u00e2ce \u00e0 l\u2019\u00e9tude de sa num\u00e9rologie.<\/p>\n\n\n\n<p>IL &nbsp;fait ressortir notre individualit\u00e9, car nous sommes &nbsp;tous des personnes uniques. Les perles en pierre semi pr\u00e9cieuses &nbsp;qui le composent ont \u00e9t\u00e9 choisies sp\u00e9cialement pour le porteur, en fonction des chiffres qui jalonnent son identit\u00e9.<\/p>\n\n\n\n<p>Notre date de naissance , nos pr\u00e9noms et noms de famille participent \u00e0 la cr\u00e9ation de notre personnalit\u00e9.<\/p>\n\n\n\n<p>Les bracelets chemin de vie vous permettent de mieux comprendre cette ligne directrice et vous aidera pour mieux vous guider vers le sens et la mission qui vous a \u00e9t\u00e9 assign\u00e9e \u00e0 la naissance par votre descendance &nbsp;et les plan\u00e8tes.<\/p>\n\n\n\n<p>C\u2019est une m\u00e9thode parmi d\u2019autres pour mieux comprendre sa mission de vie.<\/p>\n\n\n\n<p>&nbsp;Bracelet hautement spirituel, il met \u00e0 votre service toutes les pierres et les \u00e9nergies qui vous portent. Le bracelet chemin de vie est compos\u00e9 de 8 pierres qui ont chacune une signification et une propri\u00e9t\u00e9.<\/p>\n\n\n\n<p>Chaque pierre correspond \u00e0 un aspect de votre vie et de votre personne. La pierre qui y est associ\u00e9e aura un impact sur cet aspect en particulier. La somme de tous les min\u00e9raux et la vibration de ceux ci vous permettra d\u2019avancer de fa\u00e7on plus sereine et intuitive en fluidifiant vos \u00e9nergies et vos \u00e9motions.<\/p>\n\n\n\n<p>Quels sont ses principaux bienfaits ?<\/p>\n\n\n\n<p>Le bracelet va impacter positivement \u00e0 la fois le corps et l\u2019esprit. Il agira telle une boussole qui vous indiquera le bon cap \u00e0 suivre sans m\u00eame que vous en rendiez compte. Jour apr\u00e8s jour, vous deviendrez une meilleure personne. Ce ph\u00e9nom\u00e8ne se mat\u00e9rialisera au quotidien par des changements aussi subtils qu\u2019importants.<\/p>\n\n\n\n<p>Vous ressentirez tout d\u2019abord une diminution puis une disparition totale des douleurs physiques qui assaillaient auparavant votre corps. Un peu plus tard, vous vous apercevrez que vous avez de plus en plus de facilit\u00e9 \u00e0 ma\u00eetriser vos \u00e9motions, votre caract\u00e8re et votre humeur. Tout ceci participera \u00e0 la r\u00e9alisation des objectifs que vous \u00eates fix\u00e9s dans votre vie. Ne commettez toutefois pas l\u2019erreur de vous montrer trop impatient ! En effet, bon nombre de personnes estime, qu\u2019\u00e0 peine le bracelet enfil\u00e9, leur existence doit changer du tout au tout. Ce n\u2019est \u00e9videmment pas ainsi que se d\u00e9roule le processus.<\/p>\n\n\n\n<p>N\u2019oubliez jamais que ce bracelet d\u00e9cidera seul du bon moment pour passer r\u00e9ellement \u00e0 l\u2019action.Le bracelet reste prioritairement conseill\u00e9 aux personnes d\u00e9sireuses de mieux appr\u00e9hender ce qui les attend dans le futur. Faire le choix de le porter est lourd de signification. Cela laisse ainsi penser que vous souhaitez reprendre en main le cours de votre vie, que vous cherchez \u00e0 suivre votre destin\u00e9e.<\/p>\n\n\n\n<h2 class=\"wp-block-heading\">Les 8 pierres<\/h2>\n\n\n\n<h4 class=\"wp-block-heading\">Chaque bracelet se compose d\u2019un m\u00eame nombre de pierres, \u00e0 savoir huit.<\/h4>\n\n\n\n<h4 class=\"wp-block-heading\">Chacune d\u2019entre elle a une position bien d\u00e9finie et poss\u00e8de un qualificatif qui lui est propre. On retrouve ainsi :&nbsp;<\/h4>\n\n\n\n<h4 class=\"wp-block-heading\">La Pierre de Base<\/h4>\n\n\n\n<ul class=\"wp-block-list\"><li>La pierre de base symbolise les racines du porteur du bracelet. Elle se calcule en additionnant les premi\u00e8res lettres du nom et du pr\u00e9nom.<\/li><\/ul>\n\n\n\n<h4 class=\"wp-block-heading\">La premi\u00e8re pierre du bracelet chemin de vie est&nbsp;la pierre de base. Cette pierre repr\u00e9sente nos racines, notre ancrage dans le monde. Il permet de stabiliser nos \u00e9motions, d\u2019\u00e9quilibrer nos chakras et d\u2019avancer en toute s\u00e9r\u00e9nit\u00e9 et avec confiance. La pierre de base repr\u00e9sente le socle, les fondations de notre vie. Celles-ci doivent \u00eatre bien solides pour que nous ne nous \u00e9garions pas sur notre chemin. Pour trouver votre pierre de base, il faut calculer la somme des premi\u00e8res lettres de vos pr\u00e9noms et noms.<\/h4>\n\n\n\n<h4 class=\"wp-block-heading\">La Pierre de Sommet<\/h4>\n\n\n\n<ul class=\"wp-block-list\"><li>La pierre de sommet se r\u00e9f\u00e8re \u00e0 la r\u00e9alisation spirituelle et se d\u00e9finit en ajoutant les derni\u00e8res lettres du nom et du pr\u00e9nom.<\/li><\/ul>\n\n\n\n<h4 class=\"wp-block-heading\">La pierre de sommet&nbsp;repr\u00e9sente la pierre de l\u2019\u00e9l\u00e9vation spirituelle. C\u2019est la pierre li\u00e9e au 7e&nbsp;chakra. Elle r\u00e9sonne avec les buts que l\u2019on se fixe et notre id\u00e9al de vie. Pour trouver votre pierre de sommet, calculez la somme des derni\u00e8res lettres de vos pr\u00e9noms et noms.<\/h4>\n\n\n\n<h4 class=\"wp-block-heading\">La Pierre Chemin de Vie<\/h4>\n\n\n\n<ul class=\"wp-block-list\"><li>La pierre du&nbsp;chemin de vie&nbsp;d\u00e9veloppe l\u2019intuition et aide \u00e0 surmonter les peurs. Elle se d\u00e9finit en fonction de la date de naissance.<\/li><\/ul>\n\n\n\n<h4 class=\"wp-block-heading\">La pierre chemin de vie&nbsp;est la pierre qui fait le lien entre la base et le sommet. Elle repr\u00e9sente le chemin \u00e0 parcourir pour atteindre le sommet. C\u2019est la pierre qui permet de d\u00e9passer les peurs, de lever les blocages. C\u2019est aussi la pierre de l\u2019intuition qui nous guide tout au long de notre vie. La pierre de chemin de vie se calcule gr\u00e2ce \u00e0 la somme de votre date de naissance.<\/h4>\n\n\n\n<h4 class=\"wp-block-heading\">La Pierre d&rsquo;Appel<\/h4>\n\n\n\n<ul class=\"wp-block-list\"><li>La pierre d\u2019appel permet de faire ressortir tout ce qui a \u00e9t\u00e9 enfoui \u00e0 l\u2019int\u00e9rieur. Il s\u2019agit d\u2019une v\u00e9ritable lib\u00e9ration. Vous la d\u00e9terminerez \u00e0 l\u2019aide des voyelles qui composent votre nom et votre pr\u00e9nom.<\/li><\/ul>\n\n\n\n<h4 class=\"wp-block-heading\">La pierre d\u2019appel&nbsp;permet de faire ressortir les \u00e9motions profondes pour pouvoir mieux en prendre conscience. C\u2019est la pierre des peurs cach\u00e9es, des d\u00e9sirs enfouis et des blessures profondes. Au fur et \u00e0 mesure de notre vie, cette pierre va permettre de faire remonter \u00e0 la surface ces \u00e9motions et \u00e9nergies n\u00e9gatives pour pouvoir s\u2019en lib\u00e9rer. Elle permet de d\u00e9nouer les n\u0153uds sur le chemin. La pierre d\u2019appel se calcule gr\u00e2ce \u00e0 la somme des voyelles de vos pr\u00e9noms et noms.<\/h4>\n\n\n\n<h4 class=\"wp-block-heading\">La Pierre de Personnalit\u00e9<\/h4>\n\n\n\n<ul class=\"wp-block-list\"><li>La pierre de personnalit\u00e9 symbolise le mental et a une action favorable sur son contr\u00f4le. Vous trouverez celle qui vous correspond en additionnant les consonnes figurant dans votre pr\u00e9nom et votre nom.<\/li><\/ul>\n\n\n\n<h4 class=\"wp-block-heading\">La pierre de personnalit\u00e9&nbsp;est la pierre du mental. Elle permet d\u2019apaiser l\u2019\u00e9go et l\u2019esprit et aide \u00e0 surmonter les difficult\u00e9s. C\u2019est la pierre de l\u2019intelligence, de l\u2019expression, mais aussi de la dualit\u00e9. La pierre de personnalit\u00e9 fait ressortir notre aspect f\u00e9minin et masculin et nous aide \u00e0 vivre en harmonie avec eux. Pour trouver votre pierre de personnalit\u00e9, calculez la somme des consonnes de vos pr\u00e9noms et noms.<\/h4>\n\n\n\n<h4 class=\"wp-block-heading\">La Pierre d\u2019Expression<\/h4>\n\n\n\n<ul class=\"wp-block-list\"><li>La pierre d\u2019expression favorise la communication et les rapports aux autres. Vous la choisirez en fonction de la pierre d\u2019appel et la pierre de personnalit\u00e9. &nbsp; &nbsp; &nbsp; &nbsp; &nbsp; &nbsp; &nbsp; &nbsp; &nbsp; &nbsp; &nbsp; &nbsp; &nbsp; &nbsp; &nbsp; &nbsp; &nbsp; &nbsp; &nbsp; &nbsp; &nbsp; &nbsp; &nbsp; &nbsp; &nbsp; &nbsp; &nbsp; &nbsp; &nbsp;<\/li><li>&nbsp;La pierre d\u2019expression&nbsp;est la pierre de la communication. Li\u00e9e au chakra de la gorge, elle favorise la communication et nous permet ainsi de prendre notre place dans la soci\u00e9t\u00e9 et le monde. C\u2019est la pierre qui nous permet de nous affirmer, d\u2019entrer en contact avec les autres et de prendre confiance. C\u2019est aussi la pierre qui apaise nos relations avec les autres. Le calcul de la pierre d\u2019expression se fait gr\u00e2ce \u00e0 la somme des r\u00e9sultats (non r\u00e9duits) de la pierre d\u2019Appel et de la pierre de personnalit\u00e9. Si n\u00e9cessaire, r\u00e9duisez le nombre obtenu pour qu\u2019il soit \u00e9gal ou inf\u00e9rieur \u00e0 33.<\/li><\/ul>\n\n\n\n<h4 class=\"wp-block-heading\">La Pierre de Touche<\/h4>\n\n\n\n<ul class=\"wp-block-list\"><li>La pierre de touche, toujours \u00e0 vos c\u00f4t\u00e9s, va vous faire gagner en lucidit\u00e9. Elle se d\u00e9termine en sommant tous les nombres (non r\u00e9duits) des autres pierres except\u00e9e celle faisant r\u00e9f\u00e9rence au chemin de vie.<\/li><\/ul>\n\n\n\n<h4 class=\"wp-block-heading\">La pierre de touche&nbsp;est la pierre des difficult\u00e9s. Elle apporte la lucidit\u00e9 et la clairvoyance n\u00e9cessaires pour prendre des d\u00e9cisions justes et les int\u00e9grer. Les processus de transformations sont souvent longs et douloureux, la pierre de touche permet de rendre le travail plus doux. Pour trouver votre pierre de touche, additionnez tous les nombres non r\u00e9duits des autres pierres, sauf celui de la pierre de chemin de vie). R\u00e9duisez ensuite le nombre obtenu.<\/h4>\n\n\n\n<h4 class=\"wp-block-heading\">La Pierre de Voeux<\/h4>\n\n\n\n<ul class=\"wp-block-list\"><li>Enfin , La pierre de v\u0153ux symbolise la sensibilit\u00e9 de chacun. Comme la pr\u00e9c\u00e9dente, elle se d\u00e9duit \u00e9galement \u00e0 partir des nombres non r\u00e9duits des autres pierres<\/li><\/ul>\n\n\n\n<p>La sensibilit\u00e9 int\u00e9rieure , des \u00e9motions de l\u2019\u00eatre . C\u2019est la pierre des aspirations et de l\u2019amour qui nous habite&nbsp;Pour calculer votre pierre de v\u0153ux , il faut additionner toutes les premi\u00e8res voyelles de vos noms et pr\u00e9noms .&nbsp;<\/p>\n\n\n\n<ul class=\"wp-block-list\"><li>Pour conclure,&nbsp;le bracelet de chemin de vie&nbsp;est un guide sur mesure qui vous permet de vous orienter sur les chemins sinueux de la Vie. En ayant une influence sur les points essentiels de votre personnalit\u00e9 et de votre destin\u00e9e, les&nbsp;min\u00e9raux du&nbsp;BRACELET CHEMIN DE VIE&nbsp;&nbsp;vous aident \u00e0 trouver les bonnes r\u00e9ponses et \u00e0 d\u00e9passer les blocages pour \u00eatre dans une \u00e9volution permanente. En travaillant sur votre mental, vos \u00e9motions, votre sensibilit\u00e9 et votre intuition, la signification de chaque pierre entre en r\u00e9sonance avec votre nature profonde.&nbsp;<\/li><\/ul>\n\n\n\n<h4 class=\"wp-block-heading\"><\/h4>\n\n\n\n<h4 class=\"wp-block-heading\"><\/h4>\n\n\n\n<p>\u2014\u2014\u2014\u2014\u2014\u2014\u2014\u2014\u2014\u2014\u2014\u2014\u2014\u2014\u2014\u2014\u2014\u2014\u2014\u2014\u2014\u2014\u2014\u2014\u2014\u2014\u2014\u2014<\/p>\n\n\n\n<h1 class=\"wp-block-heading\">COMMENT RECHARGER VOS PIERRES EN ENERGIE&nbsp;<\/h1>\n\n\n\n<p>D\u00e8s la pocession d&rsquo;une nouvelle pierre,&nbsp;<br>cette derniere doit \u00eatre imp\u00e9rativement purifi\u00e9e pour \u00e9vacuer toutes les influences dont elle s&rsquo;est charg\u00e9e depuis son extraction jusqu&rsquo;\u00e0 ce qu&rsquo;elle arrive entre vos mains.<br>En effet, la pierre a \u00e9t\u00e9 manipul\u00e9e par de nombreuses personnes, plac\u00e9e dans divers endroits et a emmagasin\u00e9e une multitudes d&rsquo;\u00e9nergies.<br>Il convient de la d\u00e9charger de ces derni\u00e8res et de la recharger de ses \u00e9nergies initiales.<\/p>\n\n\n\n<p>Il existe diff\u00e9rentes mani\u00e8res de recharger ( nettoyer ) &nbsp;les pierres : vous pouvez effectuer l&rsquo;UNE des op\u00e9rations suivantes :<\/p>\n\n\n\n<ul class=\"wp-block-list\"><li><\/li><li>&#8211; ENTERREZ LES DANS LA TERRE UNE NUIT DANS UN SAC ORGANZA par exemple pour pas que la pierre se salisse trop et r\u00e9cup\u00e9 la le lendemain ou<\/li><li>&#8211; PENDANT UNE SEMAINE et Retourner vos cristaux et pierres \u00e0 la terre leur permet de se nettoyer et de se recharger avec la vibration de la terre.<\/li><li>&#8211; LAVEZ LES AVEC DE L EAU SALEE : le sel purifie et absorbe l\u2019\u00e9nergie n\u00e9gative. Attention&nbsp;! Certains cristaux se d\u00e9sint\u00e8grent quand ils sont mouill\u00e9s. Les pierres courantes qui ne peuvent pas \u00eatre mouill\u00e9es comprennent : ambre, turquoise, corail rouge, opale de feu, pierre de lune, calcite, cyanite, kunzite, ang\u00e9lite, azurite et s\u00e9l\u00e9nite. les pierres qui se terminent par \u00ab&nbsp;ite&nbsp;\u00bb ne sont pas favorables \u00e0 l\u2019eau, selon la lithoth\u00e9rapie pour les nuls.<\/li><li>&#8211; LAISSEZ LES CRISTAUX DEHORS &nbsp;sous la lumi\u00e8re de la lune pendant au moins 24 heures. L\u2019\u00e9nergie lunaire aide \u00e0 nettoyer et \u00e0 charger les pierres, et la lumi\u00e8re de la lune est la plus brillante et la plus \u00e9nergique pendant la pleine lune.<\/li><li>&#8211; ESSUYEZ LES &nbsp;avec un chiffon doux et de l\u2019alcool isopropylique pour enlever les empreintes digitales et d\u00e9sinfecter. Br\u00fbler la sauge et passer la pierre \u00e0 travers la fum\u00e9e parce qu\u2019elle est purifiante.<\/li><\/ul>\n\n\n\n<p>Pourquoi recharger les min\u00e9raux ?<br><br>La pierre en diffusant ses vertus se vide peu \u00e0 peu de ses \u00e9nergies et devient moins efficace.<br>Il convient de la recharger r\u00e9guli\u00e8rement pour lui redonner force et vigueur.<\/p>\n","protected":false},"excerpt":{"rendered":"<p>Un bracelet chemin de vie n\u2019a pas qu\u2019une signification, mais plusieurs. En effet, c\u2019est un bracelet UNIQUE , port\u00e9 par une seule personne . il ne peut etre pr\u00eat\u00e9 ou donn\u00e9 car les effets seront annul\u00e9s si cette personne n\u2019est pas celle a qui correspond le calcul &nbsp;! Le&nbsp;bracelet chemin de vie&nbsp;est cr\u00e9\u00e9 sur mesure <a class=\"read-more\" href=\"https:\/\/ateliersdefred.fr\/?page_id=736\">READ MORE<\/a><\/p>\n","protected":false},"author":2,"featured_media":0,"parent":0,"menu_order":0,"comment_status":"closed","ping_status":"closed","template":"","meta":{"footnotes":""},"class_list":["post-736","page","type-page","status-publish","hentry"],"jetpack-related-posts":[],"jetpack_sharing_enabled":true,"_links":{"self":[{"href":"https:\/\/ateliersdefred.fr\/index.php?rest_route=\/wp\/v2\/pages\/736","targetHints":{"allow":["GET"]}}],"collection":[{"href":"https:\/\/ateliersdefred.fr\/index.php?rest_route=\/wp\/v2\/pages"}],"about":[{"href":"https:\/\/ateliersdefred.fr\/index.php?rest_route=\/wp\/v2\/types\/page"}],"author":[{"embeddable":true,"href":"https:\/\/ateliersdefred.fr\/index.php?rest_route=\/wp\/v2\/users\/2"}],"replies":[{"embeddable":true,"href":"https:\/\/ateliersdefred.fr\/index.php?rest_route=%2Fwp%2Fv2%2Fcomments&post=736"}],"version-history":[{"count":0,"href":"https:\/\/ateliersdefred.fr\/index.php?rest_route=\/wp\/v2\/pages\/736\/revisions"}],"wp:attachment":[{"href":"https:\/\/ateliersdefred.fr\/index.php?rest_route=%2Fwp%2Fv2%2Fmedia&parent=736"}],"curies":[{"name":"wp","href":"https:\/\/api.w.org\/{rel}","templated":true}]}}