{"id":1059,"date":"2022-10-21T02:00:37","date_gmt":"2022-10-21T00:00:37","guid":{"rendered":"https:\/\/ateliersdefred.fr\/?post_type=product&#038;p=1059"},"modified":"2023-07-19T14:12:06","modified_gmt":"2023-07-19T12:12:06","slug":"bracelet-protection-energetique-et-spirituel","status":"publish","type":"product","link":"https:\/\/ateliersdefred.fr\/?product=bracelet-protection-energetique-et-spirituel","title":{"rendered":"Bracelet protection \u00e9nerg\u00e9tique et spirituel"},"content":{"rendered":"<blockquote><p>Ce bracelet est confectionn\u00e9 de mes mains 100% artisanal.<\/p>\n<p>&nbsp;<\/p>\n<p>&nbsp;<\/p>\n<p>&nbsp;<\/p>\n<p>Je m\u00e9lange les vertus \u00e9nerg\u00e9tiques et \u00e9sot\u00e9riques des pierres.<\/p>\n<p>&nbsp;<\/p>\n<p>&nbsp;<\/p>\n<p>&nbsp;<\/p>\n<p>Dans le respect de la lithoth\u00e9rapie .<\/p>\n<p>&nbsp;<\/p><\/blockquote>\n<p>&nbsp;<\/p>\n<p>&nbsp;<\/p>\n<p>&nbsp;<\/p>\n<p>&nbsp;<\/p>\n<p>&nbsp;<\/p>\n<p>&nbsp;<\/p>\n<p>la lithotherapie reste du bien \u00eatre et ne remplace en aucun cas un avis m\u00e9dical, aucun soin ou traitement ne doit \u00eatre arr\u00eat\u00e9<\/p>\n","protected":false},"excerpt":{"rendered":"<p>Protection \u00e9nerg\u00e9tique et spirituel<\/p>\n<p>&nbsp;<\/p>\n<p>La labradorite :<\/p>\n<p>&#8211; Agit comme un bouclier doubl\u00e9 d&rsquo;une \u00e9ponge \u00e9nerg\u00e9tique.<\/p>\n<p>-Absorbe les \u00e9nergies n\u00e9gatives, les maux et les peines d\u2019autrui, les dissouts et prot\u00e8ge son utilisateur porteur.<\/p>\n<p>-\u00c9loigne les mauvaises intentions .<\/p>\n<p>&nbsp;<\/p>\n<p>La tourmaline :<\/p>\n<p>-La pierre id\u00e9ale pour tous travails de th\u00e9rapie, m\u00e9ditation ou spirituel .<\/p>\n<p>-\u00c9loigne les ondes \u00e9lectromagn\u00e9tiques<\/p>\n<p>-Pierre d&rsquo;ancrage elle am\u00e9liore l&rsquo;esprit et de la clairvoyance .<\/p>\n<p>Absorbe les mauvaises \u00e9nergies des personnes et des lieux.<\/p>\n<blockquote><p>Mais \u00e9galement profit\u00e9es des autres vertus naturelles de ces pierres<\/p><\/blockquote>\n","protected":false},"featured_media":1060,"comment_status":"open","ping_status":"closed","template":"","meta":[],"product_brand":[],"product_cat":[17,75],"product_tag":[89,90],"class_list":{"0":"post-1059","1":"product","2":"type-product","3":"status-publish","4":"has-post-thumbnail","6":"product_cat-bracelet","7":"product_cat-bracelet-specifique","8":"product_tag-energetique","9":"product_tag-energetique1","11":"first","12":"instock","13":"shipping-taxable","14":"purchasable","15":"product-type-simple"},"jetpack-related-posts":[],"jetpack_sharing_enabled":true,"_links":{"self":[{"href":"https:\/\/ateliersdefred.fr\/index.php?rest_route=\/wp\/v2\/product\/1059","targetHints":{"allow":["GET"]}}],"collection":[{"href":"https:\/\/ateliersdefred.fr\/index.php?rest_route=\/wp\/v2\/product"}],"about":[{"href":"https:\/\/ateliersdefred.fr\/index.php?rest_route=\/wp\/v2\/types\/product"}],"replies":[{"embeddable":true,"href":"https:\/\/ateliersdefred.fr\/index.php?rest_route=%2Fwp%2Fv2%2Fcomments&post=1059"}],"wp:featuredmedia":[{"embeddable":true,"href":"https:\/\/ateliersdefred.fr\/index.php?rest_route=\/wp\/v2\/media\/1060"}],"wp:attachment":[{"href":"https:\/\/ateliersdefred.fr\/index.php?rest_route=%2Fwp%2Fv2%2Fmedia&parent=1059"}],"wp:term":[{"taxonomy":"product_brand","embeddable":true,"href":"https:\/\/ateliersdefred.fr\/index.php?rest_route=%2Fwp%2Fv2%2Fproduct_brand&post=1059"},{"taxonomy":"product_cat","embeddable":true,"href":"https:\/\/ateliersdefred.fr\/index.php?rest_route=%2Fwp%2Fv2%2Fproduct_cat&post=1059"},{"taxonomy":"product_tag","embeddable":true,"href":"https:\/\/ateliersdefred.fr\/index.php?rest_route=%2Fwp%2Fv2%2Fproduct_tag&post=1059"}],"curies":[{"name":"wp","href":"https:\/\/api.w.org\/{rel}","templated":true}]}}