{"id":1101,"date":"2022-11-21T19:07:56","date_gmt":"2022-11-21T18:07:56","guid":{"rendered":"https:\/\/ateliersdefred.fr\/?post_type=product&#038;p=1101"},"modified":"2024-11-07T16:33:23","modified_gmt":"2024-11-07T15:33:23","slug":"pendentif-labradorite-blue-dark","status":"publish","type":"product","link":"https:\/\/ateliersdefred.fr\/?product=pendentif-labradorite-blue-dark","title":{"rendered":"Pendentif labradorite (blue dark)"},"content":{"rendered":"<p>Labradorite <\/p>\n<p>Pendentif en labradorite perc\u00e9<br \/>\nBeliere acier<br \/>\nAvec Beliere 52mm<br \/>\nSans 42 mm >22mm<br \/>\nPoids:16,18g<\/p>\n","protected":false},"excerpt":{"rendered":"<p> la labradorite\ud83d\udd35 :<\/p>\n<p>composition :<br \/>\nAluminium, sel et calcium<\/p>\n<p>Gisement \ud83c\udf0d:<br \/>\nSurtout au Canada, Finlande,Madagascar, Australie &#8230;<\/p>\n<p>Histoire et d\u00e9couvertes\ud83e\udded\ud83d\udd70:<\/p>\n<p>La labradorite a \u00e9t\u00e9 d\u00e9couverte en 1770 dans la r\u00e9gion canadienne du labrador par des europ\u00e9ens qui voulait \u00e9vang\u00e9liser les inuits.<br \/>\nLes Scandinaves et les Eskimos la comparent aux aurores bor\u00e9ales o\u00f9 il y a de grandes similitudes.<br \/>\nD&rsquo;apr\u00e8s une l\u00e9gende inuite un homme brisa de sa lance une labradorite et l&rsquo;aurore bor\u00e9ale se lib\u00e9ra et une partie resta au sol .<br \/>\nUne autre tradition raconte que les gens qui sentent une grande attirance envers la labradorite auraient des anc\u00eatres soignants.<\/p>\n<p>Les vertus \ud83d\ude4f**:<\/p>\n<p>\u2022 Absorbe les \u00e9nergies n\u00e9gatives, maux et peine d&rsquo;autrui les dissous et prot\u00e8ge son utilisateur<\/p>\n<p>\u2022 Pierre connus par les th\u00e9rapeutes car elle poss\u00e8de de grandes vertus \u00e9nerg\u00e9tiques et spirituelles<\/p>\n<p>\u2022Efficace contre les probl\u00e8mes de peaux, ongles et cheveux<\/p>\n<p>\u2022 D\u00e9veloppe l&rsquo;amiti\u00e9, particuli\u00e8rement pour les solitaires<\/p>\n<p>\u2022 Redonne de l&rsquo;\u00e9nergie en cas de fatigue<\/p>\n<p>\u2022 R\u00e9gule les troubles hormonaux<\/p>\n<p>\u2022 Encourage l&rsquo;inspiration<\/p>\n<p>Signe astrologique et chakra\ud83d\udd49:<\/p>\n<p>G\u00e9meaux, Cancer, Sagittaire, Poissons<br \/>\n 4\u00e8me chakra du coeur appel\u00e9 anahata<\/p>\n<p>Purification et rechargement: <\/p>\n<p>Eau, Lune, Bol tib\u00e9tain, Coquille Saint-Jacques , Fleurs de vie, Encens<\/p>\n<p>**La lithoth\u00e9rapie n&rsquo;est pas un m\u00e9dicament mais peut servir de compl\u00e9ment .Bien s\u00fbr , il ne doit en aucun cas remplacer un traitement m\u00e9dical appropri\u00e9 seul un m\u00e9decin le peut.Ces informations relatent des connaissances personnelles, croyance, les propri\u00e9t\u00e9s traditionnelles des pierres en litho th\u00e9rapie t&rsquo;elle indiqu\u00e9es dans de nombreux ouvrages de r\u00e9f\u00e9rence.<\/p>\n","protected":false},"featured_media":1106,"comment_status":"open","ping_status":"closed","template":"","meta":[],"product_brand":[],"product_cat":[22,48,91],"product_tag":[96],"class_list":{"0":"post-1101","1":"product","2":"type-product","3":"status-publish","4":"has-post-thumbnail","6":"product_cat-pendant","7":"product_cat-pendantcabochon","8":"product_cat-pendentif-labradorite","9":"product_tag-lab-dkb-001","11":"first","12":"outofstock","13":"shipping-taxable","14":"purchasable","15":"product-type-simple"},"jetpack-related-posts":[],"jetpack_sharing_enabled":true,"_links":{"self":[{"href":"https:\/\/ateliersdefred.fr\/index.php?rest_route=\/wp\/v2\/product\/1101","targetHints":{"allow":["GET"]}}],"collection":[{"href":"https:\/\/ateliersdefred.fr\/index.php?rest_route=\/wp\/v2\/product"}],"about":[{"href":"https:\/\/ateliersdefred.fr\/index.php?rest_route=\/wp\/v2\/types\/product"}],"replies":[{"embeddable":true,"href":"https:\/\/ateliersdefred.fr\/index.php?rest_route=%2Fwp%2Fv2%2Fcomments&post=1101"}],"wp:featuredmedia":[{"embeddable":true,"href":"https:\/\/ateliersdefred.fr\/index.php?rest_route=\/wp\/v2\/media\/1106"}],"wp:attachment":[{"href":"https:\/\/ateliersdefred.fr\/index.php?rest_route=%2Fwp%2Fv2%2Fmedia&parent=1101"}],"wp:term":[{"taxonomy":"product_brand","embeddable":true,"href":"https:\/\/ateliersdefred.fr\/index.php?rest_route=%2Fwp%2Fv2%2Fproduct_brand&post=1101"},{"taxonomy":"product_cat","embeddable":true,"href":"https:\/\/ateliersdefred.fr\/index.php?rest_route=%2Fwp%2Fv2%2Fproduct_cat&post=1101"},{"taxonomy":"product_tag","embeddable":true,"href":"https:\/\/ateliersdefred.fr\/index.php?rest_route=%2Fwp%2Fv2%2Fproduct_tag&post=1101"}],"curies":[{"name":"wp","href":"https:\/\/api.w.org\/{rel}","templated":true}]}}