{"id":113,"date":"2022-04-27T23:32:19","date_gmt":"2022-04-27T21:32:19","guid":{"rendered":"https:\/\/ateliersdefred.fr\/?post_type=product&#038;p=113"},"modified":"2024-03-22T10:55:55","modified_gmt":"2024-03-22T09:55:55","slug":"bracelets-malachites","status":"publish","type":"product","link":"https:\/\/ateliersdefred.fr\/?product=bracelets-malachites","title":{"rendered":"Bracelets Malachites"},"content":{"rendered":"<p>Bracelet en perles de min\u00e9raux<\/p>\n<p>Malachite naturel<\/p>\n<p>Perles 8mm<\/p>\n","protected":false},"excerpt":{"rendered":"<p>La malachite est une pierre fascinante, connue pour ses magnifiques nuances de vert et ses motifs ondulants qui captivent l&rsquo;\u0153il. Lorsqu&rsquo;elle est port\u00e9e sous forme de bracelet, elle ne se contente pas d&rsquo;\u00eatre un accessoire de mode; elle devient un talisman de protection et de gu\u00e9rison.<\/p>\n<p>Vertus de la Malachite : La malachite est souvent appel\u00e9e la \u00ab\u00a0pierre du changement\u00a0\u00bb, car elle est r\u00e9put\u00e9e pour favoriser la transformation et aider \u00e0 surmonter les peurs ou les h\u00e9sitations face aux changements de vie. Elle est particuli\u00e8rement appr\u00e9ci\u00e9e pour sa capacit\u00e9 \u00e0 absorber les \u00e9nergies n\u00e9gatives et \u00e0 prot\u00e9ger contre les pollutions environnementales.<\/p>\n<p>Sur le plan \u00e9motionnel, la malachite encourage \u00e0 briser les sch\u00e9mas de pens\u00e9e obsol\u00e8tes et \u00e0 exprimer ses sentiments plus librement. Elle est dite stimuler la compassion, tant envers soi-m\u00eame qu&rsquo;envers les autres, et \u00e0 renforcer la capacit\u00e9 \u00e0 aimer et \u00e0 \u00eatre aim\u00e9.<\/p>\n<p>Sur le plan physique, cette pierre est associ\u00e9e \u00e0 la gu\u00e9rison et est cens\u00e9e soutenir la d\u00e9toxification, am\u00e9liorer la fonction h\u00e9patique et faciliter la gu\u00e9rison des os et des articulations. Elle est aussi souvent utilis\u00e9e pour att\u00e9nuer les douleurs menstruelles et favoriser une bonne sant\u00e9 g\u00e9n\u00e9rale.<\/p>\n<p>Le bracelet en Malachite : Embrassez la puissance transformatrice de la malachite avec ce bracelet \u00e9l\u00e9gant.<\/p>\n<p>Chaque pierre, soigneusement s\u00e9lectionn\u00e9e, vous enveloppe d&rsquo;une aura de protection et de gu\u00e9rison, vous guidant \u00e0 travers les changements de la vie avec force et assurance. Laissez sa riche couleur verte vous rappeler la vitalit\u00e9 de la nature et votre propre capacit\u00e9 \u00e0 cro\u00eetre et \u00e0 se renouveler. Portez ce bracelet comme un rappel quotidien de votre voyage vers l&rsquo;\u00e9quilibre, l&rsquo;amour et la transformation personnelle.Que ce soit pour un usage personnel ou comme cadeau significatif, un bracelet en malachite est plus qu&rsquo;un simple bijou; c&rsquo;est un compagnon de vie, un soutien dans les moments de transition, et un symbole de la beaut\u00e9 naturelle de l&rsquo;\u00e9volution personnelle.<\/p>\n","protected":false},"featured_media":114,"comment_status":"open","ping_status":"closed","template":"","meta":[],"product_brand":[],"product_cat":[17,37],"product_tag":[],"class_list":{"0":"post-113","1":"product","2":"type-product","3":"status-publish","4":"has-post-thumbnail","6":"product_cat-bracelet","7":"product_cat-sing","9":"first","10":"instock","11":"shipping-taxable","12":"purchasable","13":"product-type-simple"},"jetpack-related-posts":[],"jetpack_sharing_enabled":true,"_links":{"self":[{"href":"https:\/\/ateliersdefred.fr\/index.php?rest_route=\/wp\/v2\/product\/113","targetHints":{"allow":["GET"]}}],"collection":[{"href":"https:\/\/ateliersdefred.fr\/index.php?rest_route=\/wp\/v2\/product"}],"about":[{"href":"https:\/\/ateliersdefred.fr\/index.php?rest_route=\/wp\/v2\/types\/product"}],"replies":[{"embeddable":true,"href":"https:\/\/ateliersdefred.fr\/index.php?rest_route=%2Fwp%2Fv2%2Fcomments&post=113"}],"wp:featuredmedia":[{"embeddable":true,"href":"https:\/\/ateliersdefred.fr\/index.php?rest_route=\/wp\/v2\/media\/114"}],"wp:attachment":[{"href":"https:\/\/ateliersdefred.fr\/index.php?rest_route=%2Fwp%2Fv2%2Fmedia&parent=113"}],"wp:term":[{"taxonomy":"product_brand","embeddable":true,"href":"https:\/\/ateliersdefred.fr\/index.php?rest_route=%2Fwp%2Fv2%2Fproduct_brand&post=113"},{"taxonomy":"product_cat","embeddable":true,"href":"https:\/\/ateliersdefred.fr\/index.php?rest_route=%2Fwp%2Fv2%2Fproduct_cat&post=113"},{"taxonomy":"product_tag","embeddable":true,"href":"https:\/\/ateliersdefred.fr\/index.php?rest_route=%2Fwp%2Fv2%2Fproduct_tag&post=113"}],"curies":[{"name":"wp","href":"https:\/\/api.w.org\/{rel}","templated":true}]}}