{"id":1313,"date":"2023-01-17T14:33:55","date_gmt":"2023-01-17T13:33:55","guid":{"rendered":"https:\/\/ateliersdefred.fr\/?product=opale-dentritique-ou-merlinite"},"modified":"2023-01-17T14:44:31","modified_gmt":"2023-01-17T13:44:31","slug":"opale-dentritique-ou-merlinite","status":"publish","type":"product","link":"https:\/\/ateliersdefred.fr\/?product=opale-dentritique-ou-merlinite","title":{"rendered":"Opale dentritique ou merlinite"},"content":{"rendered":"<p>blocs opale dentritite<\/p>\n<p>blocs 417g<\/p>\n<p>Vertus et propri\u00e9t\u00e9s de la pierre opale dentritite :<\/p>\n<p>L\u2019opale dentritite appelle \u00e9galement Merlinite est la pierre de la fluidit\u00e9.<\/p>\n<p>L\u2019opale dentritite invite aux rencontres, \u00e0 de nouvelles connections, aux partages. C\u2019est une pierre d\u2019eau et d\u2019air.<\/p>\n<p>Aide \u00e0 l\u2019\u00e9quilibrage du corps en eau, compense les ph\u00e9nom\u00e8nes de d\u00e9shydratation ou de r\u00e9tention d\u2019eau.<\/p>\n<p>Elle stimule la r\u00e9flexion et favorise le sommeil.<\/p>\n<p>Elle structure et illumine le corps mental.<\/p>\n<p>Pour ses vertus sur le plan physique, l\u2019opale dentrique est un purificateur des reins et du syst\u00e8me sanguin (aide lors des syndromes pr\u00e9menstruels), C\u2019est une pierre b\u00e9n\u00e9fique aussi sur les poumons, la peau, les cheveux.<\/p>\n<p>les chakras sont le 3i\u00e8me \u0153il et le coronal.<\/p>\n<p>Purification et rechargement :<\/p>\n<p>La pierre opale dentritite est imp\u00e9rativement \u00e0 purifier d\u00e8s que vous en prenez possession (3h sur gros sel).<\/p>\n<p>Ce nettoie a l&rsquo;eau courante en donnant votre intention<\/p>\n<p>La pierre opale se recharge aux rayons lunaires ,fleurs de vie, G\u00e9odes, fumigation<\/p>\n","protected":false},"excerpt":{"rendered":"<p>blocs opale dentritite blocs 417g Vertus et propri\u00e9t\u00e9s de la pierre opale dentritite : L\u2019opale dentritite appelle \u00e9galement Merlinite est la pierre de la fluidit\u00e9. L\u2019opale dentritite invite aux rencontres, \u00e0 de nouvelles connections, aux partages. C\u2019est une pierre d\u2019eau et d\u2019air. Aide \u00e0 l\u2019\u00e9quilibrage du corps en eau, compense les ph\u00e9nom\u00e8nes de d\u00e9shydratation ou <a class=\"read-more\" href=\"https:\/\/ateliersdefred.fr\/?product=opale-dentritique-ou-merlinite\">READ MORE<\/a><\/p>\n","protected":false},"featured_media":1304,"comment_status":"open","ping_status":"closed","template":"","meta":[],"product_brand":[],"product_cat":[110,15,53],"product_tag":[],"class_list":{"0":"post-1313","1":"product","2":"type-product","3":"status-publish","4":"has-post-thumbnail","6":"product_cat-blocs-forme-libres","7":"product_cat-mineral","8":"product_cat-poli","10":"first","11":"instock","12":"sold-individually","13":"shipping-taxable","14":"purchasable","15":"product-type-simple"},"jetpack-related-posts":[],"jetpack_sharing_enabled":true,"_links":{"self":[{"href":"https:\/\/ateliersdefred.fr\/index.php?rest_route=\/wp\/v2\/product\/1313","targetHints":{"allow":["GET"]}}],"collection":[{"href":"https:\/\/ateliersdefred.fr\/index.php?rest_route=\/wp\/v2\/product"}],"about":[{"href":"https:\/\/ateliersdefred.fr\/index.php?rest_route=\/wp\/v2\/types\/product"}],"replies":[{"embeddable":true,"href":"https:\/\/ateliersdefred.fr\/index.php?rest_route=%2Fwp%2Fv2%2Fcomments&post=1313"}],"wp:featuredmedia":[{"embeddable":true,"href":"https:\/\/ateliersdefred.fr\/index.php?rest_route=\/wp\/v2\/media\/1304"}],"wp:attachment":[{"href":"https:\/\/ateliersdefred.fr\/index.php?rest_route=%2Fwp%2Fv2%2Fmedia&parent=1313"}],"wp:term":[{"taxonomy":"product_brand","embeddable":true,"href":"https:\/\/ateliersdefred.fr\/index.php?rest_route=%2Fwp%2Fv2%2Fproduct_brand&post=1313"},{"taxonomy":"product_cat","embeddable":true,"href":"https:\/\/ateliersdefred.fr\/index.php?rest_route=%2Fwp%2Fv2%2Fproduct_cat&post=1313"},{"taxonomy":"product_tag","embeddable":true,"href":"https:\/\/ateliersdefred.fr\/index.php?rest_route=%2Fwp%2Fv2%2Fproduct_tag&post=1313"}],"curies":[{"name":"wp","href":"https:\/\/api.w.org\/{rel}","templated":true}]}}