{"id":1330,"date":"2023-01-17T15:16:19","date_gmt":"2023-01-17T14:16:19","guid":{"rendered":"https:\/\/ateliersdefred.fr\/?product=geode-amethyste-uruguay"},"modified":"2024-08-22T23:33:03","modified_gmt":"2024-08-22T21:33:03","slug":"geode-amethyste-uruguay","status":"publish","type":"product","link":"https:\/\/ateliersdefred.fr\/?product=geode-amethyste-uruguay","title":{"rendered":"Geode Am\u00e9thyste uruguay"},"content":{"rendered":"<p>\u00c9norme et rare geodes am\u00e9thyste uruguay<\/p>\n<p>en forme de vo\u00fbte et plate<\/p>\n<p>de 15,8kg<\/p>\n<p>pi\u00e8ce rare et unique<\/p>\n<p>Id\u00e9al en d\u00e9coration d&rsquo;une pi\u00e8ce mais surtout pour le rechargement des min\u00e9raux.<\/p>\n<p>L&rsquo;am\u00e9thyste procure d\u00e9tente et s\u00e9r\u00e9nit\u00e9 tout en apaisent un lieux de vie.<\/p>\n<p>Une am\u00e9thyste d&rsquo;environ 16 kg est une pi\u00e8ce majestueuse et imposante, qui, par sa seule pr\u00e9sence, transforme l&rsquo;espace dans lequel elle est expos\u00e9e. Voici un descriptif qui capture la beaut\u00e9 et les vertus de cette pierre exceptionnelle :<\/p>\n<p>&#8212;<\/p>\n<p>**Am\u00e9thyste G\u00e9ante &#8211; Un Monument Naturel**<\/p>\n<p>**Description :**<\/p>\n<p>Cette am\u00e9thyste, pesant environ 16 kg, est un tr\u00e9sor de la nature, capturant l&rsquo;essence de la tranquillit\u00e9 et de la beaut\u00e9 mystique. Avec ses teintes profondes de violet, allant du lavande p\u00e2le aux nuances les plus sombres, presque noires, elle cr\u00e9e un spectacle visuel captivant. La pierre scintille sous la lumi\u00e8re, r\u00e9v\u00e9lant des couches complexes et des inclusions qui racontent l&rsquo;histoire de sa formation mill\u00e9naire.<\/p>\n<p>**Exposition chez soi :**<\/p>\n<p>Exposer une am\u00e9thyste de cette taille chez soi est une d\u00e9claration d&rsquo;amour \u00e0 la beaut\u00e9 naturelle et aux \u00e9nergies subtiles de la terre. Plac\u00e9e dans un espace de vie, comme le salon ou un espace de m\u00e9ditation, elle devient un point focal qui attire imm\u00e9diatement l&rsquo;attention, invitant \u00e0 la contemplation et \u00e0 la d\u00e9tente. Sa pr\u00e9sence majestueuse enrichit l&rsquo;ambiance de n&rsquo;importe quel int\u00e9rieur, apportant une touche d&rsquo;\u00e9l\u00e9gance naturelle et un sentiment de s\u00e9r\u00e9nit\u00e9.<\/p>\n<p>**Vertus :**<\/p>\n<p>L&rsquo;am\u00e9thyste est reconnue pour ses propri\u00e9t\u00e9s apaisantes et purifiantes. Elle favorise la clart\u00e9 de l&rsquo;esprit, aide \u00e0 surmonter le stress et l&rsquo;insomnie, et soutient la m\u00e9ditation profonde. Cette pierre est \u00e9galement connue pour sa capacit\u00e9 \u00e0 purifier l&rsquo;atmosph\u00e8re de son environnement, transformant les \u00e9nergies n\u00e9gatives en amour et en protection. Avoir une am\u00e9thyste de cette envergure chez soi est comme poss\u00e9der un puits d&rsquo;\u00e9nergie positive, contribuant \u00e0 cr\u00e9er un havre de paix et de bien-\u00eatre pour tous ceux qui y entrent.<\/p>\n<p>**Beaut\u00e9 de la pierre :**<\/p>\n<p>La beaut\u00e9 de cette am\u00e9thyste ne r\u00e9side pas seulement dans sa couleur fascinante ou dans son \u00e9clat, mais \u00e9galement dans sa forme naturelle et brute qui \u00e9voque la puissance et la majest\u00e9 de la nature. Chaque angle offre une nouvelle perspective, un nouveau d\u00e9tail \u00e0 admirer, rendant cette pierre infiniment int\u00e9ressante \u00e0 observer.<\/p>\n<p>&#8212;<\/p>\n<p>Poss\u00e9der une am\u00e9thyste d&rsquo;une telle taille est une exp\u00e9rience v\u00e9ritablement unique, apportant \u00e0 votre espace non seulement une \u0153uvre d&rsquo;art naturelle mais aussi un compagnon \u00e9nerg\u00e9tique puissant. Sa beaut\u00e9 intemporelle et ses vertus apaisantes font d&rsquo;elle un choix privil\u00e9gi\u00e9 pour ceux qui cherchent \u00e0 enrichir leur environnement de vie avec des \u00e9l\u00e9ments naturels profond\u00e9ment connect\u00e9s \u00e0 la terre et \u00e0 ses \u00e9nergies curatives.<\/p>\n","protected":false},"excerpt":{"rendered":"<p>G\u00e9ode d&rsquo;Am\u00e9thyste d&rsquo;Uruguay :<\/p>\n<p>Vertus et BienfaitsLa g\u00e9ode d&rsquo;am\u00e9thyste d&rsquo;Uruguay est une pierre d&rsquo;exception, reconnue non seulement pour sa beaut\u00e9 envo\u00fbtante mais aussi pour ses nombreuses vertus en lithoth\u00e9rapie.<\/p>\n<p>Vertus en Lithoth\u00e9rapie<\/p>\n<p>L&rsquo;am\u00e9thyste est une pierre puissante, particuli\u00e8rement appr\u00e9ci\u00e9e pour ses effets apaisants et purificateurs. Elle est connue pour calmer l&rsquo;esprit, favoriser la m\u00e9ditation et aider \u00e0 \u00e9quilibrer les \u00e9motions. C&rsquo;est une pierre qui encourage la clart\u00e9 mentale, renforce la concentration, et aide \u00e0 se lib\u00e9rer des pens\u00e9es n\u00e9gatives. L&rsquo;am\u00e9thyste est \u00e9galement associ\u00e9e \u00e0 l&rsquo;apaisement des maux de t\u00eate, \u00e0 la r\u00e9duction du stress et \u00e0 l&rsquo;am\u00e9lioration du sommeil.<\/p>\n<p>Bienfaits dans une Pi\u00e8ce de Vie<\/p>\n<p>Plac\u00e9e dans une pi\u00e8ce de vie, la g\u00e9ode d&rsquo;am\u00e9thyste agit comme un purificateur d&rsquo;\u00e9nergie. Elle diffuse une \u00e9nergie douce et apaisante qui transforme l&rsquo;atmosph\u00e8re, rendant l&rsquo;espace plus serein et harmonieux. Elle est id\u00e9ale pour un salon ou une salle de m\u00e9ditation, o\u00f9 elle aide \u00e0 cr\u00e9er une ambiance propice \u00e0 la d\u00e9tente et \u00e0 la r\u00e9flexion.<\/p>\n<p>Bienfaits pour les Personnes dans la Pi\u00e8ce<\/p>\n<p>Les personnes pr\u00e9sentes dans la pi\u00e8ce o\u00f9 se trouve une g\u00e9ode d&rsquo;am\u00e9thyste ressentiront un sentiment de calme et de bien-\u00eatre. Cette pierre encourage la s\u00e9r\u00e9nit\u00e9, r\u00e9duit le stress et les tensions, et favorise une communication plus ouverte et paisible. Elle peut aussi aider \u00e0 am\u00e9liorer la concentration et \u00e0 stimuler l&rsquo;inspiration, ce qui en fait un excellent choix pour les espaces de travail ou de cr\u00e9ation. Enfin, l&rsquo;\u00e9nergie de l&rsquo;am\u00e9thyste soutient les processus de gu\u00e9rison \u00e9motionnelle, ce qui peut \u00eatre b\u00e9n\u00e9fique pour les personnes en qu\u00eate de paix int\u00e9rieure.<\/p>\n","protected":false},"featured_media":1322,"comment_status":"open","ping_status":"closed","template":"","meta":[],"product_brand":[],"product_cat":[54,15,52],"product_tag":[],"class_list":{"0":"post-1330","1":"product","2":"type-product","3":"status-publish","4":"has-post-thumbnail","6":"product_cat-geode","7":"product_cat-mineral","8":"product_cat-brut","10":"first","11":"instock","12":"shipping-taxable","13":"purchasable","14":"product-type-simple"},"jetpack-related-posts":[],"jetpack_sharing_enabled":true,"_links":{"self":[{"href":"https:\/\/ateliersdefred.fr\/index.php?rest_route=\/wp\/v2\/product\/1330","targetHints":{"allow":["GET"]}}],"collection":[{"href":"https:\/\/ateliersdefred.fr\/index.php?rest_route=\/wp\/v2\/product"}],"about":[{"href":"https:\/\/ateliersdefred.fr\/index.php?rest_route=\/wp\/v2\/types\/product"}],"replies":[{"embeddable":true,"href":"https:\/\/ateliersdefred.fr\/index.php?rest_route=%2Fwp%2Fv2%2Fcomments&post=1330"}],"wp:featuredmedia":[{"embeddable":true,"href":"https:\/\/ateliersdefred.fr\/index.php?rest_route=\/wp\/v2\/media\/1322"}],"wp:attachment":[{"href":"https:\/\/ateliersdefred.fr\/index.php?rest_route=%2Fwp%2Fv2%2Fmedia&parent=1330"}],"wp:term":[{"taxonomy":"product_brand","embeddable":true,"href":"https:\/\/ateliersdefred.fr\/index.php?rest_route=%2Fwp%2Fv2%2Fproduct_brand&post=1330"},{"taxonomy":"product_cat","embeddable":true,"href":"https:\/\/ateliersdefred.fr\/index.php?rest_route=%2Fwp%2Fv2%2Fproduct_cat&post=1330"},{"taxonomy":"product_tag","embeddable":true,"href":"https:\/\/ateliersdefred.fr\/index.php?rest_route=%2Fwp%2Fv2%2Fproduct_tag&post=1330"}],"curies":[{"name":"wp","href":"https:\/\/api.w.org\/{rel}","templated":true}]}}