{"id":1333,"date":"2023-01-17T16:22:06","date_gmt":"2023-01-17T15:22:06","guid":{"rendered":"https:\/\/ateliersdefred.fr\/?post_type=product&#038;p=1333"},"modified":"2023-01-17T16:50:03","modified_gmt":"2023-01-17T15:50:03","slug":"fleur-de-vie-14cm","status":"publish","type":"product","link":"https:\/\/ateliersdefred.fr\/?product=fleur-de-vie-14cm","title":{"rendered":"fleur de vie 14cm"},"content":{"rendered":"<p>Disque de rechargement min\u00e9raux ou appel\u00e9 fleurs de vie.<\/p>\n<p>Simple d&rsquo;utilisation, vous pouvez poser vos min\u00e9raux, boissons , objets et laisser la fleur de vie faire son travail ,si vous oubliez le rechargement \u00e0 la pleine lune utilis\u00e9e la fleur de vie.<\/p>\n<p>Sa circonf\u00e9rence du rayonnement est de 2m a 3m(tester par un geobiologue)<\/p>\n<p>Id\u00e9al cuisine ,salon, centre d&rsquo;un lieux de vie<\/p>\n<p>Elle est le symbole de sant\u00e9 et de gu\u00e9rison, compos\u00e9e de cercles \u00e9gaux superpos\u00e9s reli\u00e9s entre eux.<\/p>\n<p>La fleur de vie est une figure g\u00e9om\u00e9trique sacr\u00e9e, on la retrouve sous plusieurs formes telles que l&rsquo;adn, les v\u00e9g\u00e9taux, les min\u00e9raux les formules math\u00e9matique et m\u00eame l&#8217;embryon humain.<\/p>\n<p>Utilis\u00e9e depuis la nuit des temps elle permet d&rsquo;harmoniser et \u00e9nergiser tout ce qu&rsquo;elle touche.<\/p>\n<p>Elle prot\u00e8ge et purifie une pi\u00e8ce de vie.<\/p>\n<p>Je vous conseille une fleur de vie imprim\u00e9e informatiquement car manuellement les formes ne sont pas parfaites et r\u00e9guli\u00e8res.<br \/>\nFabriqu\u00e9e en impression 3D en bio-plastique (PLA). Ce plastique est biod\u00e9gradable, bio-sourc\u00e9, fabriqu\u00e9 \u00e0 base de fibres de canne \u00e0 sucre et\/ou amidons de ma\u00efs.<\/p>\n","protected":false},"excerpt":{"rendered":"<p>Disque de rechargement min\u00e9raux ou appel\u00e9 fleurs de vie. Simple d&rsquo;utilisation, vous pouvez poser vos min\u00e9raux, boissons , objets et laisser la fleur de vie faire son travail ,si vous oubliez le rechargement \u00e0 la pleine lune utilis\u00e9e la fleur de vie. Sa circonf\u00e9rence du rayonnement est de 2m a 3m(tester par un geobiologue) Id\u00e9al <a class=\"read-more\" href=\"https:\/\/ateliersdefred.fr\/?product=fleur-de-vie-14cm\">READ MORE<\/a><\/p>\n","protected":false},"featured_media":1331,"comment_status":"open","ping_status":"closed","template":"","meta":[],"product_brand":[],"product_cat":[35,18],"product_tag":[],"class_list":{"0":"post-1333","1":"product","2":"type-product","3":"status-publish","4":"has-post-thumbnail","6":"product_cat-life","7":"product_cat-lifeflower","9":"first","10":"instock","11":"shipping-taxable","12":"purchasable","13":"product-type-variable"},"jetpack-related-posts":[],"jetpack_sharing_enabled":true,"_links":{"self":[{"href":"https:\/\/ateliersdefred.fr\/index.php?rest_route=\/wp\/v2\/product\/1333","targetHints":{"allow":["GET"]}}],"collection":[{"href":"https:\/\/ateliersdefred.fr\/index.php?rest_route=\/wp\/v2\/product"}],"about":[{"href":"https:\/\/ateliersdefred.fr\/index.php?rest_route=\/wp\/v2\/types\/product"}],"replies":[{"embeddable":true,"href":"https:\/\/ateliersdefred.fr\/index.php?rest_route=%2Fwp%2Fv2%2Fcomments&post=1333"}],"wp:featuredmedia":[{"embeddable":true,"href":"https:\/\/ateliersdefred.fr\/index.php?rest_route=\/wp\/v2\/media\/1331"}],"wp:attachment":[{"href":"https:\/\/ateliersdefred.fr\/index.php?rest_route=%2Fwp%2Fv2%2Fmedia&parent=1333"}],"wp:term":[{"taxonomy":"product_brand","embeddable":true,"href":"https:\/\/ateliersdefred.fr\/index.php?rest_route=%2Fwp%2Fv2%2Fproduct_brand&post=1333"},{"taxonomy":"product_cat","embeddable":true,"href":"https:\/\/ateliersdefred.fr\/index.php?rest_route=%2Fwp%2Fv2%2Fproduct_cat&post=1333"},{"taxonomy":"product_tag","embeddable":true,"href":"https:\/\/ateliersdefred.fr\/index.php?rest_route=%2Fwp%2Fv2%2Fproduct_tag&post=1333"}],"curies":[{"name":"wp","href":"https:\/\/api.w.org\/{rel}","templated":true}]}}