{"id":1348,"date":"2023-01-17T21:42:29","date_gmt":"2023-01-17T20:42:29","guid":{"rendered":"https:\/\/ateliersdefred.fr\/?product=labradorite"},"modified":"2023-01-27T13:31:56","modified_gmt":"2023-01-27T12:31:56","slug":"labradorite","status":"publish","type":"product","link":"https:\/\/ateliersdefred.fr\/?product=labradorite","title":{"rendered":"Labradorite"},"content":{"rendered":"<p>blocs de labradorite en forme libre.<\/p>\n<p>poids 817g.<\/p>\n<p>Polie de chaque c\u00f4t\u00e9 et coup\u00e9 pour support .<\/p>\n<p>qualit\u00e9 extra<\/p>\n","protected":false},"excerpt":{"rendered":"<p>la labradorite\ud83d\udd35 :<\/p>\n<p>composition :<\/p>\n<p>Aluminium, sel et calcium<\/p>\n<p>Gisement \ud83c\udf0d:<\/p>\n<p>Surtout au Canada, Finlande,Madagascar, Australie \u2026<\/p>\n<p>Histoire et d\u00e9couvertes\ud83e\udded\ud83d\udd70:<\/p>\n<p>La labradorite a \u00e9t\u00e9 d\u00e9couverte en 1770 dans la r\u00e9gion canadienne du labrador par des europ\u00e9ens qui voulait \u00e9vang\u00e9liser les inuits.<\/p>\n<p>Les Scandinaves et les Eskimos la comparent aux aurores bor\u00e9ales o\u00f9 il y a de grandes similitudes.<\/p>\n<p>D\u2019apr\u00e8s une l\u00e9gende inuite un homme brisa de sa lance une labradorite et l\u2019aurore bor\u00e9ale se lib\u00e9ra et une partie resta au sol .<\/p>\n<p>Une autre tradition raconte que les gens qui sentent une grande attirance envers la labradorite auraient des anc\u00eatres soignants.<\/p>\n<p>Les vertus \ud83d\ude4f**:<\/p>\n<p>\u2022 Absorbe les \u00e9nergies n\u00e9gatives, maux et peine d\u2019autrui les dissous et prot\u00e8ge son utilisateur<\/p>\n<p>\u2022 Pierre connus par les th\u00e9rapeutes car elle poss\u00e8de de grandes vertus \u00e9nerg\u00e9tiques et spirituelles<\/p>\n<p>\u2022Efficace contre les probl\u00e8mes de peaux, ongles et cheveux<\/p>\n<p>\u2022 D\u00e9veloppe l\u2019amiti\u00e9, particuli\u00e8rement pour les solitaires<\/p>\n<p>\u2022 Redonne de l\u2019\u00e9nergie en cas de fatigue<\/p>\n<p>\u2022 R\u00e9gule les troubles hormonaux<\/p>\n<p>\u2022 Encourage l\u2019inspiration<\/p>\n<p>Signe astrologique et chakra\ud83d\udd49:<\/p>\n<p>G\u00e9meaux, Cancer, Sagittaire, Poissons<\/p>\n<p>4\u00e8me chakra du coeur appel\u00e9 anahata<\/p>\n<p>Purification et rechargement:<\/p>\n<p>Eau, Lune, Bol tib\u00e9tain, Coquille Saint-Jacques , Fleurs de vie, Encens<\/p>\n<p>**La lithoth\u00e9rapie n\u2019est pas un m\u00e9dicament mais peut servir de compl\u00e9ment .Bien s\u00fbr , il ne doit en aucun cas remplacer un traitement m\u00e9dical appropri\u00e9 seul un m\u00e9decin le peut.Ces informations relatent des connaissances personnelles, croyance, les propri\u00e9t\u00e9s traditionnelles des pierres en litho th\u00e9rapie t\u2019elle indiqu\u00e9es dans de nombreux ouvrages de r\u00e9f\u00e9rence.<\/p>\n","protected":false},"featured_media":1345,"comment_status":"open","ping_status":"closed","template":"","meta":[],"product_brand":[],"product_cat":[110,15,53],"product_tag":[],"class_list":{"0":"post-1348","1":"product","2":"type-product","3":"status-publish","4":"has-post-thumbnail","6":"product_cat-blocs-forme-libres","7":"product_cat-mineral","8":"product_cat-poli","10":"first","11":"outofstock","12":"shipping-taxable","13":"purchasable","14":"product-type-simple"},"jetpack-related-posts":[],"jetpack_sharing_enabled":true,"_links":{"self":[{"href":"https:\/\/ateliersdefred.fr\/index.php?rest_route=\/wp\/v2\/product\/1348","targetHints":{"allow":["GET"]}}],"collection":[{"href":"https:\/\/ateliersdefred.fr\/index.php?rest_route=\/wp\/v2\/product"}],"about":[{"href":"https:\/\/ateliersdefred.fr\/index.php?rest_route=\/wp\/v2\/types\/product"}],"replies":[{"embeddable":true,"href":"https:\/\/ateliersdefred.fr\/index.php?rest_route=%2Fwp%2Fv2%2Fcomments&post=1348"}],"wp:featuredmedia":[{"embeddable":true,"href":"https:\/\/ateliersdefred.fr\/index.php?rest_route=\/wp\/v2\/media\/1345"}],"wp:attachment":[{"href":"https:\/\/ateliersdefred.fr\/index.php?rest_route=%2Fwp%2Fv2%2Fmedia&parent=1348"}],"wp:term":[{"taxonomy":"product_brand","embeddable":true,"href":"https:\/\/ateliersdefred.fr\/index.php?rest_route=%2Fwp%2Fv2%2Fproduct_brand&post=1348"},{"taxonomy":"product_cat","embeddable":true,"href":"https:\/\/ateliersdefred.fr\/index.php?rest_route=%2Fwp%2Fv2%2Fproduct_cat&post=1348"},{"taxonomy":"product_tag","embeddable":true,"href":"https:\/\/ateliersdefred.fr\/index.php?rest_route=%2Fwp%2Fv2%2Fproduct_tag&post=1348"}],"curies":[{"name":"wp","href":"https:\/\/api.w.org\/{rel}","templated":true}]}}