{"id":1459,"date":"2023-04-20T19:34:09","date_gmt":"2023-04-20T17:34:09","guid":{"rendered":"https:\/\/ateliersdefred.fr\/?product=bracelet-rhumatisme-et-anti-douleurs"},"modified":"2025-06-12T22:24:52","modified_gmt":"2025-06-12T20:24:52","slug":"bracelet-rhumatisme-et-anti-douleurs","status":"publish","type":"product","link":"https:\/\/ateliersdefred.fr\/?product=bracelet-rhumatisme-et-anti-douleurs","title":{"rendered":"Bracelet rhumatisme et anti-douleurs"},"content":{"rendered":"<p>RHUMATISMES ET ANTI-DOULEURS<\/p>\n<p>MALACHITE:<\/p>\n<p>-Absorbe les \u00e9nergies n\u00e9gative du corps (h\u00e9matome,fracture,entorse,rhumatisme,&#8230;)<\/p>\n<p>-Sa composition (carbonate de cuivre)le cuivre est connue pour les probl\u00e8mes inflammatoire.<\/p>\n<p>AMBRE:<\/p>\n<p>-Aide le corps a gu\u00e9rir de lui m\u00eame<\/p>\n<p>-Donne de la vitalit\u00e9<\/p>\n<p>TOURMALINE :<\/p>\n<p>Soulage les douleurs articulaire contribue a avoir une meilleure defense immunitaire<\/p>\n<p>AMAZONITE :<\/p>\n<p>Procure la detente musculaire<\/p>\n<p>Mais \u00e9galement, profitez des autres vertus naturelles de ces pierres.<\/p>\n","protected":false},"excerpt":{"rendered":"<p>RHUMATISMES ET ANTI-DOULEURS MALACHITE: -Absorbe les \u00e9nergies n\u00e9gative du corps (h\u00e9matome,fracture,entorse,rhumatisme,&#8230;) -Sa composition (carbonate de cuivre)le cuivre est connue pour les probl\u00e8mes inflammatoire. AMBRE: -Aide le corps a gu\u00e9rir de lui m\u00eame -Donne de la vitalit\u00e9 TOURMALINE : Soulage les douleurs articulaire contribue a avoir une meilleure defense immunitaire AMAZONITE : Procure la detente musculaire <a class=\"read-more\" href=\"https:\/\/ateliersdefred.fr\/?product=bracelet-rhumatisme-et-anti-douleurs\">READ MORE<\/a><\/p>\n","protected":false},"featured_media":1456,"comment_status":"open","ping_status":"closed","template":"","meta":[],"product_brand":[],"product_cat":[17,75],"product_tag":[],"class_list":{"0":"post-1459","1":"product","2":"type-product","3":"status-publish","4":"has-post-thumbnail","6":"product_cat-bracelet","7":"product_cat-bracelet-specifique","9":"first","10":"instock","11":"sale","12":"shipping-taxable","13":"purchasable","14":"product-type-simple"},"jetpack-related-posts":[],"jetpack_sharing_enabled":true,"_links":{"self":[{"href":"https:\/\/ateliersdefred.fr\/index.php?rest_route=\/wp\/v2\/product\/1459","targetHints":{"allow":["GET"]}}],"collection":[{"href":"https:\/\/ateliersdefred.fr\/index.php?rest_route=\/wp\/v2\/product"}],"about":[{"href":"https:\/\/ateliersdefred.fr\/index.php?rest_route=\/wp\/v2\/types\/product"}],"replies":[{"embeddable":true,"href":"https:\/\/ateliersdefred.fr\/index.php?rest_route=%2Fwp%2Fv2%2Fcomments&post=1459"}],"wp:featuredmedia":[{"embeddable":true,"href":"https:\/\/ateliersdefred.fr\/index.php?rest_route=\/wp\/v2\/media\/1456"}],"wp:attachment":[{"href":"https:\/\/ateliersdefred.fr\/index.php?rest_route=%2Fwp%2Fv2%2Fmedia&parent=1459"}],"wp:term":[{"taxonomy":"product_brand","embeddable":true,"href":"https:\/\/ateliersdefred.fr\/index.php?rest_route=%2Fwp%2Fv2%2Fproduct_brand&post=1459"},{"taxonomy":"product_cat","embeddable":true,"href":"https:\/\/ateliersdefred.fr\/index.php?rest_route=%2Fwp%2Fv2%2Fproduct_cat&post=1459"},{"taxonomy":"product_tag","embeddable":true,"href":"https:\/\/ateliersdefred.fr\/index.php?rest_route=%2Fwp%2Fv2%2Fproduct_tag&post=1459"}],"curies":[{"name":"wp","href":"https:\/\/api.w.org\/{rel}","templated":true}]}}