{"id":1471,"date":"2023-04-25T14:35:44","date_gmt":"2023-04-25T12:35:44","guid":{"rendered":"https:\/\/ateliersdefred.fr\/?product=bracelet-circulation-sanguine"},"modified":"2024-03-22T14:31:02","modified_gmt":"2024-03-22T13:31:02","slug":"bracelet-circulation-sanguine","status":"publish","type":"product","link":"https:\/\/ateliersdefred.fr\/?product=bracelet-circulation-sanguine","title":{"rendered":"Bracelet circulation sanguine"},"content":{"rendered":"<div id=\"copyFragmentChild\" style=\"text-align:center\">\n<div class=\"Collapsible\" style=\"text-align:center\">\n<h3 style=\"text-align:center\"> <strong><u>Bracelet circulation sanguine<\/u><\/strong><\/h3>\n<div class=\"Collapsible__contentOuter\" style=\"height:auto;overflow:visible\">\n<div class=\"Collapsible__contentInner\">\n<h2 class=\"ADBE_CM_adbe_style_000003 ADBE_E_H2\" lang=\"fr\"><span class=\"ADBE_CM_adbe_text_0004 ADBE_CM_adbe_style_001000 ADBE_E_Span\" data-page=\"2\">HEMATITE : <\/span><\/h2>\n<p class=\"ADBE_CM_adbe_text_0003 ADBE_CM_adbe_style_000001 ADBE_E_P\" lang=\"fr\" data-page=\"2\">Tonifie et nous prot\u00e8ge<\/p>\n<p class=\"ADBE_CM_adbe_text_0003 ADBE_CM_adbe_style_000005 ADBE_E_P\" lang=\"fr\" data-page=\"2\">Baisse la tension art\u00e9rielle<\/p>\n<p class=\"ADBE_CM_adbe_text_0003 ADBE_CM_adbe_style_000006 ADBE_E_P\" lang=\"fr\" data-page=\"2\">Soulage en cas d&rsquo;an\u00e9mie<\/p>\n<h2 class=\"ADBE_CM_adbe_style_00000a ADBE_E_H2\" lang=\"fr\"><span class=\"ADBE_CM_adbe_text_0004 ADBE_CM_adbe_style_001001 ADBE_E_Span\" data-page=\"2\">GRENAT : <\/span><\/h2>\n<p class=\"ADBE_CM_adbe_text_0003 ADBE_CM_adbe_style_000006 ADBE_E_P\" lang=\"fr\" data-page=\"2\">Am\u00e9liore et r\u00e9gule la circulation sanguine<\/p>\n<p>Stimule la reconstitution du sang et cellules<\/p>\n<p>Compense les insuffisances veineuses<\/p>\n<h2 class=\"ADBE_CM_adbe_style_000005 ADBE_E_H2\" lang=\"fr\"><span class=\"ADBE_CM_adbe_text_0005 ADBE_CM_adbe_style_001001 ADBE_E_Span\" data-page=\"2\">JASPE ROUGE : <\/span><\/h2>\n<p class=\"ADBE_CM_adbe_text_0003 ADBE_CM_adbe_style_000001 ADBE_E_P\" lang=\"fr\" data-page=\"2\">R\u00e9gule les troubles de menstruation<\/p>\n<p class=\"ADBE_CM_adbe_text_0003 ADBE_CM_adbe_style_000006 ADBE_E_P\" lang=\"fr\" data-page=\"2\">Fortifie le c\u0153ur<\/p>\n<p class=\"ADBE_CM_adbe_style_000005 ADBE_E_P\" lang=\"fr\"><span class=\"ADBE_CM_adbe_text_0006 ADBE_CM_adbe_style_001002 ADBE_E_Span\" data-page=\"2\"><strong>OBSIDIENNE ACAJOU<\/strong>: <\/span><\/p>\n<p class=\"ADBE_CM_adbe_text_0003 ADBE_CM_adbe_style_000001 ADBE_E_P\" lang=\"fr\" data-page=\"2\">Soulage les crampes et jambes lourdes<\/p>\n<p class=\"ADBE_CM_adbe_text_0003 ADBE_CM_adbe_style_000006 ADBE_E_P\" lang=\"fr\" data-page=\"2\">Favorise la cicatrisation des blessures<\/p>\n<p class=\"ADBE_CM_adbe_text_0003 ADBE_CM_adbe_style_00000a ADBE_E_P\" lang=\"fr\" data-page=\"2\">Mais \u00e9galement, profitez des autres vertus naturelles de ces pierres.<\/p>\n<\/div>\n<\/div>\n<\/div>\n<\/div>\n","protected":false},"excerpt":{"rendered":"<p>Un bracelet con\u00e7u pour favoriser une bonne circulation sanguine associe l&rsquo;h\u00e9matite, le grenat, le jaspe rouge et l&rsquo;obsidienne acajou. Ces pierres, choisies pour leurs couleurs riches et leurs qualit\u00e9s \u00e9nerg\u00e9tiques, offrent une combinaison esth\u00e9tiquement plaisante et symboliquement puissante. Ce type de bracelet peut \u00eatre port\u00e9 comme un accessoire de mode quotidien, tout en servant de rappel \u00e0 son porteur de prendre soin de son bien-\u00eatre g\u00e9n\u00e9ral.<\/p>\n<p>### H\u00e9matite<br \/>\n&#8211; **Apparence :** L&rsquo;h\u00e9matite est une pierre d&rsquo;un gris m\u00e9tallique \u00e0 noir brillant, connue pour son \u00e9clat miroitant.<br \/>\n&#8211; **Symbolisme :** Elle est souvent associ\u00e9e \u00e0 l&rsquo;ancrage et \u00e0 l&rsquo;\u00e9quilibre, proposant une sensation de calme et de stabilit\u00e9 \u00e0 celui qui la porte.<\/p>\n<p>### Grenat<br \/>\n&#8211; **Apparence :** Le grenat se distingue par sa teinte profonde, allant du rouge au violet.<br \/>\n&#8211; **Symbolisme :** Cette pierre est symbole de passion et d&rsquo;\u00e9nergie. Elle est appr\u00e9ci\u00e9e pour sa beaut\u00e9 vive et est souvent li\u00e9e \u00e0 la vitalit\u00e9.<\/p>\n<p>### Jaspe Rouge<br \/>\n&#8211; **Apparence :** Avec ses nuances terrestres rouges et parfois marbr\u00e9es, le jaspe rouge offre un aspect \u00e0 la fois robuste et chaleureux.<br \/>\n&#8211; **Symbolisme :** Il est r\u00e9put\u00e9 pour son \u00e9nergie revitalisante et son soutien dans les moments n\u00e9cessitant endurance et courage.<\/p>\n<p>### Obsidienne Acajou<br \/>\n&#8211; **Apparence :** Cette pierre pr\u00e9sente des tons allant du noir profond au rouge-brun, rappelant le bois d&rsquo;acajou.<br \/>\n&#8211; **Symbolisme :** L&rsquo;obsidienne acajou est souvent li\u00e9e \u00e0 la protection et au renforcement. Elle serait utile pour trouver son chemin, aussi bien litt\u00e9ralement que m\u00e9taphoriquement.<\/p>\n<p>### Le Bracelet Combin\u00e9<br \/>\nPorter un bracelet compos\u00e9 de ces quatre pierres offre un m\u00e9lange visuellement captivant, o\u00f9 chaque pierre contribue par sa couleur et sa texture \u00e0 l&rsquo;harmonie g\u00e9n\u00e9rale du bijou. Au-del\u00e0 de l&rsquo;esth\u00e9tique, ces pierres ensemble symbolisent un \u00e9quilibre entre \u00e9nergie, passion, protection et ancrage, rappelant l&rsquo;importance du bien-\u00eatre physique et \u00e9motionnel.<\/p>\n<p>Il est important de souligner que l&rsquo;attrait pour ce bracelet r\u00e9side dans son aspect symbolique et esth\u00e9tique. Bien que certaines traditions attribuent des vertus sp\u00e9cifiques \u00e0 ces pierres, ce bracelet est avant tout un accessoire de mode et un outil de rappel personnel pour le bien-\u00eatre g\u00e9n\u00e9ral, et non un dispositif m\u00e9dical ou un rem\u00e8de de sant\u00e9.<\/p>\n","protected":false},"featured_media":1464,"comment_status":"open","ping_status":"closed","template":"","meta":[],"product_brand":[],"product_cat":[17,75],"product_tag":[],"class_list":{"0":"post-1471","1":"product","2":"type-product","3":"status-publish","4":"has-post-thumbnail","6":"product_cat-bracelet","7":"product_cat-bracelet-specifique","9":"first","10":"instock","11":"shipping-taxable","12":"purchasable","13":"product-type-simple"},"jetpack-related-posts":[],"jetpack_sharing_enabled":true,"_links":{"self":[{"href":"https:\/\/ateliersdefred.fr\/index.php?rest_route=\/wp\/v2\/product\/1471","targetHints":{"allow":["GET"]}}],"collection":[{"href":"https:\/\/ateliersdefred.fr\/index.php?rest_route=\/wp\/v2\/product"}],"about":[{"href":"https:\/\/ateliersdefred.fr\/index.php?rest_route=\/wp\/v2\/types\/product"}],"replies":[{"embeddable":true,"href":"https:\/\/ateliersdefred.fr\/index.php?rest_route=%2Fwp%2Fv2%2Fcomments&post=1471"}],"wp:featuredmedia":[{"embeddable":true,"href":"https:\/\/ateliersdefred.fr\/index.php?rest_route=\/wp\/v2\/media\/1464"}],"wp:attachment":[{"href":"https:\/\/ateliersdefred.fr\/index.php?rest_route=%2Fwp%2Fv2%2Fmedia&parent=1471"}],"wp:term":[{"taxonomy":"product_brand","embeddable":true,"href":"https:\/\/ateliersdefred.fr\/index.php?rest_route=%2Fwp%2Fv2%2Fproduct_brand&post=1471"},{"taxonomy":"product_cat","embeddable":true,"href":"https:\/\/ateliersdefred.fr\/index.php?rest_route=%2Fwp%2Fv2%2Fproduct_cat&post=1471"},{"taxonomy":"product_tag","embeddable":true,"href":"https:\/\/ateliersdefred.fr\/index.php?rest_route=%2Fwp%2Fv2%2Fproduct_tag&post=1471"}],"curies":[{"name":"wp","href":"https:\/\/api.w.org\/{rel}","templated":true}]}}