{"id":1477,"date":"2023-04-25T14:39:25","date_gmt":"2023-04-25T12:39:25","guid":{"rendered":"https:\/\/ateliersdefred.fr\/?product=bracelet-examen-et-memoire"},"modified":"2023-07-19T14:09:19","modified_gmt":"2023-07-19T12:09:19","slug":"bracelet-examen-et-memoire","status":"publish","type":"product","link":"https:\/\/ateliersdefred.fr\/?product=bracelet-examen-et-memoire","title":{"rendered":"Bracelet examen et m\u00e9moire"},"content":{"rendered":"<p style=\"text-align:center\"><u><em><strong>Examens et m\u00e9moire <\/strong><\/em><\/u><\/p>\n<div id=\"copyFragmentChild\">\n<div class=\"Collapsible\">\n<div class=\"Collapsible__contentOuter\" style=\"height:auto;overflow:visible\">\n<div class=\"Collapsible__contentInner\">\n<h2 class=\"ADBE_CM_adbe_style_000001 ADBE_E_H2\" lang=\"fr\"><span class=\"ADBE_CM_adbe_text_0001 ADBE_CM_adbe_style_000002 ADBE_E_Span\" data-page=\"1\">PYRITE : <\/span><\/h2>\n<p class=\"ADBE_CM_adbe_text_0000 ADBE_CM_adbe_style_000003 ADBE_E_P\" lang=\"fr\" data-page=\"1\">Ravive la m\u00e9moire<\/p>\n<p class=\"ADBE_CM_adbe_style_000001 ADBE_E_P\" lang=\"fr\"><span class=\"ADBE_CM_adbe_text_0000 ADBE_CM_adbe_style_000004 ADBE_E_Span\" data-page=\"1\">Aide a acqu\u00e9rir un meilleur sens de l&rsquo;organisation <\/span><\/p>\n<p class=\"ADBE_CM_adbe_text_0000 ADBE_CM_adbe_style_000005 ADBE_E_P\" lang=\"fr\" data-page=\"1\">Favorise les capacit\u00e9s intellectuelles<\/p>\n<p class=\"ADBE_CM_adbe_text_0000 ADBE_CM_adbe_style_000006 ADBE_E_P\" lang=\"fr\" data-page=\"1\">Accro\u00eet la vitalit\u00e9<\/p>\n<h2 class=\"ADBE_CM_adbe_style_000001 ADBE_E_H2\" lang=\"fr\"><span class=\"ADBE_CM_adbe_text_0002 ADBE_CM_adbe_style_000007 ADBE_E_Span\" data-page=\"1\">FLUORITE : <\/span><\/h2>\n<p class=\"ADBE_CM_adbe_text_0000 ADBE_CM_adbe_style_000008 ADBE_E_P\" lang=\"fr\" data-page=\"1\">Favorise la clart\u00e9 mentale et lucidit\u00e9<\/p>\n<p class=\"ADBE_CM_adbe_text_0000 ADBE_CM_adbe_style_000003 ADBE_E_P\" lang=\"fr\" data-page=\"1\">Nos pens\u00e9es sont plus claires et les situations mieux \u00e9valu\u00e9es<\/p>\n<p class=\"ADBE_CM_adbe_text_0000 ADBE_CM_adbe_style_000006 ADBE_E_P\" lang=\"fr\" data-page=\"1\">Bon pour le travail en introspection<\/p>\n<h2 class=\"ADBE_CM_adbe_style_000001 ADBE_E_H2\" lang=\"fr\"><span class=\"ADBE_CM_adbe_text_0000 ADBE_CM_adbe_style_000009 ADBE_E_Span\" data-page=\"1\">SODALITE: <\/span><\/h2>\n<p class=\"ADBE_CM_adbe_text_0000 ADBE_CM_adbe_style_000003 ADBE_E_P\" lang=\"fr\" data-page=\"1\">Facilite le travail en groupe<\/p>\n<p class=\"ADBE_CM_adbe_text_0000 ADBE_CM_adbe_style_000001 ADBE_E_P\" lang=\"fr\" data-page=\"1\">Favorise la confiance en soi<\/p>\n<p class=\"ADBE_CM_adbe_text_0000 ADBE_CM_adbe_style_000005 ADBE_E_P\" lang=\"fr\" data-page=\"1\">Renforce les intuitions<\/p>\n<p class=\"ADBE_CM_adbe_text_0000 ADBE_CM_adbe_style_000006 ADBE_E_P\" lang=\"fr\" data-page=\"1\">Apaise,calme et canalise nos pens\u00e9es<\/p>\n<p class=\"ADBE_CM_adbe_text_0000 ADBE_CM_adbe_style_000001 ADBE_E_P\" lang=\"fr\" data-page=\"1\">CRISTAL DE ROCHE :<\/p>\n<p class=\"ADBE_CM_adbe_text_0000 ADBE_CM_adbe_style_000005 ADBE_E_P\" lang=\"fr\" data-page=\"1\">Amplifie les vertus des pierres<\/p>\n<p class=\"ADBE_CM_adbe_text_0000 ADBE_CM_adbe_style_000006 ADBE_E_P\" lang=\"fr\" data-page=\"1\">Facilite la concentration et inspiration<\/p>\n<p class=\"ADBE_CM_adbe_text_0000 ADBE_CM_adbe_style_00000a ADBE_E_P\" lang=\"fr\" data-page=\"1\">Mais \u00e9galement, profitez des autres vertus naturelles de ces pierres.<\/p>\n<\/div>\n<\/div>\n<\/div>\n<\/div>\n","protected":false},"excerpt":{"rendered":"<p>Examens et m\u00e9moire PYRITE : Ravive la m\u00e9moire Aide a acqu\u00e9rir un meilleur sens de l&rsquo;organisation Favorise les capacit\u00e9s intellectuelles Accro\u00eet la vitalit\u00e9 FLUORITE : Favorise la clart\u00e9 mentale et lucidit\u00e9 Nos pens\u00e9es sont plus claires et les situations mieux \u00e9valu\u00e9es Bon pour le travail en introspection SODALITE: Facilite le travail en groupe Favorise la <a class=\"read-more\" href=\"https:\/\/ateliersdefred.fr\/?product=bracelet-examen-et-memoire\">READ MORE<\/a><\/p>\n","protected":false},"featured_media":1472,"comment_status":"open","ping_status":"closed","template":"","meta":[],"product_brand":[],"product_cat":[17,75],"product_tag":[],"class_list":{"0":"post-1477","1":"product","2":"type-product","3":"status-publish","4":"has-post-thumbnail","6":"product_cat-bracelet","7":"product_cat-bracelet-specifique","9":"first","10":"instock","11":"shipping-taxable","12":"purchasable","13":"product-type-simple"},"jetpack-related-posts":[],"jetpack_sharing_enabled":true,"_links":{"self":[{"href":"https:\/\/ateliersdefred.fr\/index.php?rest_route=\/wp\/v2\/product\/1477","targetHints":{"allow":["GET"]}}],"collection":[{"href":"https:\/\/ateliersdefred.fr\/index.php?rest_route=\/wp\/v2\/product"}],"about":[{"href":"https:\/\/ateliersdefred.fr\/index.php?rest_route=\/wp\/v2\/types\/product"}],"replies":[{"embeddable":true,"href":"https:\/\/ateliersdefred.fr\/index.php?rest_route=%2Fwp%2Fv2%2Fcomments&post=1477"}],"wp:featuredmedia":[{"embeddable":true,"href":"https:\/\/ateliersdefred.fr\/index.php?rest_route=\/wp\/v2\/media\/1472"}],"wp:attachment":[{"href":"https:\/\/ateliersdefred.fr\/index.php?rest_route=%2Fwp%2Fv2%2Fmedia&parent=1477"}],"wp:term":[{"taxonomy":"product_brand","embeddable":true,"href":"https:\/\/ateliersdefred.fr\/index.php?rest_route=%2Fwp%2Fv2%2Fproduct_brand&post=1477"},{"taxonomy":"product_cat","embeddable":true,"href":"https:\/\/ateliersdefred.fr\/index.php?rest_route=%2Fwp%2Fv2%2Fproduct_cat&post=1477"},{"taxonomy":"product_tag","embeddable":true,"href":"https:\/\/ateliersdefred.fr\/index.php?rest_route=%2Fwp%2Fv2%2Fproduct_tag&post=1477"}],"curies":[{"name":"wp","href":"https:\/\/api.w.org\/{rel}","templated":true}]}}