{"id":1514,"date":"2023-06-22T10:46:32","date_gmt":"2023-06-22T08:46:32","guid":{"rendered":"https:\/\/ateliersdefred.fr\/?product=bracelet-en-labradorite"},"modified":"2024-03-22T14:23:28","modified_gmt":"2024-03-22T13:23:28","slug":"bracelet-en-labradorite","status":"publish","type":"product","link":"https:\/\/ateliersdefred.fr\/?product=bracelet-en-labradorite","title":{"rendered":"Bracelet en labradorite"},"content":{"rendered":"<p>Un bracelet en perles de labradorite est un bijou \u00e9l\u00e9gant et myst\u00e9rieux, r\u00e9put\u00e9 non seulement pour sa beaut\u00e9 mais aussi pour ses nombreuses vertus. La labradorite, une pierre semi-pr\u00e9cieuse aux reflets iridescents, varie du gris sombre au vert, bleu et parfois orange ou jaune, selon l&rsquo;angle et la lumi\u00e8re. Ces reflets captivants, connus sous le nom de labradorescence, donnent \u00e0 chaque perle un aspect unique.<\/p>\n<p><strong><em>Vertus de la Labradorite<\/em><\/strong><\/p>\n<p>&#8211; <strong>Protection<\/strong> : La labradorite est souvent consid\u00e9r\u00e9e comme une pierre protectrice puissante. Elle cr\u00e9e une barri\u00e8re de protection contre les \u00e9nergies n\u00e9gatives, permettant \u00e0 ceux qui la portent de maintenir leur \u00e9nergie personnelle et d&rsquo;\u00e9viter d&rsquo;\u00eatre drain\u00e9s \u00e9motionnellement.<\/p>\n<p>&#8211; <strong>Transformation<\/strong> : Elle favorise la force et la pers\u00e9v\u00e9rance, aidant \u00e0 surmonter les d\u00e9fis et les changements. Elle est particuli\u00e8rement utile dans les p\u00e9riodes de transformation et de changement.<\/p>\n<p>&#8211; <strong>Intuition<\/strong> : La pierre est \u00e9galement connue pour am\u00e9liorer l&rsquo;intuition et la clairvoyance, ouvrant l&rsquo;acc\u00e8s \u00e0 des niveaux de conscience sup\u00e9rieurs. Elle est souvent utilis\u00e9e pour faciliter la m\u00e9ditation et le travail spirituel.<\/p>\n<p>&#8211; <strong>\u00c9quilibre<\/strong> : Elle aide \u00e0 \u00e9quilibrer les \u00e9nergies, harmonisant le corps et l&rsquo;esprit et favorisant un sentiment g\u00e9n\u00e9ral de bien-\u00eatre.<\/p>\n<p><em><strong>Entretien de la Labradorite<\/strong><\/em><\/p>\n<p>Pour maintenir l&rsquo;\u00e9nergie et la beaut\u00e9 de votre bracelet en labradorite, il est important de le nettoyer, de le purifier et de le ressourcer r\u00e9guli\u00e8rement. Cela peut \u00eatre fait en le rin\u00e7ant sous l&rsquo;eau courante pour , en le pla\u00e7ant au soleil ou lune ,sur un amas de quartz et plaque de s\u00e9l\u00e9nite,mais \u00e9galement une fleur de vie<\/p>\n<p>pour le recharger. Ces pratiques aident \u00e0 \u00e9liminer les \u00e9nergies n\u00e9gatives accumul\u00e9es et \u00e0 revitaliser la pierre.<\/p>\n<p><strong><em>Caract\u00e9ristiques d&rsquo;un Bracelet en Perles de Labradorite<\/em><\/strong><\/p>\n<p>Un bracelet en perles de labradorite peut varier en taille de perle, en design et en finition, mais tous partagent la beaut\u00e9 hypnotique et les qualit\u00e9s \u00e9nerg\u00e9tiques de la labradorite. Port\u00e9 seul ou en combinaison avec d&rsquo;autres pierres, il offre une touche d&rsquo;\u00e9l\u00e9gance et un sens profond \u00e0 celui qui le porte.<\/p>\n<p>Ce type de bracelet ne sert pas seulement d&rsquo;accessoire de mode ; il agit \u00e9galement comme un talisman personnel, offrant soutien et protection tout au long de la journ\u00e9e. Pour ceux qui croient en la puissance des pierres, un bracelet en labradorite est un choix pr\u00e9cieux pour ses propri\u00e9t\u00e9s protectrices et sa beaut\u00e9 envo\u00fbtante.<\/p>\n<p>Il est essentiel de rappeler que les vertus attribu\u00e9es aux pierres comme la labradorite rel\u00e8vent du bien-\u00eatre et non de la sant\u00e9. L&rsquo;utilisation de ces pierres pour le soutien \u00e9motionnel et spirituel ne remplace en aucun cas un traitement m\u00e9dical. Pour toute question de sant\u00e9, il convient de consulter un professionnel de sant\u00e9 qualifi\u00e9.<\/p>\n<p>Bracelet 8mm<\/p>\n","protected":false},"excerpt":{"rendered":"<p>Un bracelet en perles de labradorite est un bijou \u00e9l\u00e9gant et myst\u00e9rieux, r\u00e9put\u00e9 non seulement pour sa beaut\u00e9 mais aussi pour ses nombreuses vertus. La labradorite, une pierre semi-pr\u00e9cieuse aux reflets iridescents, varie du gris sombre au vert, bleu et parfois orange ou jaune, selon l&rsquo;angle et la lumi\u00e8re. Ces reflets captivants, connus sous le <a class=\"read-more\" href=\"https:\/\/ateliersdefred.fr\/?product=bracelet-en-labradorite\">READ MORE<\/a><\/p>\n","protected":false},"featured_media":1512,"comment_status":"open","ping_status":"closed","template":"","meta":[],"product_brand":[],"product_cat":[17,37],"product_tag":[],"class_list":{"0":"post-1514","1":"product","2":"type-product","3":"status-publish","4":"has-post-thumbnail","6":"product_cat-bracelet","7":"product_cat-sing","9":"first","10":"instock","11":"shipping-taxable","12":"purchasable","13":"product-type-simple"},"jetpack-related-posts":[],"jetpack_sharing_enabled":true,"_links":{"self":[{"href":"https:\/\/ateliersdefred.fr\/index.php?rest_route=\/wp\/v2\/product\/1514","targetHints":{"allow":["GET"]}}],"collection":[{"href":"https:\/\/ateliersdefred.fr\/index.php?rest_route=\/wp\/v2\/product"}],"about":[{"href":"https:\/\/ateliersdefred.fr\/index.php?rest_route=\/wp\/v2\/types\/product"}],"replies":[{"embeddable":true,"href":"https:\/\/ateliersdefred.fr\/index.php?rest_route=%2Fwp%2Fv2%2Fcomments&post=1514"}],"wp:featuredmedia":[{"embeddable":true,"href":"https:\/\/ateliersdefred.fr\/index.php?rest_route=\/wp\/v2\/media\/1512"}],"wp:attachment":[{"href":"https:\/\/ateliersdefred.fr\/index.php?rest_route=%2Fwp%2Fv2%2Fmedia&parent=1514"}],"wp:term":[{"taxonomy":"product_brand","embeddable":true,"href":"https:\/\/ateliersdefred.fr\/index.php?rest_route=%2Fwp%2Fv2%2Fproduct_brand&post=1514"},{"taxonomy":"product_cat","embeddable":true,"href":"https:\/\/ateliersdefred.fr\/index.php?rest_route=%2Fwp%2Fv2%2Fproduct_cat&post=1514"},{"taxonomy":"product_tag","embeddable":true,"href":"https:\/\/ateliersdefred.fr\/index.php?rest_route=%2Fwp%2Fv2%2Fproduct_tag&post=1514"}],"curies":[{"name":"wp","href":"https:\/\/api.w.org\/{rel}","templated":true}]}}