{"id":1834,"date":"2024-03-24T10:57:46","date_gmt":"2024-03-24T09:57:46","guid":{"rendered":"https:\/\/ateliersdefred.fr\/?product=quartz-rose-2"},"modified":"2024-09-20T14:28:47","modified_gmt":"2024-09-20T12:28:47","slug":"quartz-rose-2","status":"publish","type":"product","link":"https:\/\/ateliersdefred.fr\/?product=quartz-rose-2","title":{"rendered":"Quartz rose"},"content":{"rendered":"<p>Pierre  roul\u00e9e de Quartz rose<\/p>\n<p>provenance principale(Madagascar, Br\u00e9sil)..<\/p>\n<p>photos contractuelles<\/p>\n<p>taille, poids et Apparence peut varie selon arrivage<\/p>\n","protected":false},"excerpt":{"rendered":"<h1>-Le quartz rose<\/h1>\n<p>est souvent appel\u00e9 la \u00ab\u00a0pierre de l&rsquo;amour\u00a0\u00bb et est c\u00e9l\u00e8bre pour sa teinte rose d\u00e9licate, qui peut varier du rose p\u00e2le au rose plus profond.<\/p>\n<p>En lithoth\u00e9rapie, le quartz rose est particuli\u00e8rement appr\u00e9ci\u00e9 pour ses vertus apaisantes et son association au c\u0153ur et \u00e0 l&rsquo;amour.<\/p>\n<p>Voici un descriptif des vertus en lithoth\u00e9rapie, ainsi que ses bienfaits sur le bien-\u00eatre et le spirituel :<\/p>\n<h1> Vertus en Lithoth\u00e9rapie:<\/h1>\n<p>1. Amour et Relations : Le quartz rose est r\u00e9put\u00e9 pour renforcer les liens amoureux et amicaux. Il favorise la compr\u00e9hension et la communication dans les relations, aidant \u00e0 r\u00e9parer les c\u0153urs bris\u00e9s et \u00e0 encourager l&rsquo;acceptation et le pardon.<\/p>\n<p>2. Apaisement et R\u00e9confort : Cette pierre est utilis\u00e9e pour apaiser les \u00e9motions, r\u00e9duire le stress et l&rsquo;anxi\u00e9t\u00e9. Elle procure une sensation de paix et de calme, ce qui peut \u00eatre particuli\u00e8rement b\u00e9n\u00e9fique dans des moments de tristesse ou de deuil.<\/p>\n<p>3. Confiance et Estime de Soi: Le quartz rose encourage \u00e0 s&rsquo;aimer soi-m\u00eame et \u00e0 se respecter. Il aide \u00e0 surmonter les sentiments d&rsquo;ins\u00e9curit\u00e9 ou d&rsquo;inf\u00e9riorit\u00e9, renfor\u00e7ant l&rsquo;estime de soi et la confiance en soi.<\/p>\n<h1>Vertus Bien-\u00eatre et Spirituel<\/h1>\n<p>1. \u00c9quilibre \u00c9motionnel: Sur le plan spirituel, le quartz rose est associ\u00e9 au chakra du c\u0153ur. Il aide \u00e0 \u00e9quilibrer les \u00e9motions, favorisant la gu\u00e9rison int\u00e9rieure et l&rsquo;ouverture aux autres.<\/p>\n<p>2. Harmonie et Paix Int\u00e9rieure : En aidant \u00e0 lib\u00e9rer les \u00e9nergies n\u00e9gatives et \u00e0 accueillir les vibrations positives, le quartz rose contribue \u00e0 une atmosph\u00e8re de paix et d&rsquo;harmonie, tant au niveau personnel qu&rsquo;au sein de l&rsquo;environnement domestique.<\/p>\n<p>3. M\u00e9ditation et Relaxation : Cette pierre est \u00e9galement utilis\u00e9e comme support de m\u00e9ditation pour approfondir la relaxation, encourager la r\u00e9flexion et la m\u00e9ditation sur l&rsquo;amour sous toutes ses formes.<\/p>\n<p>Le quartz rose, avec ses douces \u00e9nergies, est ainsi consid\u00e9r\u00e9 comme un outil puissant en lithoth\u00e9rapie et pour le bien-\u00eatre spirituel, aidant \u00e0 ouvrir le c\u0153ur, \u00e0 gu\u00e9rir les peines et \u00e0 favoriser l&rsquo;amour, l&rsquo;auto-compassion, et l&rsquo;harmonie int\u00e9rieure.<\/p>\n","protected":false},"featured_media":1832,"comment_status":"open","ping_status":"closed","template":"","meta":[],"product_brand":[],"product_cat":[15,53,113,114],"product_tag":[],"class_list":{"0":"post-1834","1":"product","2":"type-product","3":"status-publish","4":"has-post-thumbnail","6":"product_cat-mineral","7":"product_cat-poli","8":"product_cat-pierre-roulee","9":"product_cat-pierre-roulee-mineral","11":"first","12":"instock","13":"shipping-taxable","14":"purchasable","15":"product-type-simple"},"jetpack-related-posts":[],"jetpack_sharing_enabled":true,"_links":{"self":[{"href":"https:\/\/ateliersdefred.fr\/index.php?rest_route=\/wp\/v2\/product\/1834","targetHints":{"allow":["GET"]}}],"collection":[{"href":"https:\/\/ateliersdefred.fr\/index.php?rest_route=\/wp\/v2\/product"}],"about":[{"href":"https:\/\/ateliersdefred.fr\/index.php?rest_route=\/wp\/v2\/types\/product"}],"replies":[{"embeddable":true,"href":"https:\/\/ateliersdefred.fr\/index.php?rest_route=%2Fwp%2Fv2%2Fcomments&post=1834"}],"wp:featuredmedia":[{"embeddable":true,"href":"https:\/\/ateliersdefred.fr\/index.php?rest_route=\/wp\/v2\/media\/1832"}],"wp:attachment":[{"href":"https:\/\/ateliersdefred.fr\/index.php?rest_route=%2Fwp%2Fv2%2Fmedia&parent=1834"}],"wp:term":[{"taxonomy":"product_brand","embeddable":true,"href":"https:\/\/ateliersdefred.fr\/index.php?rest_route=%2Fwp%2Fv2%2Fproduct_brand&post=1834"},{"taxonomy":"product_cat","embeddable":true,"href":"https:\/\/ateliersdefred.fr\/index.php?rest_route=%2Fwp%2Fv2%2Fproduct_cat&post=1834"},{"taxonomy":"product_tag","embeddable":true,"href":"https:\/\/ateliersdefred.fr\/index.php?rest_route=%2Fwp%2Fv2%2Fproduct_tag&post=1834"}],"curies":[{"name":"wp","href":"https:\/\/api.w.org\/{rel}","templated":true}]}}