{"id":1888,"date":"2024-08-28T09:35:11","date_gmt":"2024-08-28T07:35:11","guid":{"rendered":"https:\/\/ateliersdefred.fr\/?product=pendentif-en-rhodonite"},"modified":"2024-08-28T09:35:11","modified_gmt":"2024-08-28T07:35:11","slug":"pendentif-en-rhodonite","status":"publish","type":"product","link":"https:\/\/ateliersdefred.fr\/?product=pendentif-en-rhodonite","title":{"rendered":"Pendentif en Rhodonite"},"content":{"rendered":"<p>Pendentif en pointe de Rhodonite<\/p>\n<p>Description :<\/p>\n<p>Ce pendentif unique est compos\u00e9 d&rsquo;une pierre de rhodonite taill\u00e9e en pointe, soigneusement polie pour mettre en valeur ses nuances de rose intense parsem\u00e9es de veines noires naturelles. La forme en pointe de ce bijou permet de canaliser et de diriger l&rsquo;\u00e9nergie de la pierre, offrant \u00e0 la fois \u00e9l\u00e9gance et protection \u00e0 celui ou celle qui le porte. Ce pendentif est mont\u00e9 sur un fermoir en argent pour un toucher raffin\u00e9 et une tenue durable.<\/p>\n<p>Vertus lithoth\u00e9rapie &#8211; Effets physiques :<br \/>\nLa rhodonite est une pierre puissante en lithoth\u00e9rapie, r\u00e9put\u00e9e pour ses propri\u00e9t\u00e9s r\u00e9g\u00e9n\u00e9ratrices. Elle est particuli\u00e8rement recommand\u00e9e pour favoriser la gu\u00e9rison des blessures, en particulier des coupures et des cicatrices, gr\u00e2ce \u00e0 ses capacit\u00e9s \u00e0 stimuler la r\u00e9paration tissulaire. De plus, elle aide \u00e0 soulager les inflammations et contribue \u00e0 am\u00e9liorer la circulation sanguine, apportant ainsi un soutien pr\u00e9cieux pour les personnes souffrant de troubles du syst\u00e8me circulatoire.<\/p>\n<p>Vertus bien-\u00eatre &#8211; Effets \u00e9motionnels<br \/>\nSur le plan \u00e9motionnel, la rhodonite est connue pour ses effets apaisants et stabilisants. Elle aide \u00e0 dissiper l&rsquo;anxi\u00e9t\u00e9 et le stress, favorisant ainsi un \u00e9tat de calme int\u00e9rieur. C&rsquo;est \u00e9galement une pierre de pardon et de r\u00e9conciliation, id\u00e9ale pour surmonter les blessures \u00e9motionnelles du pass\u00e9. La rhodonite renforce la confiance en soi et encourage l&rsquo;amour altruiste, ce qui en fait un alli\u00e9 pr\u00e9cieux dans les relations personnelles.<\/p>\n<p>Histoire, origine et provenance :<br \/>\nLa rhodonite tire son nom du mot grec \u00ab\u00a0rhodon\u00a0\u00bb, qui signifie \u00ab\u00a0rose\u00a0\u00bb, en r\u00e9f\u00e9rence \u00e0 sa couleur caract\u00e9ristique. Cette pierre a \u00e9t\u00e9 d\u00e9couverte pour la premi\u00e8re fois en Russie au 18\u00e8me si\u00e8cle, o\u00f9 elle \u00e9tait tr\u00e8s pris\u00e9e par l&rsquo;aristocratie pour ses propri\u00e9t\u00e9s protectrices et d\u00e9coratives. Aujourd&rsquo;hui, les principaux gisements de rhodonite se trouvent en Russie, en Australie, au Br\u00e9sil, au Mexique et aux \u00c9tats-Unis. Chaque pierre utilis\u00e9e pour ce pendentif a \u00e9t\u00e9 s\u00e9lectionn\u00e9e pour sa qualit\u00e9 exceptionnelle et son origine \u00e9thique.<\/p>\n","protected":false},"excerpt":{"rendered":"<p>Pendentif en pointe de Rhodonite Description : Ce pendentif unique est compos\u00e9 d&rsquo;une pierre de rhodonite taill\u00e9e en pointe, soigneusement polie pour mettre en valeur ses nuances de rose intense parsem\u00e9es de veines noires naturelles. La forme en pointe de ce bijou permet de canaliser et de diriger l&rsquo;\u00e9nergie de la pierre, offrant \u00e0 la <a class=\"read-more\" href=\"https:\/\/ateliersdefred.fr\/?product=pendentif-en-rhodonite\">READ MORE<\/a><\/p>\n","protected":false},"featured_media":1885,"comment_status":"open","ping_status":"closed","template":"","meta":[],"product_brand":[],"product_cat":[22],"product_tag":[],"class_list":{"0":"post-1888","1":"product","2":"type-product","3":"status-publish","4":"has-post-thumbnail","6":"product_cat-pendant","8":"first","9":"instock","10":"shipping-taxable","11":"purchasable","12":"product-type-simple"},"jetpack-related-posts":[],"jetpack_sharing_enabled":true,"_links":{"self":[{"href":"https:\/\/ateliersdefred.fr\/index.php?rest_route=\/wp\/v2\/product\/1888","targetHints":{"allow":["GET"]}}],"collection":[{"href":"https:\/\/ateliersdefred.fr\/index.php?rest_route=\/wp\/v2\/product"}],"about":[{"href":"https:\/\/ateliersdefred.fr\/index.php?rest_route=\/wp\/v2\/types\/product"}],"replies":[{"embeddable":true,"href":"https:\/\/ateliersdefred.fr\/index.php?rest_route=%2Fwp%2Fv2%2Fcomments&post=1888"}],"wp:featuredmedia":[{"embeddable":true,"href":"https:\/\/ateliersdefred.fr\/index.php?rest_route=\/wp\/v2\/media\/1885"}],"wp:attachment":[{"href":"https:\/\/ateliersdefred.fr\/index.php?rest_route=%2Fwp%2Fv2%2Fmedia&parent=1888"}],"wp:term":[{"taxonomy":"product_brand","embeddable":true,"href":"https:\/\/ateliersdefred.fr\/index.php?rest_route=%2Fwp%2Fv2%2Fproduct_brand&post=1888"},{"taxonomy":"product_cat","embeddable":true,"href":"https:\/\/ateliersdefred.fr\/index.php?rest_route=%2Fwp%2Fv2%2Fproduct_cat&post=1888"},{"taxonomy":"product_tag","embeddable":true,"href":"https:\/\/ateliersdefred.fr\/index.php?rest_route=%2Fwp%2Fv2%2Fproduct_tag&post=1888"}],"curies":[{"name":"wp","href":"https:\/\/api.w.org\/{rel}","templated":true}]}}