{"id":1923,"date":"2024-09-20T14:09:21","date_gmt":"2024-09-20T12:09:21","guid":{"rendered":"https:\/\/ateliersdefred.fr\/?product=geode-grise-amethyste-uruguay"},"modified":"2024-09-20T14:09:21","modified_gmt":"2024-09-20T12:09:21","slug":"geode-grise-amethyste-uruguay","status":"publish","type":"product","link":"https:\/\/ateliersdefred.fr\/?product=geode-grise-amethyste-uruguay","title":{"rendered":"Geode grise Am\u00e9thyste Uruguay"},"content":{"rendered":"<p>G\u00e9ode  Grise d&rsquo;Am\u00e9thyste d&rsquo;Uruguay :<\/p>\n<p>Vertus et Bienfaits<\/p>\n<p>La g\u00e9ode d&rsquo;am\u00e9thyste d&rsquo;Uruguay est une pierre d&rsquo;exception, reconnue non seulement pour sa beaut\u00e9 envo\u00fbtante mais aussi pour ses nombreuses vertus en lithoth\u00e9rapie.Vertus en Lithoth\u00e9rapieL&rsquo;am\u00e9thyste est une pierre puissante, particuli\u00e8rement appr\u00e9ci\u00e9e pour ses effets apaisants et purificateurs. Elle est connue pour calmer l&rsquo;esprit, favoriser la m\u00e9ditation et aider \u00e0 \u00e9quilibrer les \u00e9motions. C&rsquo;est une pierre qui encourage la clart\u00e9 mentale, renforce la concentration, et aide \u00e0 se lib\u00e9rer des pens\u00e9es n\u00e9gatives. L&rsquo;am\u00e9thyste est \u00e9galement associ\u00e9e \u00e0 l&rsquo;apaisement des maux de t\u00eate, \u00e0 la r\u00e9duction du stress et \u00e0 l&rsquo;am\u00e9lioration du sommeil.<\/p>\n<p>Bienfaits dans une Pi\u00e8ce de Vie<\/p>\n<p>Plac\u00e9e dans une pi\u00e8ce de vie, la g\u00e9ode d&rsquo;am\u00e9thyste agit comme un purificateur d&rsquo;\u00e9nergie. Elle diffuse une \u00e9nergie douce et apaisante qui transforme l&rsquo;atmosph\u00e8re, rendant l&rsquo;espace plus serein et harmonieux. Elle est id\u00e9ale pour un salon ou une salle de m\u00e9ditation, o\u00f9 elle aide \u00e0 cr\u00e9er une ambiance propice \u00e0 la d\u00e9tente et \u00e0 la r\u00e9flexion.<\/p>\n<p>Bienfaits pour les Personnes dans la Pi\u00e8ce<\/p>\n<p>Les personnes pr\u00e9sentes dans la pi\u00e8ce o\u00f9 se trouve une g\u00e9ode d&rsquo;am\u00e9thyste ressentiront un sentiment de calme et de bien-\u00eatre. Cette pierre encourage la s\u00e9r\u00e9nit\u00e9, r\u00e9duit le stress et les tensions, et favorise une communication plus ouverte et paisible. Elle peut aussi aider \u00e0 am\u00e9liorer la concentration et \u00e0 stimuler l&rsquo;inspiration, ce qui en fait un excellent choix pour les espaces de travail ou de cr\u00e9ation. Enfin, l&rsquo;\u00e9nergie de l&rsquo;am\u00e9thyste soutient les processus de gu\u00e9rison \u00e9motionnelle, ce qui peut \u00eatre b\u00e9n\u00e9fique pour les personnes en qu\u00eate de paix int\u00e9rieure.<\/p>\n","protected":false},"excerpt":{"rendered":"<p>G\u00e9ode Grise d&rsquo;Am\u00e9thyste d&rsquo;Uruguay : Vertus et Bienfaits La g\u00e9ode d&rsquo;am\u00e9thyste d&rsquo;Uruguay est une pierre d&rsquo;exception, reconnue non seulement pour sa beaut\u00e9 envo\u00fbtante mais aussi pour ses nombreuses vertus en lithoth\u00e9rapie.Vertus en Lithoth\u00e9rapieL&rsquo;am\u00e9thyste est une pierre puissante, particuli\u00e8rement appr\u00e9ci\u00e9e pour ses effets apaisants et purificateurs. Elle est connue pour calmer l&rsquo;esprit, favoriser la m\u00e9ditation et <a class=\"read-more\" href=\"https:\/\/ateliersdefred.fr\/?product=geode-grise-amethyste-uruguay\">READ MORE<\/a><\/p>\n","protected":false},"featured_media":1915,"comment_status":"open","ping_status":"closed","template":"","meta":[],"product_brand":[],"product_cat":[110,54,15],"product_tag":[],"class_list":{"0":"post-1923","1":"product","2":"type-product","3":"status-publish","4":"has-post-thumbnail","6":"product_cat-blocs-forme-libres","7":"product_cat-geode","8":"product_cat-mineral","10":"first","11":"instock","12":"shipping-taxable","13":"purchasable","14":"product-type-simple"},"jetpack-related-posts":[],"jetpack_sharing_enabled":true,"_links":{"self":[{"href":"https:\/\/ateliersdefred.fr\/index.php?rest_route=\/wp\/v2\/product\/1923","targetHints":{"allow":["GET"]}}],"collection":[{"href":"https:\/\/ateliersdefred.fr\/index.php?rest_route=\/wp\/v2\/product"}],"about":[{"href":"https:\/\/ateliersdefred.fr\/index.php?rest_route=\/wp\/v2\/types\/product"}],"replies":[{"embeddable":true,"href":"https:\/\/ateliersdefred.fr\/index.php?rest_route=%2Fwp%2Fv2%2Fcomments&post=1923"}],"wp:featuredmedia":[{"embeddable":true,"href":"https:\/\/ateliersdefred.fr\/index.php?rest_route=\/wp\/v2\/media\/1915"}],"wp:attachment":[{"href":"https:\/\/ateliersdefred.fr\/index.php?rest_route=%2Fwp%2Fv2%2Fmedia&parent=1923"}],"wp:term":[{"taxonomy":"product_brand","embeddable":true,"href":"https:\/\/ateliersdefred.fr\/index.php?rest_route=%2Fwp%2Fv2%2Fproduct_brand&post=1923"},{"taxonomy":"product_cat","embeddable":true,"href":"https:\/\/ateliersdefred.fr\/index.php?rest_route=%2Fwp%2Fv2%2Fproduct_cat&post=1923"},{"taxonomy":"product_tag","embeddable":true,"href":"https:\/\/ateliersdefred.fr\/index.php?rest_route=%2Fwp%2Fv2%2Fproduct_tag&post=1923"}],"curies":[{"name":"wp","href":"https:\/\/api.w.org\/{rel}","templated":true}]}}