{"id":1946,"date":"2024-09-20T14:56:42","date_gmt":"2024-09-20T12:56:42","guid":{"rendered":"https:\/\/ateliersdefred.fr\/?product=fluorite-verte-du-maroc"},"modified":"2024-09-20T14:56:42","modified_gmt":"2024-09-20T12:56:42","slug":"fluorite-verte-du-maroc","status":"publish","type":"product","link":"https:\/\/ateliersdefred.fr\/?product=fluorite-verte-du-maroc","title":{"rendered":"Fluorite verte du Maroc"},"content":{"rendered":"<p>La fluorite verte translucide du Maroc,<\/p>\n<p>extraite de la mine de El Hammam,<\/p>\n<p>se distingue par sa couleur verte lumineuse et sa transparence \u00e9l\u00e9gante. Les cristaux cubiques sont souvent accompagn\u00e9s d\u2019une gangue de quartz blanc ou gris\u00e2tre, cr\u00e9ant un contraste naturel qui accentue la beaut\u00e9 de la pierre. Cette association de fluorite et quartz offre un ensemble harmonieux et esth\u00e9tique, id\u00e9al pour la d\u00e9coration ou les collections min\u00e9ralogiques.<\/p>\n","protected":false},"excerpt":{"rendered":"<p>La fluorite verte translucide du Maroc, extraite de la mine de El Hammam, se distingue par sa couleur verte lumineuse et sa transparence \u00e9l\u00e9gante. Les cristaux cubiques sont souvent accompagn\u00e9s d\u2019une gangue de quartz blanc ou gris\u00e2tre, cr\u00e9ant un contraste naturel qui accentue la beaut\u00e9 de la pierre. Cette association de fluorite et quartz offre <a class=\"read-more\" href=\"https:\/\/ateliersdefred.fr\/?product=fluorite-verte-du-maroc\">READ MORE<\/a><\/p>\n","protected":false},"featured_media":1941,"comment_status":"open","ping_status":"closed","template":"","meta":[],"product_brand":[],"product_cat":[15,52],"product_tag":[],"class_list":{"0":"post-1946","1":"product","2":"type-product","3":"status-publish","4":"has-post-thumbnail","6":"product_cat-mineral","7":"product_cat-brut","9":"first","10":"instock","11":"shipping-taxable","12":"purchasable","13":"product-type-simple"},"jetpack-related-posts":[],"jetpack_sharing_enabled":true,"_links":{"self":[{"href":"https:\/\/ateliersdefred.fr\/index.php?rest_route=\/wp\/v2\/product\/1946","targetHints":{"allow":["GET"]}}],"collection":[{"href":"https:\/\/ateliersdefred.fr\/index.php?rest_route=\/wp\/v2\/product"}],"about":[{"href":"https:\/\/ateliersdefred.fr\/index.php?rest_route=\/wp\/v2\/types\/product"}],"replies":[{"embeddable":true,"href":"https:\/\/ateliersdefred.fr\/index.php?rest_route=%2Fwp%2Fv2%2Fcomments&post=1946"}],"wp:featuredmedia":[{"embeddable":true,"href":"https:\/\/ateliersdefred.fr\/index.php?rest_route=\/wp\/v2\/media\/1941"}],"wp:attachment":[{"href":"https:\/\/ateliersdefred.fr\/index.php?rest_route=%2Fwp%2Fv2%2Fmedia&parent=1946"}],"wp:term":[{"taxonomy":"product_brand","embeddable":true,"href":"https:\/\/ateliersdefred.fr\/index.php?rest_route=%2Fwp%2Fv2%2Fproduct_brand&post=1946"},{"taxonomy":"product_cat","embeddable":true,"href":"https:\/\/ateliersdefred.fr\/index.php?rest_route=%2Fwp%2Fv2%2Fproduct_cat&post=1946"},{"taxonomy":"product_tag","embeddable":true,"href":"https:\/\/ateliersdefred.fr\/index.php?rest_route=%2Fwp%2Fv2%2Fproduct_tag&post=1946"}],"curies":[{"name":"wp","href":"https:\/\/api.w.org\/{rel}","templated":true}]}}