{"id":1954,"date":"2024-09-20T15:21:20","date_gmt":"2024-09-20T13:21:20","guid":{"rendered":"https:\/\/ateliersdefred.fr\/?product=fluorite-multicolore"},"modified":"2024-09-21T07:15:34","modified_gmt":"2024-09-21T05:15:34","slug":"fluorite-multicolore","status":"publish","type":"product","link":"https:\/\/ateliersdefred.fr\/?product=fluorite-multicolore","title":{"rendered":"Fluorite  multicolore"},"content":{"rendered":"<p>Pi\u00e8ce ancienne de fluorite multicolore aux teintes miel de la mine de El Hammam au Maroc  unique et rare.<\/p>\n<p>Elle se distingue par ses nuances douces de miel, sublim\u00e9es par des inclusions de calcite en  fant\u00f4me, un ph\u00e9nom\u00e8ne exceptionnel qui ajoute profondeur et myst\u00e8re \u00e0 la pierre.<\/p>\n<p>Les cavit\u00e9s de la fluorite sont partiellement remplies de pyrite aux reflets dor\u00e9s et argent\u00e9s, cr\u00e9ant un contraste m\u00e9tallique saisissant.<\/p>\n<p>Cette combinaison de couleurs chaudes, d&rsquo;inclusions fantomatiques et de pyrite \u00e9clatante en fait une pi\u00e8ce d&rsquo;une beaut\u00e9 rare, recherch\u00e9e par les collectionneurs pour son caract\u00e8re unique et ancien.<\/p>\n","protected":false},"excerpt":{"rendered":"<p>Pi\u00e8ce ancienne de fluorite multicolore aux teintes miel de la mine de El Hammam au Maroc unique et rare. Elle se distingue par ses nuances douces de miel, sublim\u00e9es par des inclusions de calcite en fant\u00f4me, un ph\u00e9nom\u00e8ne exceptionnel qui ajoute profondeur et myst\u00e8re \u00e0 la pierre. Les cavit\u00e9s de la fluorite sont partiellement remplies <a class=\"read-more\" href=\"https:\/\/ateliersdefred.fr\/?product=fluorite-multicolore\">READ MORE<\/a><\/p>\n","protected":false},"featured_media":1949,"comment_status":"open","ping_status":"closed","template":"","meta":[],"product_brand":[],"product_cat":[15,52],"product_tag":[],"class_list":{"0":"post-1954","1":"product","2":"type-product","3":"status-publish","4":"has-post-thumbnail","6":"product_cat-mineral","7":"product_cat-brut","9":"first","10":"instock","11":"shipping-taxable","12":"purchasable","13":"product-type-simple"},"jetpack-related-posts":[],"jetpack_sharing_enabled":true,"_links":{"self":[{"href":"https:\/\/ateliersdefred.fr\/index.php?rest_route=\/wp\/v2\/product\/1954","targetHints":{"allow":["GET"]}}],"collection":[{"href":"https:\/\/ateliersdefred.fr\/index.php?rest_route=\/wp\/v2\/product"}],"about":[{"href":"https:\/\/ateliersdefred.fr\/index.php?rest_route=\/wp\/v2\/types\/product"}],"replies":[{"embeddable":true,"href":"https:\/\/ateliersdefred.fr\/index.php?rest_route=%2Fwp%2Fv2%2Fcomments&post=1954"}],"wp:featuredmedia":[{"embeddable":true,"href":"https:\/\/ateliersdefred.fr\/index.php?rest_route=\/wp\/v2\/media\/1949"}],"wp:attachment":[{"href":"https:\/\/ateliersdefred.fr\/index.php?rest_route=%2Fwp%2Fv2%2Fmedia&parent=1954"}],"wp:term":[{"taxonomy":"product_brand","embeddable":true,"href":"https:\/\/ateliersdefred.fr\/index.php?rest_route=%2Fwp%2Fv2%2Fproduct_brand&post=1954"},{"taxonomy":"product_cat","embeddable":true,"href":"https:\/\/ateliersdefred.fr\/index.php?rest_route=%2Fwp%2Fv2%2Fproduct_cat&post=1954"},{"taxonomy":"product_tag","embeddable":true,"href":"https:\/\/ateliersdefred.fr\/index.php?rest_route=%2Fwp%2Fv2%2Fproduct_tag&post=1954"}],"curies":[{"name":"wp","href":"https:\/\/api.w.org\/{rel}","templated":true}]}}