{"id":1973,"date":"2024-11-07T16:31:18","date_gmt":"2024-11-07T15:31:18","guid":{"rendered":"https:\/\/ateliersdefred.fr\/?product=pendentif-labradorite-2"},"modified":"2024-11-07T16:31:18","modified_gmt":"2024-11-07T15:31:18","slug":"pendentif-labradorite-2","status":"publish","type":"product","link":"https:\/\/ateliersdefred.fr\/?product=pendentif-labradorite-2","title":{"rendered":"Pendentif labradorite"},"content":{"rendered":"<p>Pendentif en Labradorite &#8211; \u00c9l\u00e9gance et Bien-\u00eatre<\/p>\n<p>Ce joli pendentif en labradorite, serti sur argent 925, r\u00e9v\u00e8le des reflets mystiques uniques. La labradorite est appr\u00e9ci\u00e9e en lithoth\u00e9rapie pour ses vertus physiques, \u00e9motionnelles et spirituelles, favorisant protection et \u00e9quilibre au quotidien. Le pendentif est vendu et livr\u00e9 avec une cha\u00eene en acier inoxydable pour un \u00e9clat durable.<\/p>\n<p><em>Note : Photo non contractuelle. Les couleurs peuvent varier selon arrivage.<\/em><\/p>\n","protected":false},"excerpt":{"rendered":"<p><strong>La Labradorite <\/strong><\/p>\n<p>Pierre de Protection et d&rsquo;\u00c9quilibre<\/p>\n<p>La labradorite est une pierre pr\u00e9cieuse en lithoth\u00e9rapie, pris\u00e9e pour ses multiples bienfaits sur le plan physique, \u00e9motionnel et spirituel. Ses reflets iris\u00e9s captent la lumi\u00e8re et symbolisent protection et transformation.<\/p>\n<p><u><strong><em>Vertus physiques :<\/em><\/strong><\/u> La labradorite est reconnue pour ses effets b\u00e9n\u00e9fiques sur l\u2019\u00e9nergie physique, contribuant \u00e0 renforcer l\u2019endurance et \u00e0 att\u00e9nuer la fatigue. Elle est souvent utilis\u00e9e pour soulager les tensions, particuli\u00e8rement au niveau des articulations et des muscles, apportant ainsi une sensation de bien-\u00eatre g\u00e9n\u00e9ral.<\/p>\n<p><strong><em><u>Bien-\u00eatre \u00e9motionnel :<\/u><\/em><\/strong> Sur le plan \u00e9motionnel, cette pierre est r\u00e9put\u00e9e pour son effet apaisant, aidant \u00e0 r\u00e9duire le stress et les pens\u00e9es n\u00e9gatives. Elle agit comme un bouclier, permettant d\u2019absorber les \u00e9nergies ind\u00e9sirables de l\u2019entourage tout en favorisant la clart\u00e9 mentale. La labradorite aide \u00e0 retrouver confiance et s\u00e9r\u00e9nit\u00e9 dans les moments de doute.<\/p>\n<p><strong><em><u>Vertus spirituelles :<\/u><\/em><\/strong> Sur le plan spirituel, la labradorite est une pierre d\u2019intuition et de transformation. Elle stimule les capacit\u00e9s intuitives et aide \u00e0 d\u00e9velopper une perception plus profonde. En m\u00e9ditation, elle favorise la connexion avec le subconscient, aidant \u00e0 explorer de nouvelles dimensions spirituelles tout en restant ancr\u00e9.<\/p>\n<p>En r\u00e9sum\u00e9, la labradorite est une pierre compl\u00e8te qui harmonise les \u00e9nergies et favorise la protection, la clart\u00e9 d\u2019esprit et l\u2019\u00e9quilibre \u00e9motionnel, en faisant un alli\u00e9 pr\u00e9cieux pour un quotidien serein et inspir\u00e9.<\/p>\n","protected":false},"featured_media":1969,"comment_status":"open","ping_status":"closed","template":"","meta":[],"product_brand":[],"product_cat":[112,22],"product_tag":[116],"class_list":{"0":"post-1973","1":"product","2":"type-product","3":"status-publish","4":"has-post-thumbnail","6":"product_cat-pendentif-argent-925","7":"product_cat-pendant","8":"product_tag-ovl-labra-petit-002","10":"first","11":"instock","12":"shipping-taxable","13":"purchasable","14":"product-type-simple"},"jetpack-related-posts":[],"jetpack_sharing_enabled":true,"_links":{"self":[{"href":"https:\/\/ateliersdefred.fr\/index.php?rest_route=\/wp\/v2\/product\/1973","targetHints":{"allow":["GET"]}}],"collection":[{"href":"https:\/\/ateliersdefred.fr\/index.php?rest_route=\/wp\/v2\/product"}],"about":[{"href":"https:\/\/ateliersdefred.fr\/index.php?rest_route=\/wp\/v2\/types\/product"}],"replies":[{"embeddable":true,"href":"https:\/\/ateliersdefred.fr\/index.php?rest_route=%2Fwp%2Fv2%2Fcomments&post=1973"}],"wp:featuredmedia":[{"embeddable":true,"href":"https:\/\/ateliersdefred.fr\/index.php?rest_route=\/wp\/v2\/media\/1969"}],"wp:attachment":[{"href":"https:\/\/ateliersdefred.fr\/index.php?rest_route=%2Fwp%2Fv2%2Fmedia&parent=1973"}],"wp:term":[{"taxonomy":"product_brand","embeddable":true,"href":"https:\/\/ateliersdefred.fr\/index.php?rest_route=%2Fwp%2Fv2%2Fproduct_brand&post=1973"},{"taxonomy":"product_cat","embeddable":true,"href":"https:\/\/ateliersdefred.fr\/index.php?rest_route=%2Fwp%2Fv2%2Fproduct_cat&post=1973"},{"taxonomy":"product_tag","embeddable":true,"href":"https:\/\/ateliersdefred.fr\/index.php?rest_route=%2Fwp%2Fv2%2Fproduct_tag&post=1973"}],"curies":[{"name":"wp","href":"https:\/\/api.w.org\/{rel}","templated":true}]}}