{"id":2028,"date":"2025-06-12T21:13:39","date_gmt":"2025-06-12T19:13:39","guid":{"rendered":"https:\/\/ateliersdefred.fr\/?product=bracelet-tresors-sacres-degypte-legypte"},"modified":"2025-06-12T21:13:39","modified_gmt":"2025-06-12T19:13:39","slug":"bracelet-tresors-sacres-degypte-legypte","status":"publish","type":"product","link":"https:\/\/ateliersdefred.fr\/?product=bracelet-tresors-sacres-degypte-legypte","title":{"rendered":"bracelet \u00ab\u00a0Tr\u00e9sors Sacr\u00e9s d&rsquo;\u00c9gypte l&rsquo;\u00c9gypte \u00ab\u00a0"},"content":{"rendered":"<p>Un talisman sacr\u00e9, canal des \u00e9nergies ancestrales<br \/>\nPlongez dans la magie spirituelle de l\u2019\u00c9gypte ancienne \u00e0 travers ce bracelet \u00ab\u00a0Sp\u00e9cial \u00c9gypte\u00a0\u00bb, v\u00e9ritable amulette vibratoire aux \u00e9nergies mystiques. Chaque pierre qui le compose a \u00e9t\u00e9 choisie pour sa r\u00e9sonance profonde avec les sagesses ancestrales et les secrets oubli\u00e9s des temples solaires.<\/p>\n","protected":false},"excerpt":{"rendered":"<p>Malachite \u2013 Pierre d\u2019initiation et de m\u00e9tamorphose, elle ouvre <span style=\"font-size:11px\">les portails de la gu\u00e9rison \u00e9motionnelle. Protectrice, elle agit comme un bouclier \u00e9nerg\u00e9tique, purifiant l\u2019aura et favorisant les prises de conscience profondes.<\/span><\/p>\n<p><span style=\"font-size:11px\"><b>Lapis-lazuli<\/b><\/span><span style=\"font-size:11px\"> \u2013 V\u00e9ritable pierre c\u00e9leste, elle \u00e9l\u00e8ve la conscience et active l\u2019intuition divine. Porteuse de v\u00e9rit\u00e9 int\u00e9rieure, elle connecte l\u2019\u00e2me aux plans spirituels sup\u00e9rieurs, facilitant la clairvoyance et les r\u00eaves proph\u00e9tiques.<\/span><\/p>\n<p><span style=\"font-size:11px\"><b>Cornaline<\/b><\/span><span style=\"font-size:11px\"> \u2013 Elle ancre l\u2019\u00e9nergie vitale dans le corps et dans le c\u0153ur. Elle stimule le feu sacr\u00e9 de la cr\u00e9ation, r\u00e9veille la puissance f\u00e9minine et \u00e9quilibre le chakra sacr\u00e9, si\u00e8ge des \u00e9motions et du d\u00e9sir de vivre.<\/span><\/p>\n<p><span style=\"font-size:11px\"><b>Turquoise<\/b><\/span><span style=\"font-size:11px\"> \u2013 Gardienne de l\u2019harmonie, elle relie la Terre au Ciel. Elle soutient la paix int\u00e9rieure, l\u2019\u00e9coute du c\u0153ur et la communication sinc\u00e8re. Protectrice, elle agit comme un filtre vibratoire contre les influences n\u00e9gatives.<\/span><\/p>\n<p><span style=\"font-size:11px\">Ce bracelet est bien plus qu\u2019un bijou : c\u2019est <\/span><span style=\"font-size:11px\"><b>un rituel vivant<\/b><\/span><span style=\"font-size:11px\">, un canal \u00e9nerg\u00e9tique qui r\u00e9active la m\u00e9moire spirituelle de l\u2019\u00e2me. Il vous accompagne dans vos m\u00e9ditations, vos \u00e9lans de transformation et vos qu\u00eates de lumi\u00e8re int\u00e9rieure.<\/span><\/p>\n<p><span style=\"font-size:11px\">\u2728 <\/span><span style=\"font-size:11px\"><b>Un lien sacr\u00e9 entre vous et les myst\u00e8res de l\u2019\u00c9gypte <\/b><\/span><b>\u00e9ternelle <\/b><\/p>\n","protected":false},"featured_media":2027,"comment_status":"open","ping_status":"closed","template":"","meta":[],"product_brand":[],"product_cat":[17,75,86],"product_tag":[],"class_list":{"0":"post-2028","1":"product","2":"type-product","3":"status-publish","4":"has-post-thumbnail","6":"product_cat-bracelet","7":"product_cat-bracelet-specifique","8":"product_cat-promo","10":"first","11":"instock","12":"sale","13":"shipping-taxable","14":"purchasable","15":"product-type-simple"},"jetpack-related-posts":[],"jetpack_sharing_enabled":true,"_links":{"self":[{"href":"https:\/\/ateliersdefred.fr\/index.php?rest_route=\/wp\/v2\/product\/2028","targetHints":{"allow":["GET"]}}],"collection":[{"href":"https:\/\/ateliersdefred.fr\/index.php?rest_route=\/wp\/v2\/product"}],"about":[{"href":"https:\/\/ateliersdefred.fr\/index.php?rest_route=\/wp\/v2\/types\/product"}],"replies":[{"embeddable":true,"href":"https:\/\/ateliersdefred.fr\/index.php?rest_route=%2Fwp%2Fv2%2Fcomments&post=2028"}],"wp:featuredmedia":[{"embeddable":true,"href":"https:\/\/ateliersdefred.fr\/index.php?rest_route=\/wp\/v2\/media\/2027"}],"wp:attachment":[{"href":"https:\/\/ateliersdefred.fr\/index.php?rest_route=%2Fwp%2Fv2%2Fmedia&parent=2028"}],"wp:term":[{"taxonomy":"product_brand","embeddable":true,"href":"https:\/\/ateliersdefred.fr\/index.php?rest_route=%2Fwp%2Fv2%2Fproduct_brand&post=2028"},{"taxonomy":"product_cat","embeddable":true,"href":"https:\/\/ateliersdefred.fr\/index.php?rest_route=%2Fwp%2Fv2%2Fproduct_cat&post=2028"},{"taxonomy":"product_tag","embeddable":true,"href":"https:\/\/ateliersdefred.fr\/index.php?rest_route=%2Fwp%2Fv2%2Fproduct_tag&post=2028"}],"curies":[{"name":"wp","href":"https:\/\/api.w.org\/{rel}","templated":true}]}}