{"id":2034,"date":"2025-06-12T21:18:35","date_gmt":"2025-06-12T19:18:35","guid":{"rendered":"https:\/\/ateliersdefred.fr\/?product=bracelet-%f0%9f%8c%bf-ambiance-nature-ressourcement"},"modified":"2025-06-12T21:18:35","modified_gmt":"2025-06-12T19:18:35","slug":"bracelet-%f0%9f%8c%bf-ambiance-nature-ressourcement","status":"publish","type":"product","link":"https:\/\/ateliersdefred.fr\/?product=bracelet-%f0%9f%8c%bf-ambiance-nature-ressourcement","title":{"rendered":"bracelet \ud83c\udf3f Ambiance \u00ab\u00a0Nature &amp; Ressourcement\u00a0\u00bb"},"content":{"rendered":"<p>Un retour aux sources, \u00e0 la lenteur et \u00e0 l\u2019ancrage doux<br \/>\nDes pierres pour se reconnecter \u00e0 l\u2019essentiel, s\u2019ancrer en douceur, respirer, se sentir vivant et entour\u00e9 de nature<\/p>\n","protected":false},"excerpt":{"rendered":"<p>Bois Fossilis\u00e9 \u2013 Pierre ancestrale li\u00e9e \u00e0 la Terre et au temps. Elle apaise, stabilise, et connecte \u00e0 la sagesse profonde.<\/p>\n<p>Agate Mousse \u2013 Vibrante et vivante, elle \u00e9voque les for\u00eats, les sous-bois, les rivi\u00e8res. Elle favorise l\u2019ancrage, la vitalit\u00e9 douce et la connexion au vivant.<\/p>\n<p>Jade N\u00e9phrite \u2013 Symbole de paix et d\u2019harmonie int\u00e9rieure. Il renforce la force tranquille, le calme mental et l\u2019\u00e9quilibre naturel.<\/p>\n","protected":false},"featured_media":2030,"comment_status":"open","ping_status":"closed","template":"","meta":[],"product_brand":[],"product_cat":[17,75],"product_tag":[],"class_list":{"0":"post-2034","1":"product","2":"type-product","3":"status-publish","4":"has-post-thumbnail","6":"product_cat-bracelet","7":"product_cat-bracelet-specifique","9":"first","10":"instock","11":"shipping-taxable","12":"purchasable","13":"product-type-simple"},"jetpack-related-posts":[],"jetpack_sharing_enabled":true,"_links":{"self":[{"href":"https:\/\/ateliersdefred.fr\/index.php?rest_route=\/wp\/v2\/product\/2034","targetHints":{"allow":["GET"]}}],"collection":[{"href":"https:\/\/ateliersdefred.fr\/index.php?rest_route=\/wp\/v2\/product"}],"about":[{"href":"https:\/\/ateliersdefred.fr\/index.php?rest_route=\/wp\/v2\/types\/product"}],"replies":[{"embeddable":true,"href":"https:\/\/ateliersdefred.fr\/index.php?rest_route=%2Fwp%2Fv2%2Fcomments&post=2034"}],"wp:featuredmedia":[{"embeddable":true,"href":"https:\/\/ateliersdefred.fr\/index.php?rest_route=\/wp\/v2\/media\/2030"}],"wp:attachment":[{"href":"https:\/\/ateliersdefred.fr\/index.php?rest_route=%2Fwp%2Fv2%2Fmedia&parent=2034"}],"wp:term":[{"taxonomy":"product_brand","embeddable":true,"href":"https:\/\/ateliersdefred.fr\/index.php?rest_route=%2Fwp%2Fv2%2Fproduct_brand&post=2034"},{"taxonomy":"product_cat","embeddable":true,"href":"https:\/\/ateliersdefred.fr\/index.php?rest_route=%2Fwp%2Fv2%2Fproduct_cat&post=2034"},{"taxonomy":"product_tag","embeddable":true,"href":"https:\/\/ateliersdefred.fr\/index.php?rest_route=%2Fwp%2Fv2%2Fproduct_tag&post=2034"}],"curies":[{"name":"wp","href":"https:\/\/api.w.org\/{rel}","templated":true}]}}