{"id":2112,"date":"2025-10-24T22:54:16","date_gmt":"2025-10-24T20:54:16","guid":{"rendered":"https:\/\/ateliersdefred.fr\/?product=jaspe-dalmatien"},"modified":"2025-10-24T22:54:16","modified_gmt":"2025-10-24T20:54:16","slug":"jaspe-dalmatien","status":"publish","type":"product","link":"https:\/\/ateliersdefred.fr\/?product=jaspe-dalmatien","title":{"rendered":"jaspe dalmatien"},"content":{"rendered":"<p>Pierre roul\u00e9e de Jaspe dalmatien<\/p>\n<p>provenance( Mexique majorit\u00e9,usa,Afrique du Sud)<\/p>\n<p>taille poids teint aspect peut varier selon arrivage<\/p>\n","protected":false},"excerpt":{"rendered":"<p>Le Jaspe Dalmatien<\/p>\n<p>Le jaspe dalmatien est une pierre joyeuse et originale, imm\u00e9diatement reconnaissable \u00e0 son aspect mouchet\u00e9 de taches noires sur fond beige clair, rappelant la robe du c\u00e9l\u00e8bre chien dont il porte le nom. Il appartient \u00e0 la grande famille des jaspes, vari\u00e9t\u00e9s microcristallines de quartz issues des roches s\u00e9dimentaires.<\/p>\n<p>Symbole de vitalit\u00e9, de protection et de joie de vivre, le jaspe dalmatien aide \u00e0 \u00e9quilibrer les \u00e9nergies, \u00e0 renforcer l\u2019ancrage et \u00e0 cultiver un esprit positif. C\u2019est une pierre qui relie \u00e0 la Terre tout en \u00e9veillant la spontan\u00e9it\u00e9, la confiance et la l\u00e9g\u00e8ret\u00e9 du c\u0153ur.<\/p>\n<p>&#8212;<\/p>\n<p>Vertus et Bienfaits<\/p>\n<p>En Lithoth\u00e9rapie :<\/p>\n<p>Le jaspe dalmatien est reconnu en lithoth\u00e9rapie pour son pouvoir d\u2019ancrage et de protection \u00e9nerg\u00e9tique. Il stabilise les \u00e9motions et aide \u00e0 conserver une attitude \u00e9quilibr\u00e9e face aux d\u00e9fis du quotidien.<\/p>\n<p>Sa vibration joyeuse stimule la motivation, la d\u00e9termination et le dynamisme int\u00e9rieur. Il encourage \u00e0 aller de l\u2019avant, \u00e0 concr\u00e9tiser ses id\u00e9es et \u00e0 transformer les pens\u00e9es en actions.<\/p>\n<p>C\u2019est \u00e9galement une pierre id\u00e9ale pour retrouver la joie simple de vivre, chasser la morosit\u00e9 et redonner \u00e0 la vie une note de l\u00e9g\u00e8ret\u00e9 et de spontan\u00e9it\u00e9.<\/p>\n<p>&#8212;<\/p>\n<p>Au Niveau Bien-\u00eatre et Spirituel :<\/p>\n<p>Pierre d\u2019\u00e9quilibre \u00e9motionnel, le jaspe dalmatien apaise les tensions int\u00e9rieures, favorise la bonne humeur et aide \u00e0 se lib\u00e9rer du stress accumul\u00e9.<br \/>\nIl renforce la connexion \u00e0 la Terre et \u00e0 l\u2019instant pr\u00e9sent, tout en soutenant le travail sur soi et l\u2019\u00e9volution spirituelle.<\/p>\n<p>Sur le plan \u00e9nerg\u00e9tique, il agit comme un bouclier protecteur, \u00e9loignant les \u00e9nergies n\u00e9gatives et favorisant la stabilit\u00e9. Il est aussi souvent utilis\u00e9 pour stimuler la cr\u00e9ativit\u00e9 et renforcer la confiance lors de nouveaux projets personnels ou professionnels.<\/p>\n<p>Pierre du chakra racine, elle procure un sentiment de s\u00e9curit\u00e9 et de stabilit\u00e9 \u00e9motionnelle, tout en r\u00e9veillant la curiosit\u00e9 et la spontan\u00e9it\u00e9.<\/p>\n<p>&#8212;<\/p>\n<p>Vertus Physiques (en lithoth\u00e9rapie) :<\/p>\n<p>En lithoth\u00e9rapie, le jaspe dalmatien est associ\u00e9 au renforcement g\u00e9n\u00e9ral de la vitalit\u00e9 et au bien-\u00eatre physique global.<br \/>\nOn lui attribue des propri\u00e9t\u00e9s favorisant la stimulation de la circulation \u00e9nerg\u00e9tique, le maintien de l\u2019endurance, ainsi qu\u2019un effet \u00e9quilibrant sur le syst\u00e8me nerveux.<\/p>\n<p>Il serait \u00e9galement utilis\u00e9 pour accompagner la d\u00e9tente musculaire et r\u00e9duire les tensions li\u00e9es au stress. Certains praticiens de lithoth\u00e9rapie l\u2019emploient pour soutenir la purification \u00e9nerg\u00e9tique du corps et renforcer le lien entre le corps et l\u2019esprit.<\/p>\n<p>\u26a0\ufe0f Ces bienfaits rel\u00e8vent exclusivement de la lithoth\u00e9rapie et ne remplacent en aucun cas un traitement ou un avis m\u00e9dical.<\/p>\n<p>&#8212;<\/p>\n<p>Provenance<\/p>\n<p>Le jaspe dalmatien se trouve principalement au Mexique, o\u00f9 l\u2019on extrait les plus beaux sp\u00e9cimens, mais \u00e9galement en Inde, au Br\u00e9sil et en Madagascar.<br \/>\nSes taches noires sont dues \u00e0 la pr\u00e9sence d\u2019amphibole ou de tourmaline noire, ce qui renforce son aspect protecteur et son \u00e9nergie d\u2019ancrage.<\/p>\n<p>&#8212;<\/p>\n<p>Nettoyage et Rechargement<\/p>\n<p>Pierre r\u00e9sistante et facile \u00e0 entretenir, le jaspe dalmatien se nettoie sous l\u2019eau courante (de pr\u00e9f\u00e9rence non sal\u00e9e) ou par fumigation de sauge ou de palo santo.<br \/>\nPour son rechargement, il suffit de l\u2019exposer \u00e0 la lumi\u00e8re naturelle du soleil pendant quelques heures, ou de la d\u00e9poser sur un amas de quartz ou une fleur de vie.<\/p>\n<p>Son entretien r\u00e9gulier permet de pr\u00e9server sa vitalit\u00e9 et ses propri\u00e9t\u00e9s \u00e9nerg\u00e9tiques protectrices.<\/p>\n<p>&#8212;<\/p>\n<p>Conclusion<\/p>\n<p>Pierre d\u2019ancrage, de joie et de protection, le jaspe dalmatien apporte \u00e9quilibre et optimisme dans la vie quotidienne.<br \/>\nIl invite \u00e0 se reconnecter \u00e0 son enfant int\u00e9rieur, \u00e0 retrouver la l\u00e9g\u00e8ret\u00e9 et \u00e0 affronter la vie avec plus de confiance et de s\u00e9r\u00e9nit\u00e9.<\/p>\n<p>Sa vibration vive et bienveillante soutient la pers\u00e9v\u00e9rance tout en favorisant la d\u00e9tente et le l\u00e2cher-prise.<br \/>\nAlli\u00e9 de la bonne humeur et du bien-\u00eatre, le jaspe dalmatien rappelle que la force se trouve souvent dans la simplicit\u00e9, la joie et la connexion \u00e0 la Terre. \ud83d\udc3e<\/p>\n","protected":false},"featured_media":2111,"comment_status":"open","ping_status":"closed","template":"","meta":[],"product_brand":[],"product_cat":[15],"product_tag":[],"class_list":{"0":"post-2112","1":"product","2":"type-product","3":"status-publish","4":"has-post-thumbnail","6":"product_cat-mineral","8":"first","9":"instock","10":"shipping-taxable","11":"purchasable","12":"product-type-simple"},"jetpack-related-posts":[],"jetpack_sharing_enabled":true,"_links":{"self":[{"href":"https:\/\/ateliersdefred.fr\/index.php?rest_route=\/wp\/v2\/product\/2112","targetHints":{"allow":["GET"]}}],"collection":[{"href":"https:\/\/ateliersdefred.fr\/index.php?rest_route=\/wp\/v2\/product"}],"about":[{"href":"https:\/\/ateliersdefred.fr\/index.php?rest_route=\/wp\/v2\/types\/product"}],"replies":[{"embeddable":true,"href":"https:\/\/ateliersdefred.fr\/index.php?rest_route=%2Fwp%2Fv2%2Fcomments&post=2112"}],"wp:featuredmedia":[{"embeddable":true,"href":"https:\/\/ateliersdefred.fr\/index.php?rest_route=\/wp\/v2\/media\/2111"}],"wp:attachment":[{"href":"https:\/\/ateliersdefred.fr\/index.php?rest_route=%2Fwp%2Fv2%2Fmedia&parent=2112"}],"wp:term":[{"taxonomy":"product_brand","embeddable":true,"href":"https:\/\/ateliersdefred.fr\/index.php?rest_route=%2Fwp%2Fv2%2Fproduct_brand&post=2112"},{"taxonomy":"product_cat","embeddable":true,"href":"https:\/\/ateliersdefred.fr\/index.php?rest_route=%2Fwp%2Fv2%2Fproduct_cat&post=2112"},{"taxonomy":"product_tag","embeddable":true,"href":"https:\/\/ateliersdefred.fr\/index.php?rest_route=%2Fwp%2Fv2%2Fproduct_tag&post=2112"}],"curies":[{"name":"wp","href":"https:\/\/api.w.org\/{rel}","templated":true}]}}