{"id":2114,"date":"2025-10-24T23:01:47","date_gmt":"2025-10-24T21:01:47","guid":{"rendered":"https:\/\/ateliersdefred.fr\/?product=apatite-bleu"},"modified":"2025-10-24T23:01:47","modified_gmt":"2025-10-24T21:01:47","slug":"apatite-bleu","status":"publish","type":"product","link":"https:\/\/ateliersdefred.fr\/?product=apatite-bleu","title":{"rendered":"Apatite bleu"},"content":{"rendered":"<p>Pierre roul\u00e9e de Apatite bleu<\/p>\n<p>provenance Madagascar Br\u00e9sil<\/p>\n<p>poids taille teint aspect peut varier selon arrivage<\/p>\n","protected":false},"excerpt":{"rendered":"<p>L\u2019Apatite Bleue<\/p>\n<p>L\u2019apatite bleue est une pierre captivante, aux nuances allant du bleu turquoise lumineux au bleu profond et oc\u00e9anique. Ce min\u00e9ral du groupe des phosphates tire son nom du grec apatein, qui signifie \u00ab tromper \u00bb, en r\u00e9f\u00e9rence \u00e0 la vari\u00e9t\u00e9 de ses couleurs qui peuvent rappeler d\u2019autres pierres.<br \/>\n\u00c9nerg\u00e9tiquement, l\u2019apatite bleue symbolise la communication, la clart\u00e9 mentale et la lib\u00e9ration int\u00e9rieure. Reli\u00e9e aux \u00e9nergies de l\u2019eau et du ciel, elle apporte fluidit\u00e9, apaisement et ouverture d\u2019esprit.<\/p>\n<p>&#8212;<\/p>\n<p>Vertus et Bienfaits<\/p>\n<p>En Lithoth\u00e9rapie :<\/p>\n<p>L\u2019apatite bleue est consid\u00e9r\u00e9e comme une pierre de communication et d\u2019expression authentique.<br \/>\nElle aide \u00e0 mieux exprimer ses pens\u00e9es, \u00e0 lib\u00e9rer les \u00e9motions refoul\u00e9es et \u00e0 retrouver une parole claire, bienveillante et align\u00e9e avec le c\u0153ur.<\/p>\n<p>Pierre de l\u2019introspection, elle favorise la compr\u00e9hension de soi, la lucidit\u00e9 et l\u2019apprentissage, ce qui en fait une alli\u00e9e pr\u00e9cieuse pour les \u00e9tudiants ou les personnes en qu\u00eate de clart\u00e9 mentale.<\/p>\n<p>L\u2019apatite bleue stimule \u00e9galement la motivation et l\u2019inspiration cr\u00e9ative, soutenant ceux qui cherchent \u00e0 concr\u00e9tiser leurs id\u00e9es ou \u00e0 s\u2019affirmer avec confiance.<\/p>\n<p>&#8212;<\/p>\n<p>Au Niveau Bien-\u00eatre et Spirituel :<\/p>\n<p>Pierre du chakra de la gorge, l\u2019apatite bleue favorise la communication fluide, l\u2019\u00e9coute et l\u2019expression \u00e9motionnelle \u00e9quilibr\u00e9e.<br \/>\nElle aide \u00e0 surmonter la timidit\u00e9, la peur de parler en public ou la difficult\u00e9 \u00e0 exprimer ses ressentis.<\/p>\n<p>Sur le plan spirituel, elle \u00e9l\u00e8ve la conscience et renforce la connexion \u00e0 son intuition. C\u2019est une pierre id\u00e9ale pour la m\u00e9ditation, car elle favorise la clart\u00e9 int\u00e9rieure, la d\u00e9tente du mental et l\u2019acc\u00e8s \u00e0 des plans de conscience plus subtils.<br \/>\nSa vibration douce et apaisante aide \u00e0 retrouver le calme int\u00e9rieur, tout en ouvrant \u00e0 la sagesse et \u00e0 la compr\u00e9hension universelle.<\/p>\n<p>&#8212;<\/p>\n<p>Vertus Physiques (en lithoth\u00e9rapie) :<\/p>\n<p>En lithoth\u00e9rapie, l\u2019apatite bleue est souvent associ\u00e9e au bien-\u00eatre du syst\u00e8me osseux et articulaire, ainsi qu\u2019au renforcement \u00e9nerg\u00e9tique du corps.<br \/>\nOn lui attribue des propri\u00e9t\u00e9s aidant \u00e0 accompagner la r\u00e9g\u00e9n\u00e9ration cellulaire, \u00e0 soutenir la vitalit\u00e9 et \u00e0 harmoniser le m\u00e9tabolisme \u00e9nerg\u00e9tique.<\/p>\n<p>Elle est \u00e9galement r\u00e9put\u00e9e pour favoriser la d\u00e9tente musculaire et apaiser les tensions nerveuses, en particulier celles li\u00e9es au stress ou \u00e0 la fatigue mentale.<\/p>\n<p>\u26a0\ufe0f Ces informations rel\u00e8vent exclusivement de la lithoth\u00e9rapie et ne remplacent en aucun cas un avis ou un traitement m\u00e9dical.<\/p>\n<p>&#8212;<\/p>\n<p>Provenance<\/p>\n<p>Les principaux gisements d\u2019apatite bleue se situent \u00e0 Madagascar, au Br\u00e9sil, au Mexique, en Birmanie, en Inde et au Canada.<br \/>\nLes sp\u00e9cimens de Madagascar, tr\u00e8s pris\u00e9s, se distinguent par leurs teintes intenses et lumineuses, \u00e9voquant les profondeurs marines.<\/p>\n<p>&#8212;<\/p>\n<p>Nettoyage et Rechargement<\/p>\n<p>L\u2019apatite bleue aime la douceur et l\u2019intention.<br \/>\nPour la nettoyer, passez-la sous un filet d\u2019eau courante quelques instants, tout en \u00e9mettant une intention claire de purification (par exemple : \u00ab Je lib\u00e8re cette pierre de toutes les \u00e9nergies qu\u2019elle a absorb\u00e9es. \u00bb).<br \/>\nS\u00e9chez-la soigneusement ensuite \u00e0 l\u2019aide d\u2019un tissu doux.<\/p>\n<p>Pour le rechargement, privil\u00e9giez la lumi\u00e8re de la lune, notamment lors des pleines lunes, ou placez-la sur un amas de quartz ou une fleur de vie.<br \/>\n\u00c9vitez le soleil, dont les rayons pourraient alt\u00e9rer sa couleur et sa douceur vibratoire.<\/p>\n<p>&#8212;<\/p>\n<p>Conclusion<\/p>\n<p>Pierre de communication, de s\u00e9r\u00e9nit\u00e9 et de clart\u00e9 int\u00e9rieure, l\u2019apatite bleue accompagne celles et ceux qui souhaitent mieux s\u2019exprimer, apaiser leur mental et renforcer leur confiance en eux.<br \/>\nElle allie calme et dynamisme, stimulant la cr\u00e9ativit\u00e9 tout en favorisant l\u2019\u00e9quilibre \u00e9motionnel.<\/p>\n<p>Sa vibration fluide et inspirante aide \u00e0 trouver les mots justes, \u00e0 lib\u00e9rer les non-dits et \u00e0 avancer avec authenticit\u00e9 et paix int\u00e9rieure.<br \/>\nL\u2019apatite bleue est une alli\u00e9e pr\u00e9cieuse pour quiconque cherche \u00e0 harmoniser le c\u0153ur, l\u2019esprit et la parole. \ud83c\udf0a<\/p>\n","protected":false},"featured_media":2113,"comment_status":"open","ping_status":"closed","template":"","meta":[],"product_brand":[],"product_cat":[15,53,113,114],"product_tag":[],"class_list":{"0":"post-2114","1":"product","2":"type-product","3":"status-publish","4":"has-post-thumbnail","6":"product_cat-mineral","7":"product_cat-poli","8":"product_cat-pierre-roulee","9":"product_cat-pierre-roulee-mineral","11":"first","12":"instock","13":"shipping-taxable","14":"purchasable","15":"product-type-simple"},"jetpack-related-posts":[],"jetpack_sharing_enabled":true,"_links":{"self":[{"href":"https:\/\/ateliersdefred.fr\/index.php?rest_route=\/wp\/v2\/product\/2114","targetHints":{"allow":["GET"]}}],"collection":[{"href":"https:\/\/ateliersdefred.fr\/index.php?rest_route=\/wp\/v2\/product"}],"about":[{"href":"https:\/\/ateliersdefred.fr\/index.php?rest_route=\/wp\/v2\/types\/product"}],"replies":[{"embeddable":true,"href":"https:\/\/ateliersdefred.fr\/index.php?rest_route=%2Fwp%2Fv2%2Fcomments&post=2114"}],"wp:featuredmedia":[{"embeddable":true,"href":"https:\/\/ateliersdefred.fr\/index.php?rest_route=\/wp\/v2\/media\/2113"}],"wp:attachment":[{"href":"https:\/\/ateliersdefred.fr\/index.php?rest_route=%2Fwp%2Fv2%2Fmedia&parent=2114"}],"wp:term":[{"taxonomy":"product_brand","embeddable":true,"href":"https:\/\/ateliersdefred.fr\/index.php?rest_route=%2Fwp%2Fv2%2Fproduct_brand&post=2114"},{"taxonomy":"product_cat","embeddable":true,"href":"https:\/\/ateliersdefred.fr\/index.php?rest_route=%2Fwp%2Fv2%2Fproduct_cat&post=2114"},{"taxonomy":"product_tag","embeddable":true,"href":"https:\/\/ateliersdefred.fr\/index.php?rest_route=%2Fwp%2Fv2%2Fproduct_tag&post=2114"}],"curies":[{"name":"wp","href":"https:\/\/api.w.org\/{rel}","templated":true}]}}