{"id":2120,"date":"2025-10-24T23:25:47","date_gmt":"2025-10-24T21:25:47","guid":{"rendered":"https:\/\/ateliersdefred.fr\/?product=lapis-lazuli"},"modified":"2025-10-24T23:25:47","modified_gmt":"2025-10-24T21:25:47","slug":"lapis-lazuli","status":"publish","type":"product","link":"https:\/\/ateliersdefred.fr\/?product=lapis-lazuli","title":{"rendered":"lapis lazuli"},"content":{"rendered":"<p>Pierre roul\u00e9e de Lapis lazuli<\/p>\n<p>provenance Afghanistan<\/p>\n<p>poids taille teint et aspect peut varier selon arrivage<\/p>\n","protected":false},"excerpt":{"rendered":"<p>Le Lapis-Lazuli<\/p>\n<p>Le Lapis-Lazuli est une pierre d\u2019un bleu profond, souvent mouchet\u00e9e de pyrite dor\u00e9e (les inclusions brillantes qui rappellent un ciel \u00e9toil\u00e9) et parfois de calcite blanche. Son nom signifie \u00ab pierre bleue \u00bb et elle est v\u00e9n\u00e9r\u00e9e depuis l\u2019Antiquit\u00e9, consid\u00e9r\u00e9e comme un symbole de sagesse, de v\u00e9rit\u00e9 et de royaut\u00e9.<br \/>\nSur le plan \u00e9nerg\u00e9tique, le Lapis-Lazuli est une pierre de communication authentique et d\u2019\u00e9l\u00e9vation spirituelle. Elle encourage l\u2019introspection, la lucidit\u00e9 et l\u2019alignement avec sa v\u00e9rit\u00e9 profonde.<\/p>\n<p>Vertus et Bienfaits<br \/>\nEn Lithoth\u00e9rapie :<br \/>\nLe Lapis-Lazuli est avant tout une pierre de sagesse et de v\u00e9rit\u00e9. Il agit comme un r\u00e9v\u00e9lateur, aidant \u00e0 confronter la r\u00e9alit\u00e9 avec douceur et courage.<br \/>\nC\u2019est un puissant stimulant pour l\u2019expression de soi. Il encourage \u00e0 communiquer ses pens\u00e9es et ses sentiments avec clart\u00e9, honn\u00eatet\u00e9 et s\u00e9r\u00e9nit\u00e9. Il est particuli\u00e8rement recommand\u00e9 pour les personnes qui ont du mal \u00e0 s\u2019exprimer ou \u00e0 poser leurs limites.<br \/>\nLe Lapis-Lazuli est \u00e9galement r\u00e9put\u00e9 pour apaiser le mental et diminuer le stress, favorisant un \u00e9tat de calme propice \u00e0 la r\u00e9flexion et \u00e0 la prise de d\u00e9cision \u00e9clair\u00e9e. Il aide \u00e0 lib\u00e9rer les peurs et les blocages \u00e9motionnels qui emp\u00eachent l\u2019individu d\u2019avancer.<\/p>\n<p>Au Niveau Bien-\u00eatre et Spirituel :<br \/>\nSur le plan \u00e9nerg\u00e9tique, cette pierre est intimement li\u00e9e au Chakra de la Gorge (communication) et au Chakra du Troisi\u00e8me \u0152il (intuition et conscience).<br \/>\n* En stimulant le Troisi\u00e8me \u0152il, il ouvre l\u2019esprit \u00e0 l\u2019intuition, \u00e0 la spiritualit\u00e9 et \u00e0 une compr\u00e9hension plus profonde de l\u2019univers. Il est un alli\u00e9 pr\u00e9cieux pour la m\u00e9ditation et le travail onirique.<br \/>\n* En alignant le Chakra de la Gorge, il facilite l\u2019harmonie entre la pens\u00e9e et la parole, permettant une communication fluide, inspir\u00e9e et empreinte de v\u00e9rit\u00e9.<br \/>\nIl est traditionnellement utilis\u00e9 pour purifier l\u2019aura et aligner les corps subtils, ramenant l\u2019\u00eatre \u00e0 son centre de paix et de connaissance int\u00e9rieure.<\/p>\n<p>Vertus Physiques (en lithoth\u00e9rapie) :<br \/>\nEn lithoth\u00e9rapie, le Lapis-Lazuli est souvent associ\u00e9 au bien-\u00eatre des syst\u00e8mes li\u00e9s \u00e0 la communication et au mental.<br \/>\nIl est r\u00e9put\u00e9 pour apaiser les maux de t\u00eate et les migraines, notamment celles d\u2019origine nerveuse ou li\u00e9es \u00e0 une surcharge mentale. Certaines traditions le relient \u00e9galement au soulagement des troubles de la gorge, des cordes vocales et du cou (en lien avec son action sur le Chakra de la Gorge).<br \/>\nGr\u00e2ce \u00e0 sa vibration apaisante, il favorise un sommeil plus r\u00e9parateur et aide \u00e0 l\u2019harmonisation g\u00e9n\u00e9rale du syst\u00e8me nerveux.<br \/>\n\u26a0\ufe0f Ces propri\u00e9t\u00e9s rel\u00e8vent exclusivement de la lithoth\u00e9rapie et ne remplacent en aucun cas un traitement ou un avis m\u00e9dical. Il est essentiel de consulter un professionnel de la sant\u00e9 pour tout probl\u00e8me.<\/p>\n<p>Provenance<br \/>\nLe Lapis-Lazuli de la plus haute qualit\u00e9 provient historiquement et principalement des mines de Badakhchan en Afghanistan, qui fournissent cette gemme depuis plus de 6 000 ans. On trouve \u00e9galement des gisements notables au Chili (particuli\u00e8rement le Lapis-Lazuli chilien), en Russie (lac Ba\u00efkal) et aux \u00c9tats-Unis (Colorado).<br \/>\nNettoyage et Rechargement<br \/>\nLe Lapis-Lazuli est une pierre sensible, surtout \u00e0 l\u2019eau et au soleil qui pourraient ternir son \u00e9clat et fragiliser sa structure.<\/p>\n<p>Pour le nettoyage, privil\u00e9giez les m\u00e9thodes douces et indirectes :<br \/>\n* Par fumigation : Passez la pierre dans la fum\u00e9e d\u2019encens (sauge blanche, palo santo) avec l\u2019intention de la purifier : \u00ab Je lib\u00e8re cette pierre de toute \u00e9nergie stagnante et je la charge de sagesse et de v\u00e9rit\u00e9. \u00bb<br \/>\n* Par le son : Utilisez un bol chantant ou un diapason pour vibrer autour de la pierre.<br \/>\n* Sur un amas de sel sec (m\u00e9thode indirecte : la pierre ne touche pas le sel).<br \/>\nPour le rechargement, utilisez exclusivement la lumi\u00e8re de la lune (id\u00e9alement lors de la pleine lune) ou placez-le sur une g\u00e9ode d\u2019Am\u00e9thyste ou un amas de Quartz. \u00c9vitez rigoureusement l\u2019exposition au soleil.<\/p>\n<p>Conclusion<br \/>\nLe Lapis-Lazuli est un joyau de la conscience, un puissant m\u00e9diateur entre le monde int\u00e9rieur de l\u2019intuition et le monde ext\u00e9rieur de la communication.<br \/>\nEn encourageant la sagesse et l\u2019honn\u00eatet\u00e9 envers soi et les autres, il est un pilier pour quiconque cherche \u00e0 aligner son c\u0153ur, sa parole et son esprit. C\u2019est la pierre des philosophes, des orateurs et des chercheurs de v\u00e9rit\u00e9, offrant la clart\u00e9 d\u2019un ciel \u00e9toil\u00e9 dans la nuit de la confusion. Il est le guide vers une vie empreinte d\u2019authenticit\u00e9 et de paix int\u00e9rieure. \ud83d\udc8e\ud83c\udf0c<\/p>\n","protected":false},"featured_media":2119,"comment_status":"open","ping_status":"closed","template":"","meta":[],"product_brand":[],"product_cat":[15,53,113,114],"product_tag":[],"class_list":{"0":"post-2120","1":"product","2":"type-product","3":"status-publish","4":"has-post-thumbnail","6":"product_cat-mineral","7":"product_cat-poli","8":"product_cat-pierre-roulee","9":"product_cat-pierre-roulee-mineral","11":"first","12":"instock","13":"shipping-taxable","14":"purchasable","15":"product-type-simple"},"jetpack-related-posts":[],"jetpack_sharing_enabled":true,"_links":{"self":[{"href":"https:\/\/ateliersdefred.fr\/index.php?rest_route=\/wp\/v2\/product\/2120","targetHints":{"allow":["GET"]}}],"collection":[{"href":"https:\/\/ateliersdefred.fr\/index.php?rest_route=\/wp\/v2\/product"}],"about":[{"href":"https:\/\/ateliersdefred.fr\/index.php?rest_route=\/wp\/v2\/types\/product"}],"replies":[{"embeddable":true,"href":"https:\/\/ateliersdefred.fr\/index.php?rest_route=%2Fwp%2Fv2%2Fcomments&post=2120"}],"wp:featuredmedia":[{"embeddable":true,"href":"https:\/\/ateliersdefred.fr\/index.php?rest_route=\/wp\/v2\/media\/2119"}],"wp:attachment":[{"href":"https:\/\/ateliersdefred.fr\/index.php?rest_route=%2Fwp%2Fv2%2Fmedia&parent=2120"}],"wp:term":[{"taxonomy":"product_brand","embeddable":true,"href":"https:\/\/ateliersdefred.fr\/index.php?rest_route=%2Fwp%2Fv2%2Fproduct_brand&post=2120"},{"taxonomy":"product_cat","embeddable":true,"href":"https:\/\/ateliersdefred.fr\/index.php?rest_route=%2Fwp%2Fv2%2Fproduct_cat&post=2120"},{"taxonomy":"product_tag","embeddable":true,"href":"https:\/\/ateliersdefred.fr\/index.php?rest_route=%2Fwp%2Fv2%2Fproduct_tag&post=2120"}],"curies":[{"name":"wp","href":"https:\/\/api.w.org\/{rel}","templated":true}]}}