{"id":2122,"date":"2025-10-24T23:31:46","date_gmt":"2025-10-24T21:31:46","guid":{"rendered":"https:\/\/ateliersdefred.fr\/?product=aventurine-verte"},"modified":"2025-10-24T23:31:46","modified_gmt":"2025-10-24T21:31:46","slug":"aventurine-verte","status":"publish","type":"product","link":"https:\/\/ateliersdefred.fr\/?product=aventurine-verte","title":{"rendered":"Aventurine verte"},"content":{"rendered":"<p>Pierre roul\u00e9e de aventurine verte<\/p>\n<p>provenance Br\u00e9sil Chine<\/p>\n<p>poids taille teint et aspect peut varier selon arrivage<\/p>\n","protected":false},"excerpt":{"rendered":"<p>Aventurine Verte<br \/>\nL\u2019Aventurine Verte est une vari\u00e9t\u00e9 de quartz caract\u00e9ris\u00e9e par sa couleur verte, allant du vert p\u00e2le au vert \u00e9meraude, due \u00e0 des inclusions de Fuchsite (mica chromif\u00e8re) qui lui conf\u00e8rent un \u00e9clat subtil et paillet\u00e9, appel\u00e9 aventurescence.<br \/>\nSurnomm\u00e9e \u00ab Pierre de l\u2019Opportunit\u00e9 \u00bb ou \u00ab Pierre de la Chance \u00bb, l&rsquo;Aventurine Verte est traditionnellement associ\u00e9e \u00e0 la prosp\u00e9rit\u00e9, \u00e0 l&rsquo;\u00e9quilibre et au bien-\u00eatre \u00e9motionnel. Sa vibration douce est celle de l&rsquo;apaisement et du r\u00e9confort.<\/p>\n<p>Vertus et Bienfaits<br \/>\nEn Lithoth\u00e9rapie :<br \/>\nL&rsquo;Aventurine Verte est une pierre d\u2019\u00e9quilibre \u00e9motionnel et de paix int\u00e9rieure. Elle agit directement sur le c\u0153ur pour apaiser les inqui\u00e9tudes, les angoisses et les \u00e9motions trop vives, ramenant un sentiment de calme et de ma\u00eetrise.<br \/>\n* Apaisement du C\u0153ur : Elle est consid\u00e9r\u00e9e comme une excellente pierre pour soulager les chagrins et les blessures affectives pass\u00e9es, favorisant la gu\u00e9rison \u00e9motionnelle et la capacit\u00e9 \u00e0 pardonner.<br \/>\n* Chance et Prosp\u00e9rit\u00e9 : On lui attribue la capacit\u00e9 d\u2019attirer les opportunit\u00e9s et la chance dans tous les domaines, notamment professionnel et financier. Elle encourage \u00e0 se lancer et \u00e0 embrasser le changement avec optimisme.<br \/>\n* Discernement et Clart\u00e9 : Elle aide \u00e0 prendre les bonnes d\u00e9cisions et \u00e0 voir clair dans les situations complexes, notamment lorsque l\u2019affect est impliqu\u00e9. Elle dissipe l&rsquo;ambigu\u00eft\u00e9 et la confusion.<br \/>\nC&rsquo;est une pierre id\u00e9ale pour les p\u00e9riodes de stress o\u00f9 il est n\u00e9cessaire de retrouver la s\u00e9r\u00e9nit\u00e9 et la confiance en l&rsquo;avenir.<\/p>\n<p>Au Niveau Bien-\u00eatre et Spirituel :<br \/>\nSur le plan \u00e9nerg\u00e9tique, l&rsquo;Aventurine Verte est la pierre ma\u00eetresse du Chakra du C\u0153ur (Anahata).<br \/>\n* Harmonisation : Son action vise \u00e0 ouvrir, nettoyer et harmoniser le Chakra du C\u0153ur, centre de l&rsquo;amour, de la compassion et de la gu\u00e9rison. Elle permet de donner et de recevoir l&rsquo;amour de mani\u00e8re \u00e9quilibr\u00e9e, sans attachement excessif.<br \/>\n* Bouclier \u00c9nerg\u00e9tique : Elle est r\u00e9put\u00e9e pour sa capacit\u00e9 \u00e0 absorber les ondes n\u00e9gatives et \u00e0 prot\u00e9ger des pollutions \u00e9lectromagn\u00e9tiques subtiles de l&rsquo;environnement, aidant \u00e0 pr\u00e9server le calme int\u00e9rieur.<br \/>\n* Connexion \u00e0 la Nature : Sa vibration verte renforce notre connexion \u00e0 la Terre et au monde v\u00e9g\u00e9tal, favorisant l&rsquo;ancrage et le renouveau vital. Elle insuffle un sentiment de croissance et de r\u00e9g\u00e9n\u00e9ration.<br \/>\nEn m\u00e9ditation, elle apporte une douceur enveloppante, facilitant l&rsquo;acc\u00e8s \u00e0 un \u00e9tat de relaxation profonde et de s\u00e9r\u00e9nit\u00e9.<\/p>\n<p>Vertus Physiques (en lithoth\u00e9rapie) :<br \/>\nEn lithoth\u00e9rapie, l&rsquo;Aventurine Verte est traditionnellement associ\u00e9e au bien-\u00eatre du syst\u00e8me cardiaque et de la peau.<br \/>\nElle est r\u00e9put\u00e9e pour son action anti-stress qui peut avoir un effet b\u00e9n\u00e9fique sur les troubles nerveux. Sa nature apaisante aiderait \u00e0 r\u00e9guler les rythmes du corps et \u00e0 retrouver l&rsquo;harmonie physique.<br \/>\nElle est souvent utilis\u00e9e pour accompagner les probl\u00e8mes de peau (ecz\u00e9ma, acn\u00e9) car on pense qu\u2019elle favorise la r\u00e9g\u00e9n\u00e9ration et la vitalit\u00e9 tissulaire.<br \/>\n\u26a0\ufe0f Ces propri\u00e9t\u00e9s rel\u00e8vent exclusivement de la lithoth\u00e9rapie \u00e9nerg\u00e9tique et ne remplacent en aucun cas un traitement ou un avis m\u00e9dical. Il est essentiel de consulter un professionnel de la sant\u00e9 pour tout probl\u00e8me.<br \/>\nProvenance<br \/>\nLes principaux gisements d&rsquo;Aventurine Verte se trouvent au Br\u00e9sil (souvent consid\u00e9r\u00e9 comme le producteur de la plus belle qualit\u00e9), en Inde (o\u00f9 elle est tr\u00e8s appr\u00e9ci\u00e9e), en Russie et en Autriche.<br \/>\nNettoyage et Rechargement<br \/>\nL&rsquo;Aventurine Verte est une pierre r\u00e9sistante mais sa vibration d\u00e9licate m\u00e9rite d&rsquo;\u00eatre entretenue avec soin.<\/p>\n<p>Pour le nettoyage, deux m\u00e9thodes sont recommand\u00e9es :<br \/>\n* Eau Courante avec Intention : Passez-la sous un filet d\u2019eau courante quelques minutes, tout en formulant une intention claire : \u00ab Je purifie cette pierre de toutes ses charges, qu&rsquo;elle retrouve sa lumi\u00e8re de gu\u00e9rison et de chance. \u00bb S\u00e9chez-la d\u00e9licatement.<br \/>\n* Fumigation : Utilisez la fum\u00e9e d\u2019encens purificateur (sauge blanche ou palo santo) pour un nettoyage en douceur.<br \/>\nPour le rechargement, privil\u00e9giez les \u00e9nergies douces et naturelles :<br \/>\n* Lumi\u00e8re de la Lune : Une exposition \u00e0 la lumi\u00e8re lunaire, notamment lors de la Pleine Lune, lui sera tr\u00e8s b\u00e9n\u00e9fique.<br \/>\n* Am\u00e9thyste ou Quartz : D\u00e9posez-la sur un amas de Quartz ou une g\u00e9ode d\u2019Am\u00e9thyste pendant plusieurs heures.<br \/>\n\u00c9vitez l\u2019exposition prolong\u00e9e et directe au soleil qui, \u00e0 terme, pourrait alt\u00e9rer sa belle couleur verte.<\/p>\n<p>Conclusion<br \/>\nPierre de l\u2019harmonie et de l\u2019optimisme, l&rsquo;Aventurine Verte est un v\u00e9ritable baume pour le c\u0153ur et l&rsquo;esprit. Elle dissipe les nuages \u00e9motionnels, attire la chance et encourage \u00e0 vivre dans la l\u00e9g\u00e8ret\u00e9 et la confiance.<br \/>\nElle est l\u2019alli\u00e9e de celles et ceux qui aspirent \u00e0 la gu\u00e9rison int\u00e9rieure, \u00e0 un c\u0153ur apais\u00e9 et \u00e0 un chemin de vie serein, ouvert aux plus belles opportunit\u00e9s. Elle rappelle que la chance est avant tout une affaire d&rsquo;attitude et d&rsquo;\u00e9quilibre. \ud83c\udf40\ud83d\udc9a<\/p>\n","protected":false},"featured_media":2121,"comment_status":"open","ping_status":"closed","template":"","meta":[],"product_brand":[],"product_cat":[15,53,113,114],"product_tag":[],"class_list":{"0":"post-2122","1":"product","2":"type-product","3":"status-publish","4":"has-post-thumbnail","6":"product_cat-mineral","7":"product_cat-poli","8":"product_cat-pierre-roulee","9":"product_cat-pierre-roulee-mineral","11":"first","12":"instock","13":"shipping-taxable","14":"purchasable","15":"product-type-simple"},"jetpack-related-posts":[],"jetpack_sharing_enabled":true,"_links":{"self":[{"href":"https:\/\/ateliersdefred.fr\/index.php?rest_route=\/wp\/v2\/product\/2122","targetHints":{"allow":["GET"]}}],"collection":[{"href":"https:\/\/ateliersdefred.fr\/index.php?rest_route=\/wp\/v2\/product"}],"about":[{"href":"https:\/\/ateliersdefred.fr\/index.php?rest_route=\/wp\/v2\/types\/product"}],"replies":[{"embeddable":true,"href":"https:\/\/ateliersdefred.fr\/index.php?rest_route=%2Fwp%2Fv2%2Fcomments&post=2122"}],"wp:featuredmedia":[{"embeddable":true,"href":"https:\/\/ateliersdefred.fr\/index.php?rest_route=\/wp\/v2\/media\/2121"}],"wp:attachment":[{"href":"https:\/\/ateliersdefred.fr\/index.php?rest_route=%2Fwp%2Fv2%2Fmedia&parent=2122"}],"wp:term":[{"taxonomy":"product_brand","embeddable":true,"href":"https:\/\/ateliersdefred.fr\/index.php?rest_route=%2Fwp%2Fv2%2Fproduct_brand&post=2122"},{"taxonomy":"product_cat","embeddable":true,"href":"https:\/\/ateliersdefred.fr\/index.php?rest_route=%2Fwp%2Fv2%2Fproduct_cat&post=2122"},{"taxonomy":"product_tag","embeddable":true,"href":"https:\/\/ateliersdefred.fr\/index.php?rest_route=%2Fwp%2Fv2%2Fproduct_tag&post=2122"}],"curies":[{"name":"wp","href":"https:\/\/api.w.org\/{rel}","templated":true}]}}