{"id":216,"date":"2022-05-05T02:40:41","date_gmt":"2022-05-05T00:40:41","guid":{"rendered":"https:\/\/ateliersdefred.fr\/?post_type=product&#038;p=216"},"modified":"2023-01-01T18:34:55","modified_gmt":"2023-01-01T17:34:55","slug":"bracelet-en-obsidienne-neige-mouchete","status":"publish","type":"product","link":"https:\/\/ateliersdefred.fr\/?product=bracelet-en-obsidienne-neige-mouchete","title":{"rendered":"Bracelet en Obsidienne neige"},"content":{"rendered":"<p>Bracelet pierre naturelle de obsidienne neige, 8mm<\/p>\n","protected":false},"excerpt":{"rendered":"<p>Nous prot\u00e8ge et apaise nos peurs.<br \/>\nAide a surmonter nos traumatisme.<br \/>\n\u00c9quilibre les \u00e9nergies masculine comme f\u00e9minine.<br \/>\nRepousse les \u00e9nergies n\u00e9gatives.<br \/>\nAide a \u00eatre plus serein, plus d\u00e9tendu.<br \/>\nHarmonise nos pens\u00e9es int\u00e9rieur <\/p>\n","protected":false},"featured_media":217,"comment_status":"open","ping_status":"closed","template":"","meta":[],"product_brand":[],"product_cat":[17,37],"product_tag":[],"class_list":{"0":"post-216","1":"product","2":"type-product","3":"status-publish","4":"has-post-thumbnail","6":"product_cat-bracelet","7":"product_cat-sing","9":"first","10":"instock","11":"shipping-taxable","12":"purchasable","13":"product-type-simple"},"jetpack-related-posts":[],"jetpack_sharing_enabled":true,"_links":{"self":[{"href":"https:\/\/ateliersdefred.fr\/index.php?rest_route=\/wp\/v2\/product\/216","targetHints":{"allow":["GET"]}}],"collection":[{"href":"https:\/\/ateliersdefred.fr\/index.php?rest_route=\/wp\/v2\/product"}],"about":[{"href":"https:\/\/ateliersdefred.fr\/index.php?rest_route=\/wp\/v2\/types\/product"}],"replies":[{"embeddable":true,"href":"https:\/\/ateliersdefred.fr\/index.php?rest_route=%2Fwp%2Fv2%2Fcomments&post=216"}],"wp:featuredmedia":[{"embeddable":true,"href":"https:\/\/ateliersdefred.fr\/index.php?rest_route=\/wp\/v2\/media\/217"}],"wp:attachment":[{"href":"https:\/\/ateliersdefred.fr\/index.php?rest_route=%2Fwp%2Fv2%2Fmedia&parent=216"}],"wp:term":[{"taxonomy":"product_brand","embeddable":true,"href":"https:\/\/ateliersdefred.fr\/index.php?rest_route=%2Fwp%2Fv2%2Fproduct_brand&post=216"},{"taxonomy":"product_cat","embeddable":true,"href":"https:\/\/ateliersdefred.fr\/index.php?rest_route=%2Fwp%2Fv2%2Fproduct_cat&post=216"},{"taxonomy":"product_tag","embeddable":true,"href":"https:\/\/ateliersdefred.fr\/index.php?rest_route=%2Fwp%2Fv2%2Fproduct_tag&post=216"}],"curies":[{"name":"wp","href":"https:\/\/api.w.org\/{rel}","templated":true}]}}