{"id":221,"date":"2022-05-05T02:44:15","date_gmt":"2022-05-05T00:44:15","guid":{"rendered":"https:\/\/ateliersdefred.fr\/?post_type=product&#038;p=221"},"modified":"2024-08-21T20:19:49","modified_gmt":"2024-08-21T18:19:49","slug":"bracelet-en-grenat","status":"publish","type":"product","link":"https:\/\/ateliersdefred.fr\/?product=bracelet-en-grenat","title":{"rendered":"Bracelet en Grenat"},"content":{"rendered":"<p>Bracelet en perles de min\u00e9raux.<br \/>\nGrenat 8mm<\/p>\n","protected":false},"excerpt":{"rendered":"<p>Donne du courage et volont\u00e9.<br \/>\nPierre du r\u00e9tablissement et convalescence.<br \/>\nLe grenat aide a la r\u00e9ussite et \u00e0 concr\u00e9tiser nos projets.<br \/>\nDonne de l&rsquo;\u00e9nergie, force et pers\u00e9v\u00e9rance.<br \/>\nAide et lutte contre les probl\u00e8mes de sang et cicatrisation <\/p>\n","protected":false},"featured_media":222,"comment_status":"open","ping_status":"closed","template":"","meta":[],"product_brand":[],"product_cat":[37,17],"product_tag":[],"class_list":{"0":"post-221","1":"product","2":"type-product","3":"status-publish","4":"has-post-thumbnail","6":"product_cat-sing","7":"product_cat-bracelet","9":"first","10":"instock","11":"shipping-taxable","12":"purchasable","13":"product-type-simple"},"jetpack-related-posts":[],"jetpack_sharing_enabled":true,"_links":{"self":[{"href":"https:\/\/ateliersdefred.fr\/index.php?rest_route=\/wp\/v2\/product\/221","targetHints":{"allow":["GET"]}}],"collection":[{"href":"https:\/\/ateliersdefred.fr\/index.php?rest_route=\/wp\/v2\/product"}],"about":[{"href":"https:\/\/ateliersdefred.fr\/index.php?rest_route=\/wp\/v2\/types\/product"}],"replies":[{"embeddable":true,"href":"https:\/\/ateliersdefred.fr\/index.php?rest_route=%2Fwp%2Fv2%2Fcomments&post=221"}],"wp:featuredmedia":[{"embeddable":true,"href":"https:\/\/ateliersdefred.fr\/index.php?rest_route=\/wp\/v2\/media\/222"}],"wp:attachment":[{"href":"https:\/\/ateliersdefred.fr\/index.php?rest_route=%2Fwp%2Fv2%2Fmedia&parent=221"}],"wp:term":[{"taxonomy":"product_brand","embeddable":true,"href":"https:\/\/ateliersdefred.fr\/index.php?rest_route=%2Fwp%2Fv2%2Fproduct_brand&post=221"},{"taxonomy":"product_cat","embeddable":true,"href":"https:\/\/ateliersdefred.fr\/index.php?rest_route=%2Fwp%2Fv2%2Fproduct_cat&post=221"},{"taxonomy":"product_tag","embeddable":true,"href":"https:\/\/ateliersdefred.fr\/index.php?rest_route=%2Fwp%2Fv2%2Fproduct_tag&post=221"}],"curies":[{"name":"wp","href":"https:\/\/api.w.org\/{rel}","templated":true}]}}