{"id":229,"date":"2022-05-05T02:49:38","date_gmt":"2022-05-05T00:49:38","guid":{"rendered":"https:\/\/ateliersdefred.fr\/?post_type=product&#038;p=229"},"modified":"2023-01-02T17:29:24","modified_gmt":"2023-01-02T16:29:24","slug":"bracelet-en-quartz-rose","status":"publish","type":"product","link":"https:\/\/ateliersdefred.fr\/?product=bracelet-en-quartz-rose","title":{"rendered":"Bracelet en Quartz rose"},"content":{"rendered":"<p>Bracelet en perles de min\u00e9raux<br \/>\nQuartz rose<br \/>\n8mm<\/p>\n","protected":false},"excerpt":{"rendered":"<p>Pierres d&rsquo;amour et de douceur elle le transmets a celui qui le porte.<br \/>\nRemforce l&rsquo;amiti\u00e9 et la tendresse.<br \/>\nFavorise le pardon et attenue les chagrins .<br \/>\nAm\u00e8ne passion et dissipe les \u00e9motions n\u00e9gative<br \/>\nAide \u00e0 surmonter les crises ou les phobies,<br \/>\nApaise la col\u00e8re et le stress.<br \/>\n\u00c9loigne la peur et culpabilit\u00e9.<br \/>\nPierres tr\u00e8s b\u00e9n\u00e9fique pour le sommeil car elle aide a pens\u00e9 moins. <\/p>\n<p>Le quartz rose est la pierre pr\u00e9f\u00e9r\u00e9 des enfants \ud83d\ude09<\/p>\n","protected":false},"featured_media":230,"comment_status":"open","ping_status":"closed","template":"","meta":[],"product_brand":[],"product_cat":[37,17],"product_tag":[],"class_list":{"0":"post-229","1":"product","2":"type-product","3":"status-publish","4":"has-post-thumbnail","6":"product_cat-sing","7":"product_cat-bracelet","9":"first","10":"instock","11":"shipping-taxable","12":"purchasable","13":"product-type-simple"},"jetpack-related-posts":[],"jetpack_sharing_enabled":true,"_links":{"self":[{"href":"https:\/\/ateliersdefred.fr\/index.php?rest_route=\/wp\/v2\/product\/229","targetHints":{"allow":["GET"]}}],"collection":[{"href":"https:\/\/ateliersdefred.fr\/index.php?rest_route=\/wp\/v2\/product"}],"about":[{"href":"https:\/\/ateliersdefred.fr\/index.php?rest_route=\/wp\/v2\/types\/product"}],"replies":[{"embeddable":true,"href":"https:\/\/ateliersdefred.fr\/index.php?rest_route=%2Fwp%2Fv2%2Fcomments&post=229"}],"wp:featuredmedia":[{"embeddable":true,"href":"https:\/\/ateliersdefred.fr\/index.php?rest_route=\/wp\/v2\/media\/230"}],"wp:attachment":[{"href":"https:\/\/ateliersdefred.fr\/index.php?rest_route=%2Fwp%2Fv2%2Fmedia&parent=229"}],"wp:term":[{"taxonomy":"product_brand","embeddable":true,"href":"https:\/\/ateliersdefred.fr\/index.php?rest_route=%2Fwp%2Fv2%2Fproduct_brand&post=229"},{"taxonomy":"product_cat","embeddable":true,"href":"https:\/\/ateliersdefred.fr\/index.php?rest_route=%2Fwp%2Fv2%2Fproduct_cat&post=229"},{"taxonomy":"product_tag","embeddable":true,"href":"https:\/\/ateliersdefred.fr\/index.php?rest_route=%2Fwp%2Fv2%2Fproduct_tag&post=229"}],"curies":[{"name":"wp","href":"https:\/\/api.w.org\/{rel}","templated":true}]}}