{"id":238,"date":"2022-05-05T02:57:45","date_gmt":"2022-05-05T00:57:45","guid":{"rendered":"https:\/\/ateliersdefred.fr\/?post_type=product&#038;p=238"},"modified":"2023-01-02T16:43:54","modified_gmt":"2023-01-02T15:43:54","slug":"bracelet-en-nacre-blanc","status":"publish","type":"product","link":"https:\/\/ateliersdefred.fr\/?product=bracelet-en-nacre-blanc","title":{"rendered":"Bracelet en Nacre blanc"},"content":{"rendered":"<p>Bracelet en perle de nacre blanc<br \/>\n 8mm<\/p>\n","protected":false},"excerpt":{"rendered":"<p>Perle de nacre:<br \/>\nMin\u00e9raux animale<br \/>\nNacre blanc<br \/>\nSur le plan \u00e9motionnel et spirituel, la nacre et symole de purete et clarte agit comme un \u00e9l\u00e9ment apaisant.<br \/>\nElle dissiperait les sautes d\u2019humeur, les col\u00e8res, les angoisses<br \/>\net tous les \u00e9tats \u00e9motionnels excessifs .<br \/>\nSource de cr\u00e9ativite.<br \/>\nsur le plan Physique:<br \/>\nles carences de calcium et probl\u00e8me osseux<br \/>\nmusculaire et nerveux<\/p>\n","protected":false},"featured_media":240,"comment_status":"open","ping_status":"closed","template":"","meta":[],"product_brand":[],"product_cat":[17,37],"product_tag":[],"class_list":{"0":"post-238","1":"product","2":"type-product","3":"status-publish","4":"has-post-thumbnail","6":"product_cat-bracelet","7":"product_cat-sing","9":"first","10":"instock","11":"shipping-taxable","12":"purchasable","13":"product-type-simple"},"jetpack-related-posts":[],"jetpack_sharing_enabled":true,"_links":{"self":[{"href":"https:\/\/ateliersdefred.fr\/index.php?rest_route=\/wp\/v2\/product\/238","targetHints":{"allow":["GET"]}}],"collection":[{"href":"https:\/\/ateliersdefred.fr\/index.php?rest_route=\/wp\/v2\/product"}],"about":[{"href":"https:\/\/ateliersdefred.fr\/index.php?rest_route=\/wp\/v2\/types\/product"}],"replies":[{"embeddable":true,"href":"https:\/\/ateliersdefred.fr\/index.php?rest_route=%2Fwp%2Fv2%2Fcomments&post=238"}],"wp:featuredmedia":[{"embeddable":true,"href":"https:\/\/ateliersdefred.fr\/index.php?rest_route=\/wp\/v2\/media\/240"}],"wp:attachment":[{"href":"https:\/\/ateliersdefred.fr\/index.php?rest_route=%2Fwp%2Fv2%2Fmedia&parent=238"}],"wp:term":[{"taxonomy":"product_brand","embeddable":true,"href":"https:\/\/ateliersdefred.fr\/index.php?rest_route=%2Fwp%2Fv2%2Fproduct_brand&post=238"},{"taxonomy":"product_cat","embeddable":true,"href":"https:\/\/ateliersdefred.fr\/index.php?rest_route=%2Fwp%2Fv2%2Fproduct_cat&post=238"},{"taxonomy":"product_tag","embeddable":true,"href":"https:\/\/ateliersdefred.fr\/index.php?rest_route=%2Fwp%2Fv2%2Fproduct_tag&post=238"}],"curies":[{"name":"wp","href":"https:\/\/api.w.org\/{rel}","templated":true}]}}