{"id":290,"date":"2022-05-08T00:25:49","date_gmt":"2022-05-07T22:25:49","guid":{"rendered":"https:\/\/ateliersdefred.fr\/?post_type=product&#038;p=290"},"modified":"2025-08-28T09:00:55","modified_gmt":"2025-08-28T07:00:55","slug":"bracelet-en-zoisite","status":"publish","type":"product","link":"https:\/\/ateliersdefred.fr\/?product=bracelet-en-zoisite","title":{"rendered":"Bracelet en  rubis sur zo\u00efsite"},"content":{"rendered":"<p>bracelet en perle de mineraux<\/p>\n<p>rubis sur zo\u00efsite<\/p>\n<p>8 mm<\/p>\n<p>Rubis sur Zo\u00efsite \u2013 Anyolite<\/p>\n<p>Vertus bien-\u00eatre en lithoth\u00e9rapie<\/p>\n<p>Corps :<br \/>\nLe rubis sur zo\u00efsite est associ\u00e9 \u00e0 une meilleure circulation des \u00e9nergies, qu\u2019il s\u2019agisse des flux nerveux ou sanguins. Il est souvent recommand\u00e9 pour accompagner le confort du dos et soulager les tensions li\u00e9es aux efforts physiques, favorisant ainsi un meilleur \u00e9quilibre global.<\/p>\n<p>Esprit :<br \/>\nPierre de vitalit\u00e9 et de force int\u00e9rieure, elle stimule la vivacit\u00e9 d\u2019esprit et renforce la t\u00e9nacit\u00e9 face aux \u00e9preuves. Elle encourage \u00e0 garder confiance en soi et \u00e0 avancer avec d\u00e9termination.<\/p>\n<p>Spirituel :<br \/>\nAlliant l\u2019\u00e9nergie ardente du rubis \u00e0 la douceur de la zo\u00efsite, cette pierre soutient la transformation personnelle. Elle favorise la r\u00e9g\u00e9n\u00e9ration, l\u2019ancrage et l\u2019\u00e9veil spirituel, ouvrant la voie \u00e0 une \u00e9nergie positive et durable.<\/p>\n","protected":false},"excerpt":{"rendered":"<p>bracelet en rubis sur zo\u00efsite<\/p>\n<p>compose de 2 pierres elles accumule leurs bienfaits:<\/p>\n<p>Rubis:donne force ,tonus ,courage et d\u00e9termination.symbole de pouvoir<br \/>\nlutte contre les probl\u00e8mes de sang ,circulation et prot\u00e9g\u00e9 le c\u0153ur.<\/p>\n<p>Zo\u00efsite:transforme de n\u00e9gatif en positif<br \/>\npierre qui apaise et de d\u00e9tente<br \/>\non la conseil pour le renouveau<br \/>\ncalme les nerfs et augmente la musculature<\/p>\n","protected":false},"featured_media":490,"comment_status":"open","ping_status":"closed","template":"","meta":[],"product_brand":[],"product_cat":[17,37],"product_tag":[],"class_list":{"0":"post-290","1":"product","2":"type-product","3":"status-publish","4":"has-post-thumbnail","6":"product_cat-bracelet","7":"product_cat-sing","9":"first","10":"instock","11":"shipping-taxable","12":"purchasable","13":"product-type-simple"},"jetpack-related-posts":[],"jetpack_sharing_enabled":true,"_links":{"self":[{"href":"https:\/\/ateliersdefred.fr\/index.php?rest_route=\/wp\/v2\/product\/290","targetHints":{"allow":["GET"]}}],"collection":[{"href":"https:\/\/ateliersdefred.fr\/index.php?rest_route=\/wp\/v2\/product"}],"about":[{"href":"https:\/\/ateliersdefred.fr\/index.php?rest_route=\/wp\/v2\/types\/product"}],"replies":[{"embeddable":true,"href":"https:\/\/ateliersdefred.fr\/index.php?rest_route=%2Fwp%2Fv2%2Fcomments&post=290"}],"wp:featuredmedia":[{"embeddable":true,"href":"https:\/\/ateliersdefred.fr\/index.php?rest_route=\/wp\/v2\/media\/490"}],"wp:attachment":[{"href":"https:\/\/ateliersdefred.fr\/index.php?rest_route=%2Fwp%2Fv2%2Fmedia&parent=290"}],"wp:term":[{"taxonomy":"product_brand","embeddable":true,"href":"https:\/\/ateliersdefred.fr\/index.php?rest_route=%2Fwp%2Fv2%2Fproduct_brand&post=290"},{"taxonomy":"product_cat","embeddable":true,"href":"https:\/\/ateliersdefred.fr\/index.php?rest_route=%2Fwp%2Fv2%2Fproduct_cat&post=290"},{"taxonomy":"product_tag","embeddable":true,"href":"https:\/\/ateliersdefred.fr\/index.php?rest_route=%2Fwp%2Fv2%2Fproduct_tag&post=290"}],"curies":[{"name":"wp","href":"https:\/\/api.w.org\/{rel}","templated":true}]}}