{"id":296,"date":"2022-05-09T15:09:32","date_gmt":"2022-05-09T13:09:32","guid":{"rendered":"https:\/\/ateliersdefred.fr\/?post_type=product&#038;p=296"},"modified":"2023-01-15T16:53:42","modified_gmt":"2023-01-15T15:53:42","slug":"bracelet-en-selenite-oeil-de-chat","status":"publish","type":"product","link":"https:\/\/ateliersdefred.fr\/?product=bracelet-en-selenite-oeil-de-chat","title":{"rendered":"Bracelet en Selenite"},"content":{"rendered":"<p>Bracelet en s\u00e9l\u00e9nite 8mm<\/p>\n<p>S\u00e9l\u00e9nite du Maroc.<\/p>\n<p>la s\u00e9l\u00e9nite est conseill\u00e9e pour :<\/p>\n<p>Apaisent ,d\u00e9tendre<\/p>\n<p>aider a r\u00e9guler le syst\u00e8me nerveux<\/p>\n<p>ameliorere et aider a trouver la m\u00e9ditations<\/p>\n<p>cakme les maux de ventre<\/p>\n<p>Aide \u00e0 trouver le sommeil<\/p>\n","protected":false},"excerpt":{"rendered":"<p>S\u00c9L\u00c9NITE:<br \/>\nApaisent ,d\u00e9tend<br \/>\nSyst\u00e8me nerveux<br \/>\nM\u00e9ditation<br \/>\nMaux de ventre<br \/>\nAide \u00e0 trouver le sommeil<\/p>\n","protected":false},"featured_media":525,"comment_status":"open","ping_status":"closed","template":"","meta":[],"product_brand":[],"product_cat":[17,37],"product_tag":[],"class_list":{"0":"post-296","1":"product","2":"type-product","3":"status-publish","4":"has-post-thumbnail","6":"product_cat-bracelet","7":"product_cat-sing","9":"first","10":"instock","11":"shipping-taxable","12":"purchasable","13":"product-type-simple"},"jetpack-related-posts":[],"jetpack_sharing_enabled":true,"_links":{"self":[{"href":"https:\/\/ateliersdefred.fr\/index.php?rest_route=\/wp\/v2\/product\/296","targetHints":{"allow":["GET"]}}],"collection":[{"href":"https:\/\/ateliersdefred.fr\/index.php?rest_route=\/wp\/v2\/product"}],"about":[{"href":"https:\/\/ateliersdefred.fr\/index.php?rest_route=\/wp\/v2\/types\/product"}],"replies":[{"embeddable":true,"href":"https:\/\/ateliersdefred.fr\/index.php?rest_route=%2Fwp%2Fv2%2Fcomments&post=296"}],"wp:featuredmedia":[{"embeddable":true,"href":"https:\/\/ateliersdefred.fr\/index.php?rest_route=\/wp\/v2\/media\/525"}],"wp:attachment":[{"href":"https:\/\/ateliersdefred.fr\/index.php?rest_route=%2Fwp%2Fv2%2Fmedia&parent=296"}],"wp:term":[{"taxonomy":"product_brand","embeddable":true,"href":"https:\/\/ateliersdefred.fr\/index.php?rest_route=%2Fwp%2Fv2%2Fproduct_brand&post=296"},{"taxonomy":"product_cat","embeddable":true,"href":"https:\/\/ateliersdefred.fr\/index.php?rest_route=%2Fwp%2Fv2%2Fproduct_cat&post=296"},{"taxonomy":"product_tag","embeddable":true,"href":"https:\/\/ateliersdefred.fr\/index.php?rest_route=%2Fwp%2Fv2%2Fproduct_tag&post=296"}],"curies":[{"name":"wp","href":"https:\/\/api.w.org\/{rel}","templated":true}]}}