{"id":301,"date":"2022-05-08T16:19:17","date_gmt":"2022-05-08T14:19:17","guid":{"rendered":"https:\/\/ateliersdefred.fr\/?post_type=product&#038;p=301"},"modified":"2023-01-15T11:09:34","modified_gmt":"2023-01-15T10:09:34","slug":"chemin-de-vie","status":"publish","type":"product","link":"https:\/\/ateliersdefred.fr\/?product=chemin-de-vie","title":{"rendered":"Bracelet chemin de vie \u00e9lastique"},"content":{"rendered":"<p>Afin d&rsquo;\u00e9tablir votre chemin de vie, merci de vous rendre sur la page https:\/\/ateliersdefred.fr\/chemin_de_vie.<\/p>\n<p>Une fois votre chemin de vie calcul\u00e9 vous serez redirig\u00e9 sur cette page et vous n&rsquo;aurez plus qu&rsquo;\u00e0 valider votre article.<\/p>\n","protected":false},"excerpt":{"rendered":"<p>Afin d&rsquo;\u00e9tablir votre chemin de vie, merci de vous rendre sur la page<a href=\"https:\/\/ateliersdefred.fr\/?page_id=2\"> https:\/\/ateliersdefred.fr\/chemin-de-vie<\/a><\/p>\n<p>Ce produit n&rsquo;est pas commandable en l&rsquo;\u00e9tat. il sera ajout\u00e9 a votre panier avec les pierres une fois votre calcul fait par mon outils en ligne.<\/p>\n","protected":false},"featured_media":583,"comment_status":"open","ping_status":"closed","template":"","meta":[],"product_brand":[],"product_cat":[17,40],"product_tag":[],"class_list":{"0":"post-301","1":"product","2":"type-product","3":"status-publish","4":"has-post-thumbnail","6":"product_cat-bracelet","7":"product_cat-waylife","9":"first","10":"instock","11":"shipping-taxable","12":"purchasable","13":"product-type-simple"},"jetpack-related-posts":[],"jetpack_sharing_enabled":true,"_links":{"self":[{"href":"https:\/\/ateliersdefred.fr\/index.php?rest_route=\/wp\/v2\/product\/301","targetHints":{"allow":["GET"]}}],"collection":[{"href":"https:\/\/ateliersdefred.fr\/index.php?rest_route=\/wp\/v2\/product"}],"about":[{"href":"https:\/\/ateliersdefred.fr\/index.php?rest_route=\/wp\/v2\/types\/product"}],"replies":[{"embeddable":true,"href":"https:\/\/ateliersdefred.fr\/index.php?rest_route=%2Fwp%2Fv2%2Fcomments&post=301"}],"wp:featuredmedia":[{"embeddable":true,"href":"https:\/\/ateliersdefred.fr\/index.php?rest_route=\/wp\/v2\/media\/583"}],"wp:attachment":[{"href":"https:\/\/ateliersdefred.fr\/index.php?rest_route=%2Fwp%2Fv2%2Fmedia&parent=301"}],"wp:term":[{"taxonomy":"product_brand","embeddable":true,"href":"https:\/\/ateliersdefred.fr\/index.php?rest_route=%2Fwp%2Fv2%2Fproduct_brand&post=301"},{"taxonomy":"product_cat","embeddable":true,"href":"https:\/\/ateliersdefred.fr\/index.php?rest_route=%2Fwp%2Fv2%2Fproduct_cat&post=301"},{"taxonomy":"product_tag","embeddable":true,"href":"https:\/\/ateliersdefred.fr\/index.php?rest_route=%2Fwp%2Fv2%2Fproduct_tag&post=301"}],"curies":[{"name":"wp","href":"https:\/\/api.w.org\/{rel}","templated":true}]}}