{"id":596,"date":"2022-05-09T15:22:58","date_gmt":"2022-05-09T13:22:58","guid":{"rendered":"https:\/\/ateliersdefred.fr\/?post_type=product&#038;p=596"},"modified":"2025-08-28T09:26:24","modified_gmt":"2025-08-28T07:26:24","slug":"bracelet-citrine-chauffee","status":"publish","type":"product","link":"https:\/\/ateliersdefred.fr\/?product=bracelet-citrine-chauffee","title":{"rendered":"Bracelet en Citrine chauff\u00e9e"},"content":{"rendered":"<p>Bracelet en perles de Citrine chauff\u00e9e (Am\u00e9thyste) \u2013 8 mm<\/p>\n<p>Vertus bien-\u00eatre en lithoth\u00e9rapie<\/p>\n<p>Corps :<br \/>\nLa citrine chauff\u00e9e est reconnue pour accompagner le confort digestif, notamment les maux d\u2019estomac. Elle aide \u00e9galement \u00e0 att\u00e9nuer la fatigue et \u00e0 redonner \u00e9nergie et vitalit\u00e9.<\/p>\n<p>Esprit :<br \/>\nPierre solaire, elle diffuse joie et optimisme. Elle favorise la confiance en soi, aide \u00e0 surmonter les doutes et renforce la bonne humeur.<\/p>\n<p>Spirituel :<br \/>\nSymbole d\u2019abondance et de prosp\u00e9rit\u00e9, la citrine attire les \u00e9nergies positives et soutient la r\u00e9ussite dans les projets.<\/p>\n<p>\u2728 Bracelet en perles naturelles de 8 mm, r\u00e9alis\u00e9 en citrine chauff\u00e9e issue d\u2019am\u00e9thyste.<\/p>\n<p>Remarque : la citrine chauff\u00e9e provient de l\u2019am\u00e9thyste transform\u00e9e par la chaleur. Cette modification r\u00e9v\u00e8le une teinte dor\u00e9e et lumineuse, mais elle conserve les vertus traditionnellement attribu\u00e9es \u00e0 la citrine.<\/p>\n","protected":false},"excerpt":{"rendered":"<p>Bracelet en perle de min\u00e9raux 8mm<\/p>\n<p>Citrine chauff\u00e9e (am\u00e9thyste ).<\/p>\n<p>Aide pour  les maux d&rsquo;estomac.<\/p>\n<p>Apporte joie et joie de vivre.<\/p>\n<p>Am\u00e9liore la confiance en soi.<\/p>\n<p>Att\u00e9nue la fatigue .<\/p>\n<p>abondance et prosp\u00e9rit\u00e9<\/p>\n","protected":false},"featured_media":579,"comment_status":"open","ping_status":"closed","template":"","meta":[],"product_brand":[],"product_cat":[17,37],"product_tag":[],"class_list":{"0":"post-596","1":"product","2":"type-product","3":"status-publish","4":"has-post-thumbnail","6":"product_cat-bracelet","7":"product_cat-sing","9":"first","10":"instock","11":"shipping-taxable","12":"purchasable","13":"product-type-simple"},"jetpack-related-posts":[],"jetpack_sharing_enabled":true,"_links":{"self":[{"href":"https:\/\/ateliersdefred.fr\/index.php?rest_route=\/wp\/v2\/product\/596","targetHints":{"allow":["GET"]}}],"collection":[{"href":"https:\/\/ateliersdefred.fr\/index.php?rest_route=\/wp\/v2\/product"}],"about":[{"href":"https:\/\/ateliersdefred.fr\/index.php?rest_route=\/wp\/v2\/types\/product"}],"replies":[{"embeddable":true,"href":"https:\/\/ateliersdefred.fr\/index.php?rest_route=%2Fwp%2Fv2%2Fcomments&post=596"}],"wp:featuredmedia":[{"embeddable":true,"href":"https:\/\/ateliersdefred.fr\/index.php?rest_route=\/wp\/v2\/media\/579"}],"wp:attachment":[{"href":"https:\/\/ateliersdefred.fr\/index.php?rest_route=%2Fwp%2Fv2%2Fmedia&parent=596"}],"wp:term":[{"taxonomy":"product_brand","embeddable":true,"href":"https:\/\/ateliersdefred.fr\/index.php?rest_route=%2Fwp%2Fv2%2Fproduct_brand&post=596"},{"taxonomy":"product_cat","embeddable":true,"href":"https:\/\/ateliersdefred.fr\/index.php?rest_route=%2Fwp%2Fv2%2Fproduct_cat&post=596"},{"taxonomy":"product_tag","embeddable":true,"href":"https:\/\/ateliersdefred.fr\/index.php?rest_route=%2Fwp%2Fv2%2Fproduct_tag&post=596"}],"curies":[{"name":"wp","href":"https:\/\/api.w.org\/{rel}","templated":true}]}}