{"id":597,"date":"2022-05-09T15:25:29","date_gmt":"2022-05-09T13:25:29","guid":{"rendered":"https:\/\/ateliersdefred.fr\/?post_type=product&#038;p=597"},"modified":"2024-03-25T11:33:34","modified_gmt":"2024-03-25T10:33:34","slug":"bracelet-en-sodalite","status":"publish","type":"product","link":"https:\/\/ateliersdefred.fr\/?product=bracelet-en-sodalite","title":{"rendered":"Bracelet en Sodalite"},"content":{"rendered":"<p>Bracelet en perle de min\u00e9raux<\/p>\n<p>SODALITE 8mm<\/p>\n<p>Am\u00e9liore la confiance en soi,<\/p>\n<p>Aide a avoir un esprit d&rsquo;\u00e9quipe .<\/p>\n<p>Calme la nervosit\u00e9 et exc\u00e8s de col\u00e8re<\/p>\n<p>Pierre pour tababiliser nos \u00e9motions en particulier n\u00f4tre hypersensibilit\u00e9<\/p>\n<p>Aide les enfants a g\u00e9rer leurs Emotions, Col\u00e8re,..<\/p>\n","protected":false},"excerpt":{"rendered":"<p>Bracelet en perle de min\u00e9raux<\/p>\n<p>SODALITE 8mm<\/p>\n<p>Am\u00e9liore la confiance en soi,<\/p>\n<p>Aide a avoir un esprit d&rsquo;\u00e9quipe .<\/p>\n<p>Calme la nervosit\u00e9 et exc\u00e8s de col\u00e8re<\/p>\n<p>Pierre pour tababiliser nos \u00e9motions en particulier n\u00f4tre hypersensibilit\u00e9<\/p>\n<p>Aide les enfants a g\u00e9rer leurs Emotions, Col\u00e8re,..<\/p>\n","protected":false},"featured_media":580,"comment_status":"open","ping_status":"closed","template":"","meta":[],"product_brand":[],"product_cat":[17,37],"product_tag":[],"class_list":{"0":"post-597","1":"product","2":"type-product","3":"status-publish","4":"has-post-thumbnail","6":"product_cat-bracelet","7":"product_cat-sing","9":"first","10":"instock","11":"shipping-taxable","12":"purchasable","13":"product-type-simple"},"jetpack-related-posts":[],"jetpack_sharing_enabled":true,"_links":{"self":[{"href":"https:\/\/ateliersdefred.fr\/index.php?rest_route=\/wp\/v2\/product\/597","targetHints":{"allow":["GET"]}}],"collection":[{"href":"https:\/\/ateliersdefred.fr\/index.php?rest_route=\/wp\/v2\/product"}],"about":[{"href":"https:\/\/ateliersdefred.fr\/index.php?rest_route=\/wp\/v2\/types\/product"}],"replies":[{"embeddable":true,"href":"https:\/\/ateliersdefred.fr\/index.php?rest_route=%2Fwp%2Fv2%2Fcomments&post=597"}],"wp:featuredmedia":[{"embeddable":true,"href":"https:\/\/ateliersdefred.fr\/index.php?rest_route=\/wp\/v2\/media\/580"}],"wp:attachment":[{"href":"https:\/\/ateliersdefred.fr\/index.php?rest_route=%2Fwp%2Fv2%2Fmedia&parent=597"}],"wp:term":[{"taxonomy":"product_brand","embeddable":true,"href":"https:\/\/ateliersdefred.fr\/index.php?rest_route=%2Fwp%2Fv2%2Fproduct_brand&post=597"},{"taxonomy":"product_cat","embeddable":true,"href":"https:\/\/ateliersdefred.fr\/index.php?rest_route=%2Fwp%2Fv2%2Fproduct_cat&post=597"},{"taxonomy":"product_tag","embeddable":true,"href":"https:\/\/ateliersdefred.fr\/index.php?rest_route=%2Fwp%2Fv2%2Fproduct_tag&post=597"}],"curies":[{"name":"wp","href":"https:\/\/api.w.org\/{rel}","templated":true}]}}