{"id":600,"date":"2022-05-09T15:42:37","date_gmt":"2022-05-09T13:42:37","guid":{"rendered":"https:\/\/ateliersdefred.fr\/?post_type=product&#038;p=600"},"modified":"2024-08-21T20:13:38","modified_gmt":"2024-08-21T18:13:38","slug":"bracelet-en-aigue-marine","status":"publish","type":"product","link":"https:\/\/ateliersdefred.fr\/?product=bracelet-en-aigue-marine","title":{"rendered":"Bracelet en Aigue-marine"},"content":{"rendered":"<p>bracelet de perles de min\u00e9raux<\/p>\n<p>Aigue-marine 8mm<\/p>\n<p>Am\u00e9liore les probl\u00e8mes asthme et allergies.<\/p>\n<p>Apaise et r\u00e9gule la thyro\u00efde.<\/p>\n<p>pierre de communication elle aide \u00e0 mieux choisir ses mots et lib\u00e8re les chose \u00e0 dire .<\/p>\n<p>Augmente nos sens de responsabilit\u00e9.<\/p>\n","protected":false},"excerpt":{"rendered":"<p>bracelet de perles de min\u00e9rau<\/p>\n<p>Aigue-marine 8mm<\/p>\n<ul>\n<li>\nAm\u00e9liore les probl\u00e8mes asthme et allergies.<\/li>\n<li>\nApaise et r\u00e9gule la thyro\u00efde.<\/p>\n<p>pierre de communication elle aide \u00e0 mieux choisir ses mots et lib\u00e8re les chose \u00e0 dire .<\/li>\n<li>Augmente nos sens de responsabilit\u00e9.<\/li>\n<\/ul>\n","protected":false},"featured_media":559,"comment_status":"open","ping_status":"closed","template":"","meta":[],"product_brand":[],"product_cat":[17,37],"product_tag":[],"class_list":{"0":"post-600","1":"product","2":"type-product","3":"status-publish","4":"has-post-thumbnail","6":"product_cat-bracelet","7":"product_cat-sing","9":"first","10":"instock","11":"shipping-taxable","12":"purchasable","13":"product-type-simple"},"jetpack-related-posts":[],"jetpack_sharing_enabled":true,"_links":{"self":[{"href":"https:\/\/ateliersdefred.fr\/index.php?rest_route=\/wp\/v2\/product\/600","targetHints":{"allow":["GET"]}}],"collection":[{"href":"https:\/\/ateliersdefred.fr\/index.php?rest_route=\/wp\/v2\/product"}],"about":[{"href":"https:\/\/ateliersdefred.fr\/index.php?rest_route=\/wp\/v2\/types\/product"}],"replies":[{"embeddable":true,"href":"https:\/\/ateliersdefred.fr\/index.php?rest_route=%2Fwp%2Fv2%2Fcomments&post=600"}],"wp:featuredmedia":[{"embeddable":true,"href":"https:\/\/ateliersdefred.fr\/index.php?rest_route=\/wp\/v2\/media\/559"}],"wp:attachment":[{"href":"https:\/\/ateliersdefred.fr\/index.php?rest_route=%2Fwp%2Fv2%2Fmedia&parent=600"}],"wp:term":[{"taxonomy":"product_brand","embeddable":true,"href":"https:\/\/ateliersdefred.fr\/index.php?rest_route=%2Fwp%2Fv2%2Fproduct_brand&post=600"},{"taxonomy":"product_cat","embeddable":true,"href":"https:\/\/ateliersdefred.fr\/index.php?rest_route=%2Fwp%2Fv2%2Fproduct_cat&post=600"},{"taxonomy":"product_tag","embeddable":true,"href":"https:\/\/ateliersdefred.fr\/index.php?rest_route=%2Fwp%2Fv2%2Fproduct_tag&post=600"}],"curies":[{"name":"wp","href":"https:\/\/api.w.org\/{rel}","templated":true}]}}