{"id":601,"date":"2022-05-09T16:20:35","date_gmt":"2022-05-09T14:20:35","guid":{"rendered":"https:\/\/ateliersdefred.fr\/?post_type=product&#038;p=601"},"modified":"2024-09-14T12:43:54","modified_gmt":"2024-09-14T10:43:54","slug":"bracelet-jade-nephrite","status":"publish","type":"product","link":"https:\/\/ateliersdefred.fr\/?product=bracelet-jade-nephrite","title":{"rendered":"Bracelet Jade nephrite"},"content":{"rendered":"<blockquote><p><em>Bracelet en perles de min\u00e9raux <\/em><\/p>\n<p><em>La jade nephrite 8mm<\/em><\/p>\n<p><em>D&rsquo;o\u00f9 sont noms elle serait efficace pour les reins et syst\u00e8mes urinaire (calcul r\u00e9naux,incontinence, cystite,\u00e9nur\u00e9sie)<\/em><\/p>\n<p><em>Aide en cas de vertige ou \u00e9tourdissements<\/em><\/p>\n<p><em> <\/em><\/p>\n<p><em>\u00c9MOTIONNELLES :combat la jalousie et possessivit\u00e9 <\/em><\/p>\n<p><em>Pierre chakras c\u0153ur elle vous apporte une joie profonde. <\/em><\/p>\n<p><em>La jade est le symbole de chance <\/em><\/p><\/blockquote>\n","protected":false},"excerpt":{"rendered":"<p>Bracelet en perles de min\u00e9raux<\/p>\n<p>jade nephrite 8mm<\/p>\n<p>La jade nephrite:<\/p>\n<p>D&rsquo;o\u00f9 sont noms elle serait efficace pour les reins et syst\u00e8mes urinaire (calcul r\u00e9naux,incontinence, cystite,\u00e9nur\u00e9sie)<\/p>\n<p>Aide en cas de vertige ou \u00e9tourdissements<\/p>\n<p>\u00c9MOTIONNELLES :combat la jalousie et possessivit\u00e9 <\/p>\n<p>Pierre chakras c\u0153ur elle vous apporte une joie profonde. <\/p>\n<p>La jade est le symbole de chance<\/p>\n","protected":false},"featured_media":572,"comment_status":"open","ping_status":"closed","template":"","meta":[],"product_brand":[],"product_cat":[17,37],"product_tag":[],"class_list":{"0":"post-601","1":"product","2":"type-product","3":"status-publish","4":"has-post-thumbnail","6":"product_cat-bracelet","7":"product_cat-sing","9":"first","10":"instock","11":"shipping-taxable","12":"purchasable","13":"product-type-simple"},"jetpack-related-posts":[],"jetpack_sharing_enabled":true,"_links":{"self":[{"href":"https:\/\/ateliersdefred.fr\/index.php?rest_route=\/wp\/v2\/product\/601","targetHints":{"allow":["GET"]}}],"collection":[{"href":"https:\/\/ateliersdefred.fr\/index.php?rest_route=\/wp\/v2\/product"}],"about":[{"href":"https:\/\/ateliersdefred.fr\/index.php?rest_route=\/wp\/v2\/types\/product"}],"replies":[{"embeddable":true,"href":"https:\/\/ateliersdefred.fr\/index.php?rest_route=%2Fwp%2Fv2%2Fcomments&post=601"}],"wp:featuredmedia":[{"embeddable":true,"href":"https:\/\/ateliersdefred.fr\/index.php?rest_route=\/wp\/v2\/media\/572"}],"wp:attachment":[{"href":"https:\/\/ateliersdefred.fr\/index.php?rest_route=%2Fwp%2Fv2%2Fmedia&parent=601"}],"wp:term":[{"taxonomy":"product_brand","embeddable":true,"href":"https:\/\/ateliersdefred.fr\/index.php?rest_route=%2Fwp%2Fv2%2Fproduct_brand&post=601"},{"taxonomy":"product_cat","embeddable":true,"href":"https:\/\/ateliersdefred.fr\/index.php?rest_route=%2Fwp%2Fv2%2Fproduct_cat&post=601"},{"taxonomy":"product_tag","embeddable":true,"href":"https:\/\/ateliersdefred.fr\/index.php?rest_route=%2Fwp%2Fv2%2Fproduct_tag&post=601"}],"curies":[{"name":"wp","href":"https:\/\/api.w.org\/{rel}","templated":true}]}}