{"id":608,"date":"2022-05-09T16:28:19","date_gmt":"2022-05-09T14:28:19","guid":{"rendered":"https:\/\/ateliersdefred.fr\/?post_type=product&#038;p=608"},"modified":"2025-08-28T09:19:37","modified_gmt":"2025-08-28T07:19:37","slug":"bracelet-en-aventurine","status":"publish","type":"product","link":"https:\/\/ateliersdefred.fr\/?product=bracelet-en-aventurine","title":{"rendered":"Bracelet en Aventurine verte"},"content":{"rendered":"<p>Aventurine<\/p>\n<p>Vertus bien-\u00eatre en lithoth\u00e9rapie<\/p>\n<p>Corps :<br \/>\nL\u2019aventurine est traditionnellement associ\u00e9e au bien-\u00eatre de la peau. Elle accompagne les personnes sujettes \u00e0 l\u2019acn\u00e9 et aide \u00e0 r\u00e9tablir un \u00e9quilibre naturel. On lui attribue \u00e9galement un soutien pour apaiser les tensions li\u00e9es aux maux de dos.<\/p>\n<p>Esprit :<br \/>\nPierre de calme et d\u2019\u00e9quilibre, elle aide \u00e0 mieux ma\u00eetriser ses \u00e9motions et \u00e0 retrouver une attitude plus sereine face aux difficult\u00e9s.<\/p>\n<p>Spirituel :<br \/>\nL\u2019aventurine attire naturellement l\u2019abondance et la prosp\u00e9rit\u00e9. Elle favorise la confiance en soi et l\u2019ouverture du c\u0153ur, renfor\u00e7ant la chance et la r\u00e9ussite dans les projets.<\/p>\n","protected":false},"excerpt":{"rendered":"<p>Aventurine Vertus bien-\u00eatre en lithoth\u00e9rapie Corps : L\u2019aventurine est traditionnellement associ\u00e9e au bien-\u00eatre de la peau. Elle accompagne les personnes sujettes \u00e0 l\u2019acn\u00e9 et aide \u00e0 r\u00e9tablir un \u00e9quilibre naturel. On lui attribue \u00e9galement un soutien pour apaiser les tensions li\u00e9es aux maux de dos. Esprit : Pierre de calme et d\u2019\u00e9quilibre, elle aide \u00e0 <a class=\"read-more\" href=\"https:\/\/ateliersdefred.fr\/?product=bracelet-en-aventurine\">READ MORE<\/a><\/p>\n","protected":false},"featured_media":609,"comment_status":"open","ping_status":"closed","template":"","meta":[],"product_brand":[],"product_cat":[17,37],"product_tag":[],"class_list":{"0":"post-608","1":"product","2":"type-product","3":"status-publish","4":"has-post-thumbnail","6":"product_cat-bracelet","7":"product_cat-sing","9":"first","10":"instock","11":"shipping-taxable","12":"purchasable","13":"product-type-simple"},"jetpack-related-posts":[],"jetpack_sharing_enabled":true,"_links":{"self":[{"href":"https:\/\/ateliersdefred.fr\/index.php?rest_route=\/wp\/v2\/product\/608","targetHints":{"allow":["GET"]}}],"collection":[{"href":"https:\/\/ateliersdefred.fr\/index.php?rest_route=\/wp\/v2\/product"}],"about":[{"href":"https:\/\/ateliersdefred.fr\/index.php?rest_route=\/wp\/v2\/types\/product"}],"replies":[{"embeddable":true,"href":"https:\/\/ateliersdefred.fr\/index.php?rest_route=%2Fwp%2Fv2%2Fcomments&post=608"}],"wp:featuredmedia":[{"embeddable":true,"href":"https:\/\/ateliersdefred.fr\/index.php?rest_route=\/wp\/v2\/media\/609"}],"wp:attachment":[{"href":"https:\/\/ateliersdefred.fr\/index.php?rest_route=%2Fwp%2Fv2%2Fmedia&parent=608"}],"wp:term":[{"taxonomy":"product_brand","embeddable":true,"href":"https:\/\/ateliersdefred.fr\/index.php?rest_route=%2Fwp%2Fv2%2Fproduct_brand&post=608"},{"taxonomy":"product_cat","embeddable":true,"href":"https:\/\/ateliersdefred.fr\/index.php?rest_route=%2Fwp%2Fv2%2Fproduct_cat&post=608"},{"taxonomy":"product_tag","embeddable":true,"href":"https:\/\/ateliersdefred.fr\/index.php?rest_route=%2Fwp%2Fv2%2Fproduct_tag&post=608"}],"curies":[{"name":"wp","href":"https:\/\/api.w.org\/{rel}","templated":true}]}}