{"id":612,"date":"2022-05-09T16:32:03","date_gmt":"2022-05-09T14:32:03","guid":{"rendered":"https:\/\/ateliersdefred.fr\/?post_type=product&#038;p=612"},"modified":"2024-03-25T11:47:43","modified_gmt":"2024-03-25T10:47:43","slug":"bracelets-de-oeil-de-tigre","status":"publish","type":"product","link":"https:\/\/ateliersdefred.fr\/?product=bracelets-de-oeil-de-tigre","title":{"rendered":"Bracelets de \u0152il de tigre"},"content":{"rendered":"<p>BRACELET EN PERLES DE MIN\u00c9RAUX DE \u0152IL DE TIGRE<br \/>\nprotection contre le mauvais \u0153il ou adversit\u00e9,manipulation<br \/>\n\u00c0porte force et courage<br \/>\nVertus lithotherapie sur le corps<br \/>\nCalmerait les maux de ventre <\/p>\n","protected":false},"excerpt":{"rendered":"<p>BRACELET EN PERLES DE MIN\u00c9RAUX DE \u0152IL DE TIGRE protection contre le mauvais \u0153il ou adversit\u00e9,manipulation \u00c0porte force et courage Vertus lithotherapie sur le corps Calmerait les maux de ventre<\/p>\n","protected":false},"featured_media":613,"comment_status":"open","ping_status":"closed","template":"","meta":[],"product_brand":[],"product_cat":[17,37],"product_tag":[],"class_list":{"0":"post-612","1":"product","2":"type-product","3":"status-publish","4":"has-post-thumbnail","6":"product_cat-bracelet","7":"product_cat-sing","9":"first","10":"instock","11":"shipping-taxable","12":"purchasable","13":"product-type-simple"},"jetpack-related-posts":[],"jetpack_sharing_enabled":true,"_links":{"self":[{"href":"https:\/\/ateliersdefred.fr\/index.php?rest_route=\/wp\/v2\/product\/612","targetHints":{"allow":["GET"]}}],"collection":[{"href":"https:\/\/ateliersdefred.fr\/index.php?rest_route=\/wp\/v2\/product"}],"about":[{"href":"https:\/\/ateliersdefred.fr\/index.php?rest_route=\/wp\/v2\/types\/product"}],"replies":[{"embeddable":true,"href":"https:\/\/ateliersdefred.fr\/index.php?rest_route=%2Fwp%2Fv2%2Fcomments&post=612"}],"wp:featuredmedia":[{"embeddable":true,"href":"https:\/\/ateliersdefred.fr\/index.php?rest_route=\/wp\/v2\/media\/613"}],"wp:attachment":[{"href":"https:\/\/ateliersdefred.fr\/index.php?rest_route=%2Fwp%2Fv2%2Fmedia&parent=612"}],"wp:term":[{"taxonomy":"product_brand","embeddable":true,"href":"https:\/\/ateliersdefred.fr\/index.php?rest_route=%2Fwp%2Fv2%2Fproduct_brand&post=612"},{"taxonomy":"product_cat","embeddable":true,"href":"https:\/\/ateliersdefred.fr\/index.php?rest_route=%2Fwp%2Fv2%2Fproduct_cat&post=612"},{"taxonomy":"product_tag","embeddable":true,"href":"https:\/\/ateliersdefred.fr\/index.php?rest_route=%2Fwp%2Fv2%2Fproduct_tag&post=612"}],"curies":[{"name":"wp","href":"https:\/\/api.w.org\/{rel}","templated":true}]}}