{"id":616,"date":"2022-05-09T16:34:56","date_gmt":"2022-05-09T14:34:56","guid":{"rendered":"https:\/\/ateliersdefred.fr\/?post_type=product&#038;p=616"},"modified":"2024-03-25T11:51:01","modified_gmt":"2024-03-25T10:51:01","slug":"bracelet-de-pierre-de-lave","status":"publish","type":"product","link":"https:\/\/ateliersdefred.fr\/?product=bracelet-de-pierre-de-lave","title":{"rendered":"Bracelet de Pierre de lave"},"content":{"rendered":"<p>Bracelet en Perles de min\u00e9raux en pierre de lave<\/p>\n<p>La pierre de lave, ou basalte, est une roche volcanique unique qui se distingue par son origine remarquable et ses profondes connections avec la terre et le feu. Cette roche se forme par le refroidissement rapide de la lave \u00e0 la surface de la Terre ou au contact de l&rsquo;eau, ce qui lui conf\u00e8re une texture poreuse et une couleur allant du gris noir\u00e2tre au noir profond. R\u00e9put\u00e9e dans la lithoth\u00e9rapie et les pratiques de bien-\u00eatre spirituel, la pierre de lave est synonyme d&rsquo;ancrage, de courage, de transformation et de renouveau.<\/p>\n<p>### Vertus et Bienfaits<\/p>\n<p>**En Lithoth\u00e9rapie** : La pierre de lave offre un solide ancrage et une stabilit\u00e9 renforc\u00e9e, id\u00e9ale pour ceux qui naviguent \u00e0 travers des p\u00e9riodes de changement. Elle est \u00e9galement un symbole de r\u00e9silience et de force, aidant \u00e0 surmonter les obstacles et \u00e0 initier des transitions avec courage et d\u00e9termination. Pour ceux qui aspirent \u00e0 un renouveau ou qui lancent de nouveaux projets, la pierre de lave est une source d&rsquo;inspiration, brisant les vieilles cha\u00eenes et encourageant l&rsquo;adoption de nouvelles perspectives.<\/p>\n<p>**Au Niveau Bien-\u00eatre et Spirituel** : Elle harmonise les \u00e9motions, apporte calme et s\u00e9r\u00e9nit\u00e9, et stimule la cr\u00e9ativit\u00e9 en lib\u00e9rant les blocages \u00e9motionnels. En tant que puissant outil de purification, elle absorbe les \u00e9nergies n\u00e9gatives et offre une protection, cr\u00e9ant ainsi un environnement propice au bien-\u00eatre et \u00e0 la spiritualit\u00e9.<\/p>\n<p>### Provenance<\/p>\n<p>Les pierres de lave proviennent de r\u00e9gions \u00e0 l&rsquo;activit\u00e9 volcanique marqu\u00e9e, comme l&rsquo;Islande, Hawaii, les \u00eeles Canaries, ou la R\u00e9union. Cette provenance volcanique enrichit ses qualit\u00e9s \u00e9nerg\u00e9tiques, les pratiques locales et la culture pouvant y ajouter des dimensions suppl\u00e9mentaires.<\/p>\n<p>### Nettoyage et Rechargement<\/p>\n<p>Pour maintenir son int\u00e9grit\u00e9 \u00e9nerg\u00e9tique, un nettoyage sous l&rsquo;eau courante est recommand\u00e9, suivi d&rsquo;un s\u00e9chage complet d\u00fb \u00e0 sa porosit\u00e9. Le rechargement peut se faire au soleil ou sur un amas de quartz, revitalisant ainsi ses \u00e9nergies.<\/p>\n<p>### Conclusion<\/p>\n<p>La pierre de lave est un puissant alli\u00e9 pour quiconque cherche \u00e0 \u00e9quilibrer son \u00eatre, \u00e0 stimuler son potentiel cr\u00e9atif, et \u00e0 embrasser pleinement les cycles de changement et de renouvellement dans sa vie. Son entretien r\u00e9gulier par nettoyage et rechargement assure que ses propri\u00e9t\u00e9s restent vives et puissantes, permettant ainsi \u00e0 cette roche volcanique de continuer \u00e0 servir de support dans les qu\u00eates personnelles de bien-\u00eatre, de cr\u00e9ativit\u00e9, et de transformation.<\/p>\n","protected":false},"excerpt":{"rendered":"<p>Bracelet en Perles de min\u00e9raux en pierre de lave La pierre de lave, ou basalte, est une roche volcanique unique qui se distingue par son origine remarquable et ses profondes connections avec la terre et le feu. Cette roche se forme par le refroidissement rapide de la lave \u00e0 la surface de la Terre ou <a class=\"read-more\" href=\"https:\/\/ateliersdefred.fr\/?product=bracelet-de-pierre-de-lave\">READ MORE<\/a><\/p>\n","protected":false},"featured_media":617,"comment_status":"open","ping_status":"closed","template":"","meta":[],"product_brand":[],"product_cat":[17,37],"product_tag":[],"class_list":{"0":"post-616","1":"product","2":"type-product","3":"status-publish","4":"has-post-thumbnail","6":"product_cat-bracelet","7":"product_cat-sing","9":"first","10":"instock","11":"shipping-taxable","12":"purchasable","13":"product-type-simple"},"jetpack-related-posts":[],"jetpack_sharing_enabled":true,"_links":{"self":[{"href":"https:\/\/ateliersdefred.fr\/index.php?rest_route=\/wp\/v2\/product\/616","targetHints":{"allow":["GET"]}}],"collection":[{"href":"https:\/\/ateliersdefred.fr\/index.php?rest_route=\/wp\/v2\/product"}],"about":[{"href":"https:\/\/ateliersdefred.fr\/index.php?rest_route=\/wp\/v2\/types\/product"}],"replies":[{"embeddable":true,"href":"https:\/\/ateliersdefred.fr\/index.php?rest_route=%2Fwp%2Fv2%2Fcomments&post=616"}],"wp:featuredmedia":[{"embeddable":true,"href":"https:\/\/ateliersdefred.fr\/index.php?rest_route=\/wp\/v2\/media\/617"}],"wp:attachment":[{"href":"https:\/\/ateliersdefred.fr\/index.php?rest_route=%2Fwp%2Fv2%2Fmedia&parent=616"}],"wp:term":[{"taxonomy":"product_brand","embeddable":true,"href":"https:\/\/ateliersdefred.fr\/index.php?rest_route=%2Fwp%2Fv2%2Fproduct_brand&post=616"},{"taxonomy":"product_cat","embeddable":true,"href":"https:\/\/ateliersdefred.fr\/index.php?rest_route=%2Fwp%2Fv2%2Fproduct_cat&post=616"},{"taxonomy":"product_tag","embeddable":true,"href":"https:\/\/ateliersdefred.fr\/index.php?rest_route=%2Fwp%2Fv2%2Fproduct_tag&post=616"}],"curies":[{"name":"wp","href":"https:\/\/api.w.org\/{rel}","templated":true}]}}