{"id":632,"date":"2022-05-09T16:52:03","date_gmt":"2022-05-09T14:52:03","guid":{"rendered":"https:\/\/ateliersdefred.fr\/?post_type=product&#038;p=632"},"modified":"2025-08-28T09:11:39","modified_gmt":"2025-08-28T07:11:39","slug":"bracelet-en-ambre-special-enfant","status":"publish","type":"product","link":"https:\/\/ateliersdefred.fr\/?product=bracelet-en-ambre-special-enfant","title":{"rendered":"Bracelet en Ambre (special enfant)"},"content":{"rendered":"<p>Ambre<\/p>\n<p>Vertus bien-\u00eatre en lithoth\u00e9rapie (sp\u00e9cial enfants &amp; b\u00e9b\u00e9s)<\/p>\n<p>Corps :<br \/>\nL\u2019ambre est traditionnellement reconnu pour son action apaisante lors des p\u00e9riodes de dentition. Port\u00e9 par les b\u00e9b\u00e9s, il aide \u00e0 calmer les douleurs et \u00e0 r\u00e9duire l\u2019inconfort li\u00e9 aux pouss\u00e9es dentaires. Il est \u00e9galement associ\u00e9 au soulagement des petits maux de ventre et \u00e0 une sensation de r\u00e9confort.<\/p>\n<p>Esprit :<br \/>\nPierre douce et chaleureuse, elle apporte un sentiment de s\u00e9curit\u00e9 et favorise la confiance en soi d\u00e8s le plus jeune \u00e2ge. Elle aide l\u2019enfant \u00e0 s\u2019apaiser et \u00e0 mieux vivre ses \u00e9motions.<\/p>\n<p>Spirituel :<br \/>\nL\u2019ambre est symbole de lumi\u00e8re et de protection. Il entoure l\u2019enfant d\u2019une \u00e9nergie rassurante, cr\u00e9ant un climat de calme et de s\u00e9r\u00e9nit\u00e9.<\/p>\n<p>\ud83d\udd12 Fermoir \u00e0 visser : con\u00e7u sp\u00e9cialement pour les b\u00e9b\u00e9s et enfants afin d\u2019assurer une utilisation s\u00e9curis\u00e9e.<\/p>\n","protected":false},"excerpt":{"rendered":"<p>Ambre Vertus bien-\u00eatre en lithoth\u00e9rapie (sp\u00e9cial enfants &amp; b\u00e9b\u00e9s) Corps : L\u2019ambre est traditionnellement reconnu pour son action apaisante lors des p\u00e9riodes de dentition. Port\u00e9 par les b\u00e9b\u00e9s, il aide \u00e0 calmer les douleurs et \u00e0 r\u00e9duire l\u2019inconfort li\u00e9 aux pouss\u00e9es dentaires. Il est \u00e9galement associ\u00e9 au soulagement des petits maux de ventre et \u00e0 <a class=\"read-more\" href=\"https:\/\/ateliersdefred.fr\/?product=bracelet-en-ambre-special-enfant\">READ MORE<\/a><\/p>\n","protected":false},"featured_media":633,"comment_status":"open","ping_status":"closed","template":"","meta":[],"product_brand":[],"product_cat":[17,37],"product_tag":[],"class_list":{"0":"post-632","1":"product","2":"type-product","3":"status-publish","4":"has-post-thumbnail","6":"product_cat-bracelet","7":"product_cat-sing","9":"first","10":"instock","11":"shipping-taxable","12":"purchasable","13":"product-type-simple"},"jetpack-related-posts":[],"jetpack_sharing_enabled":true,"_links":{"self":[{"href":"https:\/\/ateliersdefred.fr\/index.php?rest_route=\/wp\/v2\/product\/632","targetHints":{"allow":["GET"]}}],"collection":[{"href":"https:\/\/ateliersdefred.fr\/index.php?rest_route=\/wp\/v2\/product"}],"about":[{"href":"https:\/\/ateliersdefred.fr\/index.php?rest_route=\/wp\/v2\/types\/product"}],"replies":[{"embeddable":true,"href":"https:\/\/ateliersdefred.fr\/index.php?rest_route=%2Fwp%2Fv2%2Fcomments&post=632"}],"wp:featuredmedia":[{"embeddable":true,"href":"https:\/\/ateliersdefred.fr\/index.php?rest_route=\/wp\/v2\/media\/633"}],"wp:attachment":[{"href":"https:\/\/ateliersdefred.fr\/index.php?rest_route=%2Fwp%2Fv2%2Fmedia&parent=632"}],"wp:term":[{"taxonomy":"product_brand","embeddable":true,"href":"https:\/\/ateliersdefred.fr\/index.php?rest_route=%2Fwp%2Fv2%2Fproduct_brand&post=632"},{"taxonomy":"product_cat","embeddable":true,"href":"https:\/\/ateliersdefred.fr\/index.php?rest_route=%2Fwp%2Fv2%2Fproduct_cat&post=632"},{"taxonomy":"product_tag","embeddable":true,"href":"https:\/\/ateliersdefred.fr\/index.php?rest_route=%2Fwp%2Fv2%2Fproduct_tag&post=632"}],"curies":[{"name":"wp","href":"https:\/\/api.w.org\/{rel}","templated":true}]}}