{"id":642,"date":"2022-05-09T16:57:27","date_gmt":"2022-05-09T14:57:27","guid":{"rendered":"https:\/\/ateliersdefred.fr\/?post_type=product&#038;p=642"},"modified":"2025-08-28T09:21:56","modified_gmt":"2025-08-28T07:21:56","slug":"bracelet-en-chrysocolle","status":"publish","type":"product","link":"https:\/\/ateliersdefred.fr\/?product=bracelet-en-chrysocolle","title":{"rendered":"Bracelet en Chrysocolle"},"content":{"rendered":"<p>Chrysocolle<\/p>\n<p>Vertus bien-\u00eatre en lithoth\u00e9rapie<\/p>\n<p>Corps :<br \/>\nLa chrysocolle est souvent associ\u00e9e au soulagement des tensions physiques, en particulier celles li\u00e9es au dos. Elle est per\u00e7ue comme une pierre qui accompagne l\u2019\u00e9quilibre corporel et aide \u00e0 rel\u00e2cher les charges accumul\u00e9es.<\/p>\n<p>Esprit :<br \/>\nPierre d\u2019apaisement, elle favorise la confiance en soi et encourage l\u2019expression authentique. Elle aide \u00e0 s\u2019all\u00e9ger du stress et des doutes pour retrouver une meilleure harmonie int\u00e9rieure.<\/p>\n<p>Spirituel :<br \/>\nLa chrysocolle invite \u00e0 la s\u00e9r\u00e9nit\u00e9 et au l\u00e2cher-prise. Elle ouvre la voie \u00e0 une meilleure \u00e9coute de soi et \u00e0 une connexion plus douce avec ses \u00e9nergies int\u00e9rieures.<\/p>\n<p>\u2728 Bracelet en chrysocolle reconstitu\u00e9e : conserve l\u2019\u00e9nergie symbolique et les vertus attribu\u00e9es \u00e0 cette pierre, tout en rendant son port accessible au quotidien.<\/p>\n","protected":false},"excerpt":{"rendered":"<blockquote><p>&nbsp;<\/p><\/blockquote>\n","protected":false},"featured_media":643,"comment_status":"open","ping_status":"closed","template":"","meta":[],"product_brand":[],"product_cat":[17,37],"product_tag":[],"class_list":{"0":"post-642","1":"product","2":"type-product","3":"status-publish","4":"has-post-thumbnail","6":"product_cat-bracelet","7":"product_cat-sing","9":"first","10":"instock","11":"shipping-taxable","12":"purchasable","13":"product-type-simple"},"jetpack-related-posts":[],"jetpack_sharing_enabled":true,"_links":{"self":[{"href":"https:\/\/ateliersdefred.fr\/index.php?rest_route=\/wp\/v2\/product\/642","targetHints":{"allow":["GET"]}}],"collection":[{"href":"https:\/\/ateliersdefred.fr\/index.php?rest_route=\/wp\/v2\/product"}],"about":[{"href":"https:\/\/ateliersdefred.fr\/index.php?rest_route=\/wp\/v2\/types\/product"}],"replies":[{"embeddable":true,"href":"https:\/\/ateliersdefred.fr\/index.php?rest_route=%2Fwp%2Fv2%2Fcomments&post=642"}],"wp:featuredmedia":[{"embeddable":true,"href":"https:\/\/ateliersdefred.fr\/index.php?rest_route=\/wp\/v2\/media\/643"}],"wp:attachment":[{"href":"https:\/\/ateliersdefred.fr\/index.php?rest_route=%2Fwp%2Fv2%2Fmedia&parent=642"}],"wp:term":[{"taxonomy":"product_brand","embeddable":true,"href":"https:\/\/ateliersdefred.fr\/index.php?rest_route=%2Fwp%2Fv2%2Fproduct_brand&post=642"},{"taxonomy":"product_cat","embeddable":true,"href":"https:\/\/ateliersdefred.fr\/index.php?rest_route=%2Fwp%2Fv2%2Fproduct_cat&post=642"},{"taxonomy":"product_tag","embeddable":true,"href":"https:\/\/ateliersdefred.fr\/index.php?rest_route=%2Fwp%2Fv2%2Fproduct_tag&post=642"}],"curies":[{"name":"wp","href":"https:\/\/api.w.org\/{rel}","templated":true}]}}