{"id":646,"date":"2022-05-09T17:01:32","date_gmt":"2022-05-09T15:01:32","guid":{"rendered":"https:\/\/ateliersdefred.fr\/?post_type=product&#038;p=646"},"modified":"2025-08-28T09:05:16","modified_gmt":"2025-08-28T07:05:16","slug":"bracelet-en-agate-mousse","status":"publish","type":"product","link":"https:\/\/ateliersdefred.fr\/?product=bracelet-en-agate-mousse","title":{"rendered":"Bracelet en Agate mousse"},"content":{"rendered":"<p>Agate Mousse<\/p>\n<p>Vertus bien-\u00eatre en lithoth\u00e9rapie<\/p>\n<p>Corps :<br \/>\nL\u2019agate mousse soutient la vitalit\u00e9 en aidant \u00e0 r\u00e9duire la sensation de fatigue. Elle est per\u00e7ue comme une pierre qui revitalise et \u00e9quilibre en douceur.<\/p>\n<p>Esprit :<br \/>\nApaisante et stabilisante, elle aide \u00e0 dissiper la morosit\u00e9 et encourage un \u00e9tat d\u2019esprit plus positif. Elle stimule la cr\u00e9ativit\u00e9 et favorise une meilleure clart\u00e9 mentale, id\u00e9ale pour retrouver inspiration et motivation.<\/p>\n<p>Spirituel :<br \/>\nPierre de connexion \u00e0 la nature, elle apporte ancrage et harmonie. Elle soutient l\u2019ouverture du c\u0153ur et la croissance personnelle, en favorisant \u00e9quilibre et s\u00e9r\u00e9nit\u00e9.<\/p>\n","protected":false},"excerpt":{"rendered":"<ol>\n<li><\/li>\n<\/ol>\n","protected":false},"featured_media":647,"comment_status":"open","ping_status":"closed","template":"","meta":[],"product_brand":[],"product_cat":[17,37],"product_tag":[],"class_list":{"0":"post-646","1":"product","2":"type-product","3":"status-publish","4":"has-post-thumbnail","6":"product_cat-bracelet","7":"product_cat-sing","9":"first","10":"instock","11":"shipping-taxable","12":"purchasable","13":"product-type-simple"},"jetpack-related-posts":[],"jetpack_sharing_enabled":true,"_links":{"self":[{"href":"https:\/\/ateliersdefred.fr\/index.php?rest_route=\/wp\/v2\/product\/646","targetHints":{"allow":["GET"]}}],"collection":[{"href":"https:\/\/ateliersdefred.fr\/index.php?rest_route=\/wp\/v2\/product"}],"about":[{"href":"https:\/\/ateliersdefred.fr\/index.php?rest_route=\/wp\/v2\/types\/product"}],"replies":[{"embeddable":true,"href":"https:\/\/ateliersdefred.fr\/index.php?rest_route=%2Fwp%2Fv2%2Fcomments&post=646"}],"wp:featuredmedia":[{"embeddable":true,"href":"https:\/\/ateliersdefred.fr\/index.php?rest_route=\/wp\/v2\/media\/647"}],"wp:attachment":[{"href":"https:\/\/ateliersdefred.fr\/index.php?rest_route=%2Fwp%2Fv2%2Fmedia&parent=646"}],"wp:term":[{"taxonomy":"product_brand","embeddable":true,"href":"https:\/\/ateliersdefred.fr\/index.php?rest_route=%2Fwp%2Fv2%2Fproduct_brand&post=646"},{"taxonomy":"product_cat","embeddable":true,"href":"https:\/\/ateliersdefred.fr\/index.php?rest_route=%2Fwp%2Fv2%2Fproduct_cat&post=646"},{"taxonomy":"product_tag","embeddable":true,"href":"https:\/\/ateliersdefred.fr\/index.php?rest_route=%2Fwp%2Fv2%2Fproduct_tag&post=646"}],"curies":[{"name":"wp","href":"https:\/\/api.w.org\/{rel}","templated":true}]}}