{"id":655,"date":"2022-05-09T17:06:39","date_gmt":"2022-05-09T15:06:39","guid":{"rendered":"https:\/\/ateliersdefred.fr\/?post_type=product&#038;p=655"},"modified":"2025-08-28T08:56:56","modified_gmt":"2025-08-28T06:56:56","slug":"bracelet-en-jadeite","status":"publish","type":"product","link":"https:\/\/ateliersdefred.fr\/?product=bracelet-en-jadeite","title":{"rendered":"Bracelet en Jade\u00efte (Calme)"},"content":{"rendered":"<p>Jade \u2013 Jade\u00efte<\/p>\n<p>Vertus bien-\u00eatre en lithoth\u00e9rapie<\/p>\n<p>Corps :<br \/>\nLa jade\u00efte est r\u00e9put\u00e9e pour accompagner l\u2019\u00e9quilibre \u00e9nerg\u00e9tique des reins et du syst\u00e8me urinaire. Elle est associ\u00e9e \u00e0 une sensation de purification et de vitalit\u00e9, favorisant une meilleure circulation des \u00e9nergies dans le corps.<\/p>\n<p>Esprit :<br \/>\nPierre de calme et de s\u00e9r\u00e9nit\u00e9, elle apaise les tensions et aide \u00e0 retrouver un \u00e9tat int\u00e9rieur plus harmonieux. Elle soutient \u00e9galement la cr\u00e9ativit\u00e9 et l\u2019inspiration, ouvrant l\u2019esprit \u00e0 de nouvelles id\u00e9es.<\/p>\n<p>Spirituel :<br \/>\nSymbole de chance et de prosp\u00e9rit\u00e9, la jade\u00efte attire les \u00e9nergies positives et l\u2019abondance. Elle favorise la sagesse et la protection spirituelle, apportant une aura de paix et d\u2019\u00e9quilibre.<\/p>\n","protected":false},"excerpt":{"rendered":"<ol>\n<li>[contact-form][contact-field label=\"Nom\" type=\"name\"  required=\"true\" \/][contact-field label=\"E-mail\" type=\"email\" required=\"true\" \/][contact-field label=\"Site web\" type=\"url\" \/][contact-field label=\"Message\" type=\"textarea\" \/][\/contact-form]<\/li>\n<\/ol>\n","protected":false},"featured_media":656,"comment_status":"open","ping_status":"closed","template":"","meta":[],"product_brand":[],"product_cat":[17,37],"product_tag":[],"class_list":{"0":"post-655","1":"product","2":"type-product","3":"status-publish","4":"has-post-thumbnail","6":"product_cat-bracelet","7":"product_cat-sing","9":"first","10":"instock","11":"shipping-taxable","12":"purchasable","13":"product-type-simple"},"jetpack-related-posts":[],"jetpack_sharing_enabled":true,"_links":{"self":[{"href":"https:\/\/ateliersdefred.fr\/index.php?rest_route=\/wp\/v2\/product\/655","targetHints":{"allow":["GET"]}}],"collection":[{"href":"https:\/\/ateliersdefred.fr\/index.php?rest_route=\/wp\/v2\/product"}],"about":[{"href":"https:\/\/ateliersdefred.fr\/index.php?rest_route=\/wp\/v2\/types\/product"}],"replies":[{"embeddable":true,"href":"https:\/\/ateliersdefred.fr\/index.php?rest_route=%2Fwp%2Fv2%2Fcomments&post=655"}],"wp:featuredmedia":[{"embeddable":true,"href":"https:\/\/ateliersdefred.fr\/index.php?rest_route=\/wp\/v2\/media\/656"}],"wp:attachment":[{"href":"https:\/\/ateliersdefred.fr\/index.php?rest_route=%2Fwp%2Fv2%2Fmedia&parent=655"}],"wp:term":[{"taxonomy":"product_brand","embeddable":true,"href":"https:\/\/ateliersdefred.fr\/index.php?rest_route=%2Fwp%2Fv2%2Fproduct_brand&post=655"},{"taxonomy":"product_cat","embeddable":true,"href":"https:\/\/ateliersdefred.fr\/index.php?rest_route=%2Fwp%2Fv2%2Fproduct_cat&post=655"},{"taxonomy":"product_tag","embeddable":true,"href":"https:\/\/ateliersdefred.fr\/index.php?rest_route=%2Fwp%2Fv2%2Fproduct_tag&post=655"}],"curies":[{"name":"wp","href":"https:\/\/api.w.org\/{rel}","templated":true}]}}