{"id":665,"date":"2022-05-09T17:13:03","date_gmt":"2022-05-09T15:13:03","guid":{"rendered":"https:\/\/ateliersdefred.fr\/?post_type=product&#038;p=665"},"modified":"2025-08-28T09:08:07","modified_gmt":"2025-08-28T07:08:07","slug":"bracelet-en-amazonite","status":"publish","type":"product","link":"https:\/\/ateliersdefred.fr\/?product=bracelet-en-amazonite","title":{"rendered":"Bracelet en Amazonite"},"content":{"rendered":"<div class=\"wp-block-jetpack-contact-form-container\" id=\"contact-form-jp-form\" data-test=\"contact-form\" data-wp-interactive=\"jetpack\/form\" data-wp-context=\"{\" data-wp-watch--scroll-to-wrapper=\"callbacks.scrollToWrapper\">\n<div class=\"contact-form-submission contact-form-ajax-submission\" data-wp-class--submission-success=\"context.submissionSuccess\">\n<p class=\"go-back-message\">Amazonite<\/p>\n<p>Vertus bien-\u00eatre en lithoth\u00e9rapie<\/p>\n<p>Corps :<br \/>\nCette pierre apaise le syst\u00e8me nerveux et contribue \u00e0 r\u00e9duire les tensions physiques, procurant une douce d\u00e9tente int\u00e9rieure  .<\/p>\n<p>Esprit :<\/p>\n<p>Communication : L\u2019amazonite est souvent appel\u00e9e la \u00ab pierre de communication \u00bb. Elle ouvre les chakras de la gorge et du c\u0153ur, favorisant la parole sinc\u00e8re, fluide et align\u00e9e avec ses \u00e9motions  .<\/p>\n<p>Apaisement \u00e9motionnel : Elle aide \u00e0 dissiper le stress, les pens\u00e9es n\u00e9gatives et les \u00e9motions envahissantes, tout en r\u00e9tablissant la s\u00e9r\u00e9nit\u00e9 int\u00e9rieure  .<\/p>\n<p>Pour les hypersensibles : L\u2019amazonite est id\u00e9ale pour ceux qui ressentent intens\u00e9ment, car elle instaure un calme int\u00e9rieur et permet d\u2019exprimer ses \u00e9motions de mani\u00e8re authentique  .<br \/>\n<a class=\"link\" role=\"button\" data-wp-on--click=\"actions.goBack\" href=\"\">Retour<\/a><\/p>\n<h4 id=\"contact-form-success-header\">Votre message a \u00e9t\u00e9 envoy\u00e9<\/h4>\n<div>\n<div class=\"field-name\" data-wp-text=\"context.submission.label\" data-wp-bind--hidden=\"!context.submission.label\">\n<\/div>\n<div class=\"field-value\" data-wp-text=\"context.submission.value\">\n<\/div>\n<\/div>\n<\/div>\n<div class=\"grunion-field-name-wrap grunion-field-wrap\" data-wp-interactive=\"jetpack\/form\" data-wp-context=\"{\" data-wp-init=\"callbacks.initializeField\" data-wp-on--jetpack-form-reset=\"callbacks.initializeField\">\n<p><label for=\"gjp-form-nom\" class=\"grunion-field-label name\">Nom<span class=\"grunion-label-required\" aria-hidden=\"true\">(obligatoire)<\/span><\/label><\/p>\n<div class=\"contact-form__input-error\" id=\"gjp-form-nom-text-error\" data-wp-class--has-errors=\"state.fieldHasErrors\">\n<p>\t\t\t\t<span class=\"contact-form__warning-icon\"><\/p>\n<p><span class=\"visually-hidden\">Attention<\/span><\/p>\n<p><\/span><\/p>\n<\/div>\n<\/div>\n<div class=\"grunion-field-email-wrap grunion-field-wrap\" data-wp-interactive=\"jetpack\/form\" data-wp-context=\"{\" data-wp-init=\"callbacks.initializeField\" data-wp-on--jetpack-form-reset=\"callbacks.initializeField\">\n<p><label for=\"gjp-form-email\" class=\"grunion-field-label email\">E-mail<span class=\"grunion-label-required\" aria-hidden=\"true\">(obligatoire)<\/span><\/label><\/p>\n<div class=\"contact-form__input-error\" id=\"gjp-form-email-email-error\" data-wp-class--has-errors=\"state.fieldHasErrors\">\n<p>\t\t\t\t<span class=\"contact-form__warning-icon\"><\/p>\n<p><span class=\"visually-hidden\">Attention<\/span><\/p>\n<p><\/span><\/p>\n<\/div>\n<\/div>\n<div class=\"grunion-field-url-wrap grunion-field-wrap\" data-wp-interactive=\"jetpack\/form\" data-wp-context=\"{\" data-wp-init=\"callbacks.initializeField\" data-wp-on--jetpack-form-reset=\"callbacks.initializeField\">\n<p><label for=\"gjp-form-siteweb\" class=\"grunion-field-label url\">Site web<\/label><\/p>\n<div class=\"contact-form__input-error\" id=\"gjp-form-siteweb-text-error\" data-wp-class--has-errors=\"state.fieldHasErrors\">\n<p>\t\t\t\t<span class=\"contact-form__warning-icon\"><\/p>\n<p><span class=\"visually-hidden\">Attention<\/span><\/p>\n<p><\/span><\/p>\n<\/div>\n<\/div>\n<div class=\"grunion-field-textarea-wrap grunion-field-wrap\" data-wp-interactive=\"jetpack\/form\" data-wp-context=\"{\" data-wp-init=\"callbacks.initializeField\" data-wp-on--jetpack-form-reset=\"callbacks.initializeField\">\n<p><label for=\"contact-form-comment-gjp-form-message\" class=\"grunion-field-label textarea\">Message<\/label><\/p>\n<p><textarea rows=\"20\" class=\"textarea grunion-field\" id=\"contact-form-comment-gjp-form-message\" name=\"gjp-form-message\" data-wp-text=\"state.getFieldValue\" data-wp-on--input=\"actions.onFieldChange\" data-wp-on--blur=\"actions.onFieldBlur\" data-wp-class--has-value=\"state.hasFieldValue\" data-wp-bind--aria-invalid=\"state.fieldHasErrors\" data-wp-on--keydown=\"actions.onKeyDownTextarea\"><\/textarea><\/p>\n<div class=\"contact-form__input-error\" id=\"gjp-form-message-textarea-error\" data-wp-class--has-errors=\"state.fieldHasErrors\">\n<p>\t\t\t\t<span class=\"contact-form__warning-icon\"><\/p>\n<p><span class=\"visually-hidden\">Attention<\/span><\/p>\n<p><\/span><\/p>\n<\/div>\n<\/div>\n<p class=\"contact-submit\">\n<div class=\"contact-form__error\" data-wp-class--show-errors=\"state.showFormErrors\">\n<p><span class=\"contact-form__warning-icon\"><span class=\"visually-hidden\">Attention.<\/span><i aria-hidden=\"true\"><\/i><\/span><\/p>\n<\/div>\n<ul>\n<li><a data-wp-bind--href=\"context.item.anchor\" data-wp-on--click=\"actions.scrollIntoView\" data-wp-text=\"context.item.label\"><\/a><\/li>\n<\/ul>\n<\/div>\n<div class=\"contact-form__error\" data-wp-class--show-errors=\"state.showSubmissionError\" data-wp-text=\"context.submissionError\"><\/div>\n<p><button type=\"submit\" class=\"pushbutton-wide\">Envoyer<\/button>\t\t<\/p>\n","protected":false},"excerpt":{"rendered":"<p>Amazonite Vertus bien-\u00eatre en lithoth\u00e9rapie Corps : Cette pierre apaise le syst\u00e8me nerveux et contribue \u00e0 r\u00e9duire les tensions physiques, procurant une douce d\u00e9tente int\u00e9rieure . Esprit : Communication : L\u2019amazonite est souvent appel\u00e9e la \u00ab pierre de communication \u00bb. Elle ouvre les chakras de la gorge et du c\u0153ur, favorisant la parole sinc\u00e8re, fluide <a class=\"read-more\" href=\"https:\/\/ateliersdefred.fr\/?product=bracelet-en-amazonite\">READ MORE<\/a><\/p>\n","protected":false},"featured_media":667,"comment_status":"open","ping_status":"closed","template":"","meta":[],"product_brand":[],"product_cat":[17,37],"product_tag":[],"class_list":{"0":"post-665","1":"product","2":"type-product","3":"status-publish","4":"has-post-thumbnail","6":"product_cat-bracelet","7":"product_cat-sing","9":"first","10":"instock","11":"shipping-taxable","12":"purchasable","13":"product-type-simple"},"jetpack-related-posts":[],"jetpack_sharing_enabled":true,"_links":{"self":[{"href":"https:\/\/ateliersdefred.fr\/index.php?rest_route=\/wp\/v2\/product\/665","targetHints":{"allow":["GET"]}}],"collection":[{"href":"https:\/\/ateliersdefred.fr\/index.php?rest_route=\/wp\/v2\/product"}],"about":[{"href":"https:\/\/ateliersdefred.fr\/index.php?rest_route=\/wp\/v2\/types\/product"}],"replies":[{"embeddable":true,"href":"https:\/\/ateliersdefred.fr\/index.php?rest_route=%2Fwp%2Fv2%2Fcomments&post=665"}],"wp:featuredmedia":[{"embeddable":true,"href":"https:\/\/ateliersdefred.fr\/index.php?rest_route=\/wp\/v2\/media\/667"}],"wp:attachment":[{"href":"https:\/\/ateliersdefred.fr\/index.php?rest_route=%2Fwp%2Fv2%2Fmedia&parent=665"}],"wp:term":[{"taxonomy":"product_brand","embeddable":true,"href":"https:\/\/ateliersdefred.fr\/index.php?rest_route=%2Fwp%2Fv2%2Fproduct_brand&post=665"},{"taxonomy":"product_cat","embeddable":true,"href":"https:\/\/ateliersdefred.fr\/index.php?rest_route=%2Fwp%2Fv2%2Fproduct_cat&post=665"},{"taxonomy":"product_tag","embeddable":true,"href":"https:\/\/ateliersdefred.fr\/index.php?rest_route=%2Fwp%2Fv2%2Fproduct_tag&post=665"}],"curies":[{"name":"wp","href":"https:\/\/api.w.org\/{rel}","templated":true}]}}