{"id":671,"date":"2022-05-09T20:03:49","date_gmt":"2022-05-09T18:03:49","guid":{"rendered":"https:\/\/ateliersdefred.fr\/?post_type=product&#038;p=671"},"modified":"2025-08-28T09:03:17","modified_gmt":"2025-08-28T07:03:17","slug":"bracelet-en-agate-du-botswana","status":"publish","type":"product","link":"https:\/\/ateliersdefred.fr\/?product=bracelet-en-agate-du-botswana","title":{"rendered":"Bracelet en Agate du Botswana"},"content":{"rendered":"<p>Agate du Botswana<\/p>\n<p>Vertus bien-\u00eatre en lithoth\u00e9rapie<\/p>\n<p>Corps :<br \/>\nL\u2019agate du Botswana est souvent utilis\u00e9e comme soutien lors des p\u00e9riodes de sevrage ou de lib\u00e9ration des d\u00e9pendances. Elle accompagne en douceur les transitions et aide \u00e0 canaliser les \u00e9nergies pour r\u00e9duire les comportements r\u00e9p\u00e9titifs.<\/p>\n<p>Esprit :<br \/>\nPierre de r\u00e9confort, elle favorise la bonne humeur et all\u00e8ge les pens\u00e9es sombres. Elle apporte un regain de motivation, soutenant la volont\u00e9 d\u2019avancer avec plus de confiance et d\u2019optimisme.<\/p>\n<p>Spirituel :<br \/>\nL\u2019agate du Botswana ouvre l\u2019esprit \u00e0 de nouvelles perspectives et renforce l\u2019\u00e9quilibre int\u00e9rieur. Elle aide \u00e0 trouver une stabilit\u00e9 \u00e9motionnelle et \u00e0 se reconnecter \u00e0 son \u00e9nergie vitale.<\/p>\n","protected":false},"excerpt":{"rendered":"<p>Agate du Botswana Vertus bien-\u00eatre en lithoth\u00e9rapie Corps : L\u2019agate du Botswana est souvent utilis\u00e9e comme soutien lors des p\u00e9riodes de sevrage ou de lib\u00e9ration des d\u00e9pendances. Elle accompagne en douceur les transitions et aide \u00e0 canaliser les \u00e9nergies pour r\u00e9duire les comportements r\u00e9p\u00e9titifs. Esprit : Pierre de r\u00e9confort, elle favorise la bonne humeur et <a class=\"read-more\" href=\"https:\/\/ateliersdefred.fr\/?product=bracelet-en-agate-du-botswana\">READ MORE<\/a><\/p>\n","protected":false},"featured_media":506,"comment_status":"open","ping_status":"closed","template":"","meta":[],"product_brand":[],"product_cat":[17,37],"product_tag":[],"class_list":{"0":"post-671","1":"product","2":"type-product","3":"status-publish","4":"has-post-thumbnail","6":"product_cat-bracelet","7":"product_cat-sing","9":"first","10":"instock","11":"shipping-taxable","12":"purchasable","13":"product-type-simple"},"jetpack-related-posts":[],"jetpack_sharing_enabled":true,"_links":{"self":[{"href":"https:\/\/ateliersdefred.fr\/index.php?rest_route=\/wp\/v2\/product\/671","targetHints":{"allow":["GET"]}}],"collection":[{"href":"https:\/\/ateliersdefred.fr\/index.php?rest_route=\/wp\/v2\/product"}],"about":[{"href":"https:\/\/ateliersdefred.fr\/index.php?rest_route=\/wp\/v2\/types\/product"}],"replies":[{"embeddable":true,"href":"https:\/\/ateliersdefred.fr\/index.php?rest_route=%2Fwp%2Fv2%2Fcomments&post=671"}],"wp:featuredmedia":[{"embeddable":true,"href":"https:\/\/ateliersdefred.fr\/index.php?rest_route=\/wp\/v2\/media\/506"}],"wp:attachment":[{"href":"https:\/\/ateliersdefred.fr\/index.php?rest_route=%2Fwp%2Fv2%2Fmedia&parent=671"}],"wp:term":[{"taxonomy":"product_brand","embeddable":true,"href":"https:\/\/ateliersdefred.fr\/index.php?rest_route=%2Fwp%2Fv2%2Fproduct_brand&post=671"},{"taxonomy":"product_cat","embeddable":true,"href":"https:\/\/ateliersdefred.fr\/index.php?rest_route=%2Fwp%2Fv2%2Fproduct_cat&post=671"},{"taxonomy":"product_tag","embeddable":true,"href":"https:\/\/ateliersdefred.fr\/index.php?rest_route=%2Fwp%2Fv2%2Fproduct_tag&post=671"}],"curies":[{"name":"wp","href":"https:\/\/api.w.org\/{rel}","templated":true}]}}