{"id":679,"date":"2022-05-09T21:38:48","date_gmt":"2022-05-09T19:38:48","guid":{"rendered":"https:\/\/ateliersdefred.fr\/?post_type=product&#038;p=679"},"modified":"2025-08-28T09:18:19","modified_gmt":"2025-08-28T07:18:19","slug":"bracelet-en-apatite","status":"publish","type":"product","link":"https:\/\/ateliersdefred.fr\/?product=bracelet-en-apatite","title":{"rendered":"Bracelet en Apatite (Perte de poids\/Communication)"},"content":{"rendered":"<p>Apatite<\/p>\n<p>Vertus bien-\u00eatre en lithoth\u00e9rapie<\/p>\n<p>Corps :<br \/>\nL\u2019apatite est souvent associ\u00e9e au soutien des d\u00e9marches de perte de poids, en aidant \u00e0 mieux g\u00e9rer les exc\u00e8s et en apportant une sensation d\u2019\u00e9quilibre. Elle favorise \u00e9galement la vitalit\u00e9 et un meilleur dynamisme au quotidien.<\/p>\n<p>Esprit :<br \/>\nCette pierre agit comme un apaisant \u00e9motionnel. Elle aide \u00e0 calmer la col\u00e8re, \u00e0 r\u00e9guler les d\u00e9bordements \u00e9motionnels et \u00e0 retrouver une attitude plus sereine face aux situations de tension.<\/p>\n<p>Spirituel :<br \/>\nL\u2019apatite favorise la communication int\u00e9rieure et l\u2019expression de soi. Elle accompagne l\u2019ouverture de conscience et aide \u00e0 transformer les blocages en \u00e9nergie constructive.<\/p>\n","protected":false},"excerpt":{"rendered":"<p>APATITE :<\/p>\n<p>-Diminue l\u2019envie de nourriture agit comme un coupe faim<\/p>\n<p>-Am\u00e9liore la qualit\u00e9 du sommeil ce qui favorise la perte de poids et une meilleure sant\u00e9 g\u00e9n\u00e9rale<\/p>\n<p>fortifie la musculature<\/p>\n<p>Calme les crampes musculaires<\/p>\n<p>travail sur le b\u00e9gaiement et les probl\u00e8mes de langage<\/p>\n<p>combat les otites et bourdonnements<\/p>\n<p>Soulage les saut humeur<\/p>\n<p>aide \u00e0 prendre du recul pour m\u00e9diter<\/p>\n","protected":false},"featured_media":465,"comment_status":"open","ping_status":"closed","template":"","meta":[],"product_brand":[],"product_cat":[17,37],"product_tag":[],"class_list":{"0":"post-679","1":"product","2":"type-product","3":"status-publish","4":"has-post-thumbnail","6":"product_cat-bracelet","7":"product_cat-sing","9":"first","10":"instock","11":"shipping-taxable","12":"purchasable","13":"product-type-simple"},"jetpack-related-posts":[],"jetpack_sharing_enabled":true,"_links":{"self":[{"href":"https:\/\/ateliersdefred.fr\/index.php?rest_route=\/wp\/v2\/product\/679","targetHints":{"allow":["GET"]}}],"collection":[{"href":"https:\/\/ateliersdefred.fr\/index.php?rest_route=\/wp\/v2\/product"}],"about":[{"href":"https:\/\/ateliersdefred.fr\/index.php?rest_route=\/wp\/v2\/types\/product"}],"replies":[{"embeddable":true,"href":"https:\/\/ateliersdefred.fr\/index.php?rest_route=%2Fwp%2Fv2%2Fcomments&post=679"}],"wp:featuredmedia":[{"embeddable":true,"href":"https:\/\/ateliersdefred.fr\/index.php?rest_route=\/wp\/v2\/media\/465"}],"wp:attachment":[{"href":"https:\/\/ateliersdefred.fr\/index.php?rest_route=%2Fwp%2Fv2%2Fmedia&parent=679"}],"wp:term":[{"taxonomy":"product_brand","embeddable":true,"href":"https:\/\/ateliersdefred.fr\/index.php?rest_route=%2Fwp%2Fv2%2Fproduct_brand&post=679"},{"taxonomy":"product_cat","embeddable":true,"href":"https:\/\/ateliersdefred.fr\/index.php?rest_route=%2Fwp%2Fv2%2Fproduct_cat&post=679"},{"taxonomy":"product_tag","embeddable":true,"href":"https:\/\/ateliersdefred.fr\/index.php?rest_route=%2Fwp%2Fv2%2Fproduct_tag&post=679"}],"curies":[{"name":"wp","href":"https:\/\/api.w.org\/{rel}","templated":true}]}}