{"id":895,"date":"2022-07-27T12:23:11","date_gmt":"2022-07-27T10:23:11","guid":{"rendered":"https:\/\/ateliersdefred.fr\/?post_type=product&#038;p=895"},"modified":"2022-11-21T23:41:58","modified_gmt":"2022-11-21T22:41:58","slug":"roll-on-oeil-de-tigre","status":"publish","type":"product","link":"https:\/\/ateliersdefred.fr\/?product=roll-on-oeil-de-tigre","title":{"rendered":"Roll-on \u0152il de tigre"},"content":{"rendered":"<p>M\u00e9langer les vertus de la lithoth\u00e9rapie et de aromatherapie <\/p>\n","protected":false},"excerpt":{"rendered":"<p>Roll-on en Oeil de tigre<\/p>\n<p>Pierre de protection des \u00e9nergies n\u00e9gatives<\/p>\n<p>Donne du courage et force<\/p>\n<p>Nous aide \u00e0 ce d\u00e9passer nous et nos peurs<\/p>\n<p>Permet de trouver une meilleure digestion<\/p>\n<p>&nbsp;<\/p>\n","protected":false},"featured_media":896,"comment_status":"open","ping_status":"closed","template":"","meta":[],"product_brand":[],"product_cat":[73],"product_tag":[],"class_list":{"0":"post-895","1":"product","2":"type-product","3":"status-publish","4":"has-post-thumbnail","6":"product_cat-roll-on","8":"first","9":"instock","10":"shipping-taxable","11":"purchasable","12":"product-type-simple"},"jetpack-related-posts":[],"jetpack_sharing_enabled":true,"_links":{"self":[{"href":"https:\/\/ateliersdefred.fr\/index.php?rest_route=\/wp\/v2\/product\/895","targetHints":{"allow":["GET"]}}],"collection":[{"href":"https:\/\/ateliersdefred.fr\/index.php?rest_route=\/wp\/v2\/product"}],"about":[{"href":"https:\/\/ateliersdefred.fr\/index.php?rest_route=\/wp\/v2\/types\/product"}],"replies":[{"embeddable":true,"href":"https:\/\/ateliersdefred.fr\/index.php?rest_route=%2Fwp%2Fv2%2Fcomments&post=895"}],"wp:featuredmedia":[{"embeddable":true,"href":"https:\/\/ateliersdefred.fr\/index.php?rest_route=\/wp\/v2\/media\/896"}],"wp:attachment":[{"href":"https:\/\/ateliersdefred.fr\/index.php?rest_route=%2Fwp%2Fv2%2Fmedia&parent=895"}],"wp:term":[{"taxonomy":"product_brand","embeddable":true,"href":"https:\/\/ateliersdefred.fr\/index.php?rest_route=%2Fwp%2Fv2%2Fproduct_brand&post=895"},{"taxonomy":"product_cat","embeddable":true,"href":"https:\/\/ateliersdefred.fr\/index.php?rest_route=%2Fwp%2Fv2%2Fproduct_cat&post=895"},{"taxonomy":"product_tag","embeddable":true,"href":"https:\/\/ateliersdefred.fr\/index.php?rest_route=%2Fwp%2Fv2%2Fproduct_tag&post=895"}],"curies":[{"name":"wp","href":"https:\/\/api.w.org\/{rel}","templated":true}]}}