{"id":939,"date":"2022-10-18T12:48:12","date_gmt":"2022-10-18T10:48:12","guid":{"rendered":"https:\/\/ateliersdefred.fr\/?post_type=product&#038;p=939"},"modified":"2023-07-19T14:10:49","modified_gmt":"2023-07-19T12:10:49","slug":"939","status":"publish","type":"product","link":"https:\/\/ateliersdefred.fr\/?product=939","title":{"rendered":"Bracelet perte de poids"},"content":{"rendered":"<p>Disponible sous plusieurs mod\u00e8les<\/p>\n","protected":false},"excerpt":{"rendered":"<p>Ce bracelet est compos\u00e9es:<\/p>\n<p>APATITE :<\/p>\n<p>-Diminue l\u2019envie de nourriture agit comme un coupe faim<\/p>\n<p>-Am\u00e9liore la qualit\u00e9 du sommeil ce qui favorise la perte de poids et une meilleure sant\u00e9 g\u00e9n\u00e9rale<\/p>\n<p>HOWLITE:<\/p>\n<p>-Lutte contre la r\u00e9tention d\u2019eau<\/p>\n<p>&#8211; Elle fluidifie les fluides pour une meilleur digestion<\/p>\n<p>&#8211; Aide a diminue la cellulite<\/p>\n<p>Mais \u00e9galement profit\u00e9es des autres vertus naturelles de ces pierres.<\/p>\n","protected":false},"featured_media":940,"comment_status":"open","ping_status":"closed","template":"","meta":[],"product_brand":[],"product_cat":[75],"product_tag":[76],"class_list":{"0":"post-939","1":"product","2":"type-product","3":"status-publish","4":"has-post-thumbnail","6":"product_cat-bracelet-specifique","7":"product_tag-weightloss1","9":"first","10":"instock","11":"shipping-taxable","12":"purchasable","13":"product-type-simple"},"jetpack-related-posts":[],"jetpack_sharing_enabled":true,"_links":{"self":[{"href":"https:\/\/ateliersdefred.fr\/index.php?rest_route=\/wp\/v2\/product\/939","targetHints":{"allow":["GET"]}}],"collection":[{"href":"https:\/\/ateliersdefred.fr\/index.php?rest_route=\/wp\/v2\/product"}],"about":[{"href":"https:\/\/ateliersdefred.fr\/index.php?rest_route=\/wp\/v2\/types\/product"}],"replies":[{"embeddable":true,"href":"https:\/\/ateliersdefred.fr\/index.php?rest_route=%2Fwp%2Fv2%2Fcomments&post=939"}],"wp:featuredmedia":[{"embeddable":true,"href":"https:\/\/ateliersdefred.fr\/index.php?rest_route=\/wp\/v2\/media\/940"}],"wp:attachment":[{"href":"https:\/\/ateliersdefred.fr\/index.php?rest_route=%2Fwp%2Fv2%2Fmedia&parent=939"}],"wp:term":[{"taxonomy":"product_brand","embeddable":true,"href":"https:\/\/ateliersdefred.fr\/index.php?rest_route=%2Fwp%2Fv2%2Fproduct_brand&post=939"},{"taxonomy":"product_cat","embeddable":true,"href":"https:\/\/ateliersdefred.fr\/index.php?rest_route=%2Fwp%2Fv2%2Fproduct_cat&post=939"},{"taxonomy":"product_tag","embeddable":true,"href":"https:\/\/ateliersdefred.fr\/index.php?rest_route=%2Fwp%2Fv2%2Fproduct_tag&post=939"}],"curies":[{"name":"wp","href":"https:\/\/api.w.org\/{rel}","templated":true}]}}