{"id":945,"date":"2022-10-18T13:16:34","date_gmt":"2022-10-18T11:16:34","guid":{"rendered":"https:\/\/ateliersdefred.fr\/?post_type=product&#038;p=945"},"modified":"2024-03-28T13:36:11","modified_gmt":"2024-03-28T12:36:11","slug":"bracelet-stress-anxiete-bonheur","status":"publish","type":"product","link":"https:\/\/ateliersdefred.fr\/?product=bracelet-stress-anxiete-bonheur","title":{"rendered":"Bracelet stress, anxi\u00e9t\u00e9, bonheur"},"content":{"rendered":"<blockquote><p>Ce bracelet est confectionn\u00e9 \u00e0 la main 100% artisanal.<\/p>\n<p>Je m\u00e9lange les vertus \u00e9nerg\u00e9tiques et \u00e9sot\u00e9riques des pierres.<\/p>\n<p>Dans le respect de la lithoth\u00e9rapie .<\/p><\/blockquote>\n<p>En combinant ces trois pierres, le bracelet n&rsquo;est pas seulement un accessoire de mode ; il devient un puissant outil de bien-\u00eatre. L&rsquo;am\u00e9thyste apporte la paix int\u00e9rieure, la l\u00e9pidolite stabilise les \u00e9motions, et la pierre de soleil insuffle de la joie et de la vitalit\u00e9. Ensemble, elles cr\u00e9ent un \u00e9quilibre harmonieux, aidant \u00e0 naviguer dans la vie avec s\u00e9r\u00e9nit\u00e9 et assurance.<\/p>\n<p>Il est important de se rappeler que l&rsquo;usage des pierres pour le bien-\u00eatre \u00e9motionnel et mental doit accompagner, et non remplacer, les conseils et traitements propos\u00e9s par des professionnels de sant\u00e9. Leur utilisation peut n\u00e9anmoins apporter un soutien compl\u00e9mentaire dans la qu\u00eate d&rsquo;un mieux-\u00eatre.<\/p>\n","protected":false},"excerpt":{"rendered":"<p>Ce bracelet confectionn\u00e9 la main par mes soins est compos\u00e9 de:<\/p>\n<p>Am\u00e9thyste :<\/p>\n<p>Aide \u00e0 am\u00e9liorer n\u00f4tre sommeil<\/p>\n<p>Chasse nos pens\u00e9es n\u00e9faste<\/p>\n<p>Aide \u00e0 avoir de la d\u00e9tente et de la s\u00e9r\u00e9nit\u00e9<\/p>\n<p>Calme les angoisses<\/p>\n<p>&nbsp;<\/p>\n<p>Pierre de soleil :<\/p>\n<p>Lutte contre la morosit\u00e9<\/p>\n<p>Nous aide \u00e0 surmonter notre tristesse<\/p>\n<p>Apporte rayonnement, bonheur et de la bonne humeur<\/p>\n<p>&nbsp;<\/p>\n<p>Lepidolite<\/p>\n<p>Donne du courage \u00e0 surmonter nos pens\u00e9es<\/p>\n<p>Lutte contre les phobies<\/p>\n<p>Permet de surmonter n\u00f4tre stress<\/p>\n<p>Chasse nos peurs<\/p>\n<p>Mais \u00e9galement profit\u00e9es des autres vertus naturelles de ces pierres.<\/p>\n","protected":false},"featured_media":948,"comment_status":"open","ping_status":"closed","template":"","meta":[],"product_brand":[],"product_cat":[17,75],"product_tag":[77],"class_list":{"0":"post-945","1":"product","2":"type-product","3":"status-publish","4":"has-post-thumbnail","6":"product_cat-bracelet","7":"product_cat-bracelet-specifique","8":"product_tag-stress1","10":"first","11":"instock","12":"purchasable","13":"product-type-simple"},"jetpack-related-posts":[],"jetpack_sharing_enabled":true,"_links":{"self":[{"href":"https:\/\/ateliersdefred.fr\/index.php?rest_route=\/wp\/v2\/product\/945","targetHints":{"allow":["GET"]}}],"collection":[{"href":"https:\/\/ateliersdefred.fr\/index.php?rest_route=\/wp\/v2\/product"}],"about":[{"href":"https:\/\/ateliersdefred.fr\/index.php?rest_route=\/wp\/v2\/types\/product"}],"replies":[{"embeddable":true,"href":"https:\/\/ateliersdefred.fr\/index.php?rest_route=%2Fwp%2Fv2%2Fcomments&post=945"}],"wp:featuredmedia":[{"embeddable":true,"href":"https:\/\/ateliersdefred.fr\/index.php?rest_route=\/wp\/v2\/media\/948"}],"wp:attachment":[{"href":"https:\/\/ateliersdefred.fr\/index.php?rest_route=%2Fwp%2Fv2%2Fmedia&parent=945"}],"wp:term":[{"taxonomy":"product_brand","embeddable":true,"href":"https:\/\/ateliersdefred.fr\/index.php?rest_route=%2Fwp%2Fv2%2Fproduct_brand&post=945"},{"taxonomy":"product_cat","embeddable":true,"href":"https:\/\/ateliersdefred.fr\/index.php?rest_route=%2Fwp%2Fv2%2Fproduct_cat&post=945"},{"taxonomy":"product_tag","embeddable":true,"href":"https:\/\/ateliersdefred.fr\/index.php?rest_route=%2Fwp%2Fv2%2Fproduct_tag&post=945"}],"curies":[{"name":"wp","href":"https:\/\/api.w.org\/{rel}","templated":true}]}}