{"id":949,"date":"2022-10-19T09:38:05","date_gmt":"2022-10-19T07:38:05","guid":{"rendered":"https:\/\/ateliersdefred.fr\/?post_type=product&#038;p=949"},"modified":"2023-07-19T14:10:11","modified_gmt":"2023-07-19T12:10:11","slug":"bracelet-prosperite-et-abondance","status":"publish","type":"product","link":"https:\/\/ateliersdefred.fr\/?product=bracelet-prosperite-et-abondance","title":{"rendered":"Bracelet prosp\u00e9rit\u00e9 et abondance"},"content":{"rendered":"<blockquote><p>Ce bracelet est confectionn\u00e9 \u00e0 la main 100% artisanal.<\/p>\n<p>&nbsp;<\/p>\n<p>Je m\u00e9lange les vertus \u00e9nerg\u00e9tiques et \u00e9sot\u00e9riques des pierres.<\/p>\n<p>&nbsp;<\/p>\n<p>Dans le respect de la lithoth\u00e9rapie .<\/p>\n<p>&nbsp;<\/p>\n<p>&nbsp;<\/p><\/blockquote>\n<p><strong>la lithotherapie reste du bien \u00eatre et ne remplace en aucun cas un avis m\u00e9dical, aucun soin ou traitement ne doit \u00eatre arr\u00eat\u00e9<\/strong><\/p>\n","protected":false},"excerpt":{"rendered":"<p>CITRINE<\/p>\n<p>-Apaise l&rsquo;esprit en r\u00e9fl\u00e9chissant moins<\/p>\n<p>-Apporte plus de confiance en soi<\/p>\n<p>-Attire l\u2019abondance<\/p>\n<p>-Aide a avoir une meilleure concentration<\/p>\n<p>JADE NEPHRITE<\/p>\n<p>-Apporte de la chance<\/p>\n<p>-Attire la prosp\u00e9rit\u00e9<\/p>\n<p>-Aide a \u00eatre meilleur n\u00e9gociateur<\/p>\n<p>PYRITE<\/p>\n<p>-Ravive la m\u00e9moire<\/p>\n<p>-Aide a acqu\u00e9rir un meilleur sens de l&rsquo;organisation<\/p>\n<p>-Favorise les capacit\u00e9s intellectuelles<\/p>\n<p>&nbsp;<\/p>\n<p>Mais \u00e9galement profit\u00e9es des autres vertus naturelles de ces pierres.<\/p>\n","protected":false},"featured_media":950,"comment_status":"open","ping_status":"closed","template":"","meta":[],"product_brand":[],"product_cat":[17,75],"product_tag":[78],"class_list":{"0":"post-949","1":"product","2":"type-product","3":"status-publish","4":"has-post-thumbnail","6":"product_cat-bracelet","7":"product_cat-bracelet-specifique","8":"product_tag-prospeabon","10":"first","11":"instock","12":"shipping-taxable","13":"purchasable","14":"product-type-simple"},"jetpack-related-posts":[],"jetpack_sharing_enabled":true,"_links":{"self":[{"href":"https:\/\/ateliersdefred.fr\/index.php?rest_route=\/wp\/v2\/product\/949","targetHints":{"allow":["GET"]}}],"collection":[{"href":"https:\/\/ateliersdefred.fr\/index.php?rest_route=\/wp\/v2\/product"}],"about":[{"href":"https:\/\/ateliersdefred.fr\/index.php?rest_route=\/wp\/v2\/types\/product"}],"replies":[{"embeddable":true,"href":"https:\/\/ateliersdefred.fr\/index.php?rest_route=%2Fwp%2Fv2%2Fcomments&post=949"}],"wp:featuredmedia":[{"embeddable":true,"href":"https:\/\/ateliersdefred.fr\/index.php?rest_route=\/wp\/v2\/media\/950"}],"wp:attachment":[{"href":"https:\/\/ateliersdefred.fr\/index.php?rest_route=%2Fwp%2Fv2%2Fmedia&parent=949"}],"wp:term":[{"taxonomy":"product_brand","embeddable":true,"href":"https:\/\/ateliersdefred.fr\/index.php?rest_route=%2Fwp%2Fv2%2Fproduct_brand&post=949"},{"taxonomy":"product_cat","embeddable":true,"href":"https:\/\/ateliersdefred.fr\/index.php?rest_route=%2Fwp%2Fv2%2Fproduct_cat&post=949"},{"taxonomy":"product_tag","embeddable":true,"href":"https:\/\/ateliersdefred.fr\/index.php?rest_route=%2Fwp%2Fv2%2Fproduct_tag&post=949"}],"curies":[{"name":"wp","href":"https:\/\/api.w.org\/{rel}","templated":true}]}}