{"id":958,"date":"2022-10-19T12:25:21","date_gmt":"2022-10-19T10:25:21","guid":{"rendered":"https:\/\/ateliersdefred.fr\/?post_type=product&#038;p=958"},"modified":"2023-07-19T14:10:24","modified_gmt":"2023-07-19T12:10:24","slug":"bracelet-4-protections","status":"publish","type":"product","link":"https:\/\/ateliersdefred.fr\/?product=bracelet-4-protections","title":{"rendered":"Bracelet 4 protections"},"content":{"rendered":"<blockquote><p>Ce bracelet est confectionn\u00e9 \u00e0 la main 100% artisanal.<\/p>\n<p>Je m\u00e9lange les vertus \u00e9nerg\u00e9tiques et \u00e9sot\u00e9riques des pierres.<\/p>\n<p>Dans le respect de la lithoth\u00e9rapie .<\/p>\n<p>&nbsp;<\/p><\/blockquote>\n<p>&nbsp;<\/p>\n<p>&nbsp;<\/p>\n<p><strong>la lithotherapie reste du bien \u00eatre et ne remplace en aucun cas un avis m\u00e9dical, aucun soin ou traitement ne doit \u00eatre arr\u00eat\u00e9\u00a0<\/strong><\/p>\n","protected":false},"excerpt":{"rendered":"<p>Protection 4 Pierres<\/p>\n<p>\u0152il-de-tigre:<\/p>\n<p>-\u00c9loigne l&rsquo;\u00e9nergie n\u00e9gative \u00e0 celui qui le porte<\/p>\n<p>-Pierre de protection et de bienveillance<\/p>\n<p>-Aide \u00e0 surmonter nos peurs<\/p>\n<p>\u0152il de taureau<\/p>\n<p>-Permet de comprendre et prendre conscience de nos d\u00e9fauts<\/p>\n<p>-Contre les influences ext\u00e9rieurs<\/p>\n<p>Onyx (agate noir)<\/p>\n<p>-Pierre qui \u00e9quilibre le psychique et le physique<\/p>\n<p>-Agate porte bonheur<\/p>\n<p>H\u00e9matite<\/p>\n<p>-Pierre d&rsquo;ancrage et d&rsquo;harmonie<\/p>\n<p>-Donne courage force vitalit\u00e9<\/p>\n<p>-Pierre riche en fer connue pour sa robustesse<\/p>\n<p>&nbsp;<\/p>\n<p>Mais \u00e9galement profit\u00e9es des autres vertus naturelles de ces pierres.<\/p>\n<p>&nbsp;<\/p>\n","protected":false},"featured_media":954,"comment_status":"open","ping_status":"closed","template":"","meta":[],"product_brand":[],"product_cat":[17,75],"product_tag":[79],"class_list":{"0":"post-958","1":"product","2":"type-product","3":"status-publish","4":"has-post-thumbnail","6":"product_cat-bracelet","7":"product_cat-bracelet-specifique","8":"product_tag-4shield","10":"first","11":"instock","12":"shipping-taxable","13":"purchasable","14":"product-type-simple"},"jetpack-related-posts":[],"jetpack_sharing_enabled":true,"_links":{"self":[{"href":"https:\/\/ateliersdefred.fr\/index.php?rest_route=\/wp\/v2\/product\/958","targetHints":{"allow":["GET"]}}],"collection":[{"href":"https:\/\/ateliersdefred.fr\/index.php?rest_route=\/wp\/v2\/product"}],"about":[{"href":"https:\/\/ateliersdefred.fr\/index.php?rest_route=\/wp\/v2\/types\/product"}],"replies":[{"embeddable":true,"href":"https:\/\/ateliersdefred.fr\/index.php?rest_route=%2Fwp%2Fv2%2Fcomments&post=958"}],"wp:featuredmedia":[{"embeddable":true,"href":"https:\/\/ateliersdefred.fr\/index.php?rest_route=\/wp\/v2\/media\/954"}],"wp:attachment":[{"href":"https:\/\/ateliersdefred.fr\/index.php?rest_route=%2Fwp%2Fv2%2Fmedia&parent=958"}],"wp:term":[{"taxonomy":"product_brand","embeddable":true,"href":"https:\/\/ateliersdefred.fr\/index.php?rest_route=%2Fwp%2Fv2%2Fproduct_brand&post=958"},{"taxonomy":"product_cat","embeddable":true,"href":"https:\/\/ateliersdefred.fr\/index.php?rest_route=%2Fwp%2Fv2%2Fproduct_cat&post=958"},{"taxonomy":"product_tag","embeddable":true,"href":"https:\/\/ateliersdefred.fr\/index.php?rest_route=%2Fwp%2Fv2%2Fproduct_tag&post=958"}],"curies":[{"name":"wp","href":"https:\/\/api.w.org\/{rel}","templated":true}]}}